{"id":6011,"date":"2024-08-01T18:41:56","date_gmt":"2024-08-01T18:41:56","guid":{"rendered":"https:\/\/nationaalonderduikmuseum.nl\/freedom-programme\/word-cloud\/wortwolke\/"},"modified":"2026-04-05T21:51:12","modified_gmt":"2026-04-05T21:51:12","slug":"wortwolke","status":"publish","type":"page","link":"https:\/\/nationaalonderduikmuseum.nl\/en\/freedom-programme\/word-cloud\/wortwolke\/","title":{"rendered":"wortwolke"},"content":{"rendered":"<p><div class=\"fusion-fullwidth fullwidth-box fusion-builder-row-1 fusion-flex-container has-pattern-background has-mask-background nonhundred-percent-fullwidth non-hundred-percent-height-scrolling\" style=\"--awb-border-radius-top-left:0px;--awb-border-radius-top-right:0px;--awb-border-radius-bottom-right:0px;--awb-border-radius-bottom-left:0px;--awb-padding-top:0px;--awb-padding-bottom:0px;--awb-margin-top:30px;--awb-margin-bottom:0px;--awb-flex-wrap:wrap;\" ><div class=\"fusion-builder-row fusion-row fusion-flex-align-items-flex-start fusion-flex-content-wrap\" style=\"max-width:1456px;margin-left: calc(-4% \/ 2 );margin-right: calc(-4% \/ 2 );\"><div class=\"fusion-layout-column fusion_builder_column fusion-builder-column-0 fusion_builder_column_1_1 1_1 fusion-flex-column\" style=\"--awb-bg-size:cover;--awb-width-large:100%;--awb-margin-top-large:0px;--awb-spacing-right-large:1.92%;--awb-margin-bottom-large:20px;--awb-spacing-left-large:1.92%;--awb-width-medium:100%;--awb-order-medium:0;--awb-spacing-right-medium:1.92%;--awb-spacing-left-medium:1.92%;--awb-width-small:100%;--awb-order-small:0;--awb-spacing-right-small:1.92%;--awb-spacing-left-small:1.92%;\"><div class=\"fusion-column-wrapper fusion-column-has-shadow fusion-flex-justify-content-flex-start fusion-content-layout-column\"><div class=\"fusion-title title fusion-title-1 fusion-sep-none fusion-title-text fusion-title-size-three\" style=\"--awb-margin-top-small:8px;--awb-margin-right-small:0px;--awb-margin-bottom-small:16px;--awb-margin-left-small:0px;\"><h3 class=\"fusion-title-heading title-heading-left fusion-responsive-typography-calculated\" style=\"margin:0;--fontSize:48;line-height:1.2;\"><h1>Wortwolke der Freiheit<\/h1><\/h3><\/div><\/div><\/div><div class=\"fusion-layout-column fusion_builder_column fusion-builder-column-1 fusion_builder_column_1_2 1_2 fusion-flex-column\" style=\"--awb-bg-size:cover;--awb-width-large:50%;--awb-margin-top-large:0px;--awb-spacing-right-large:3.84%;--awb-margin-bottom-large:20px;--awb-spacing-left-large:3.84%;--awb-width-medium:50%;--awb-order-medium:0;--awb-spacing-right-medium:3.84%;--awb-spacing-left-medium:3.84%;--awb-width-small:100%;--awb-order-small:0;--awb-spacing-right-small:1.92%;--awb-spacing-left-small:1.92%;\"><div class=\"fusion-column-wrapper fusion-column-has-shadow fusion-flex-justify-content-flex-start fusion-content-layout-column\"><div class=\"fusion-text fusion-text-1\"><p>Eine Wortwolke sieht auf den ersten Blick aus wie ein h\u00fcbsches Bild, das aus einzelnen W\u00f6rtern eines beliebigen Textes besteht. But eine Wortwolke ist mehr als das. Die Gr\u00f6\u00dfe der W\u00f6rter zeigt, wie oft ein Wort in einem Text verwendet wurde.  <\/p>\n<p>Our word cloud was created from the competition &#8220;What does freedom mean to you?&#8221; We asked the residents of the Achterhoek, the Liemers, and the German border region to express their sense of freedom in words, drawings, or photographs. <\/p>\n<p>Did you want to know that you can play an exciting game with the Wortwolke? Welche Gedanken kommen dir in den Sinn, wenn du ein bestimmtes Wort aus der Wortwolke siehst? Welche Ideen entstehen, welche Fragen tauchen auf? Unten findest du einige Tipps, um mit der Wortwolke zu arbeiten.   <\/p>\n<\/div><\/div><\/div><div class=\"fusion-layout-column fusion_builder_column fusion-builder-column-2 fusion_builder_column_1_2 1_2 fusion-flex-column\" style=\"--awb-padding-left:81px;--awb-bg-size:cover;--awb-width-large:50%;--awb-margin-top-large:0px;--awb-spacing-right-large:3.84%;--awb-margin-bottom-large:20px;--awb-spacing-left-large:3.84%;--awb-width-medium:50%;--awb-order-medium:0;--awb-spacing-right-medium:3.84%;--awb-spacing-left-medium:3.84%;--awb-width-small:100%;--awb-order-small:0;--awb-spacing-right-small:1.92%;--awb-spacing-left-small:1.92%;\"><div class=\"fusion-column-wrapper fusion-column-has-shadow fusion-flex-justify-content-flex-start fusion-content-layout-column\"><div class=\"fusion-image-element \" style=\"--awb-caption-title-font-family:var(--h2_typography-font-family);--awb-caption-title-font-weight:var(--h2_typography-font-weight);--awb-caption-title-font-style:var(--h2_typography-font-style);--awb-caption-title-size:var(--h2_typography-font-size);--awb-caption-title-transform:var(--h2_typography-text-transform);--awb-caption-title-line-height:var(--h2_typography-line-height);--awb-caption-title-letter-spacing:var(--h2_typography-letter-spacing);\"><span class=\" fusion-imageframe imageframe-none imageframe-1 hover-type-none\"><img decoding=\"async\" width=\"400\" height=\"400\" alt=\"Wortwolke mit Worten aus den Aufs\u00e4tzen des Schreibwettbewerbs &quot;Worte der Freiheit&quot;\" title=\"Wordcloud-FREIHEIT\" src=\"https:\/\/nationaalonderduikmuseum.nl\/wp-content\/uploads\/2024\/08\/Wordcloud-FREIHEIT-1-400x400.png\" class=\"img-responsive wp-image-2595\" srcset=\"https:\/\/nationaalonderduikmuseum.nl\/wp-content\/uploads\/2024\/08\/Wordcloud-FREIHEIT-1-200x200.png 200w, https:\/\/nationaalonderduikmuseum.nl\/wp-content\/uploads\/2024\/08\/Wordcloud-FREIHEIT-1-400x400.png 400w, https:\/\/nationaalonderduikmuseum.nl\/wp-content\/uploads\/2024\/08\/Wordcloud-FREIHEIT-1-600x600.png 600w, https:\/\/nationaalonderduikmuseum.nl\/wp-content\/uploads\/2024\/08\/Wordcloud-FREIHEIT-1-800x800.png 800w, https:\/\/nationaalonderduikmuseum.nl\/wp-content\/uploads\/2024\/08\/Wordcloud-FREIHEIT-1-1200x1200.png 1200w, https:\/\/nationaalonderduikmuseum.nl\/wp-content\/uploads\/2024\/08\/Wordcloud-FREIHEIT-1.png 1500w\" sizes=\"(max-width: 800px) 100vw, 600px\" \/><\/span><\/div><div class=\"fusion-text fusion-text-2\"><p>Zum Vergr\u00f6\u00dfern auf das Bild klicken<\/p>\n<\/div><\/div><\/div><\/div><\/div><div class=\"fusion-fullwidth fullwidth-box fusion-builder-row-2 fusion-flex-container has-pattern-background has-mask-background nonhundred-percent-fullwidth non-hundred-percent-height-scrolling\" style=\"--awb-border-radius-top-left:0px;--awb-border-radius-top-right:0px;--awb-border-radius-bottom-right:0px;--awb-border-radius-bottom-left:0px;--awb-padding-top:15px;--awb-padding-bottom:0px;--awb-margin-top:0px;--awb-margin-bottom:0px;--awb-flex-wrap:wrap;\" ><div class=\"fusion-builder-row fusion-row fusion-flex-align-items-flex-start fusion-flex-content-wrap\" style=\"max-width:1456px;margin-left: calc(-4% \/ 2 );margin-right: calc(-4% \/ 2 );\"><div class=\"fusion-layout-column fusion_builder_column fusion-builder-column-3 fusion_builder_column_1_1 1_1 fusion-flex-column\" style=\"--awb-bg-size:cover;--awb-width-large:100%;--awb-margin-top-large:0px;--awb-spacing-right-large:1.92%;--awb-margin-bottom-large:20px;--awb-spacing-left-large:1.92%;--awb-width-medium:100%;--awb-order-medium:0;--awb-spacing-right-medium:1.92%;--awb-spacing-left-medium:1.92%;--awb-width-small:100%;--awb-order-small:0;--awb-spacing-right-small:1.92%;--awb-spacing-left-small:1.92%;\"><div class=\"fusion-column-wrapper fusion-column-has-shadow fusion-flex-justify-content-flex-start fusion-content-layout-column\"><div class=\"fusion-text fusion-text-3\"><h2 class=\"fusion-responsive-typography-calculated\" style=\"--fontsize: 48; line-height: 1.2;\" data-fontsize=\"48\" data-lineheight=\"57.6px\"><\/h2>\n<h2 class=\"fusion-responsive-typography-calculated\" style=\"--fontsize: 48; line-height: 1.2;\" data-fontsize=\"48\" data-lineheight=\"57.6px\"><span style=\"color: var(--h4_typography-color); font-family: var(--h4_typography-font-family); font-size: var(--h4_typography-font-size); font-style: var(--h4_typography-font-style,normal); font-weight: var(--h4_typography-font-weight); letter-spacing: var(--h4_typography-letter-spacing); text-transform: var(--h4_typography-text-transform); text-align: var(--awb-content-alignment); background-color: var(--awb-bg-color-hover);\">Allein<\/span><\/h2>\n<p>Setze dich vor die Wortwolke und stich (zum Beispiel mit einer Nadel) blind auf ein Wort. Das Wort, das du treffen hast, verbindest du mit dem Wort Freiheit, indem du die Frage beantwortest: &#8220;Welche Verbindung hat dieses Wort mit Freiheit?&#8221; <\/p>\n<p>Zum Beispiel: Du hast auf das Wort Grenzen gestochen. Dann fragst du dich, was Freiheit mit Grenzen zu tun hat. The trick is, your pleasure simply flew and searched, they know why. Sei aufmerksam \u2013 they come and go fast!   <\/p>\n<p>For undoubted people, all these casualties can be repeated. Also when you are all in work. Cry is quickly a pair of Stichw\u00f6rter zu deinen Gedanken auf.  <\/p>\n<p>Zum Beispiel:<\/p>\n<ul>\n<li>Freedom is limited.<\/li>\n<li>Without limits you feel like freedom.<\/li>\n<li>Es gibt L\u00e4nder ohne Freiheit.<\/li>\n<li>Freiheit muss erk\u00e4mpft werden.<\/li>\n<\/ul>\n<p>Each of these fl\u00fcchtigen Gedanken can be selected for an outstanding history or idea over freedom. You will be ready to do as quickly as you can get used to this creative method! <\/p>\n<h4 class=\"fusion-responsive-typography-calculated\" style=\"--fontsize: 36; line-height: 1.2;\" data-fontsize=\"36\" data-lineheight=\"43.2px\">Zu zweit (1)<\/h4>\n<p>Legt die Wortwolke zwischen euch. Abwechselnd zeigt ihr auf ein Wort und fragt den anderen, welche Verbindung es mit Freiheit hat. Am excitingst ist es nat\u00fcrlich, W\u00f6rter zu w\u00e4hlen, bei denen euch selbst nicht sofort eine Antwort einf\u00e4llt \u2013 zum Beispiel Nebel oder begegnet.  <\/p>\n<p>Auch hier gilt: Achte auf deine ersten Gedanken, denn sie sind oft die richtigen. Zuerst kommt das Gef\u00fchl einer Verbindung, dann die Geschichte. <\/p>\n<p>Zum Beispiel k\u00f6nnte dir beim Wort begegnet (eine Form von begegnen, also jemandem gegen\u00fcbertreten) einfallen, wie schwierig es manchmal ist, auf fremde Menschen zuzugehen. Daf\u00fcr man braucht eine certain inner Freiheit. Does man die Freiheit oder nicht? Warum ist das so? Hast du das schon einmal erlebt?    <\/p>\n<p>Genug Gespr\u00e4chsstoff! Auch wenn ihr euch mit dieser Methode herausfordert, sollte die Neugier im Vordergrund stehen. <\/p>\n<h4 class=\"fusion-responsive-typography-calculated\" style=\"--fontsize: 36; line-height: 1.2;\" data-fontsize=\"36\" data-lineheight=\"43.2px\">Zu zweit (2)<\/h4>\n<p>Ein Schritt weiter: Wieder zeigt dein Gegen\u00fcber dir W\u00f6rter. But this is not just a thing, without it! Und Freiheitbleibt das Basiswort. Jetzt ist kreatives Denken gefragt.   <\/p>\n<p>Zum Beispiel:<\/p>\n<p>Du bekommst die W\u00f6rter tragen und anonym und sollst sie mit Freiheit verbinden. Oft entstehen dabei sofort erste Geschichten. You think about the second world war, in the young people in the middle of the world, they have to be able to make a difference. Other families who fly and wear them with great booklet times, to override a fluss.   <\/p>\n<p>Es ist erstaunlich, wie fast immer eine Verbindung gefunden werden kann. Und wenn dir keine einf\u00e4llt, dann bestimmt deinem Partner oder deiner Partnerin. <\/p>\n<p>Exceptionally, this method also functions wonderfully with children!<\/p>\n<h4>In der Class (1)<\/h4>\n<p>Setzen Sie sich vor die Wortwolke und stechen Sie blind (mit einer Nadel oder etwas \u00c4hnlichem) in die Wortwolke. Verbinden sie das auf diese Weise von Ihnen gew\u00e4hlte Wort mit dem Wort &#8220;Freiheit&#8221;, indem Sie eine Antwort auf die Frage formulieren: &#8220;Welchen Zusammenhang hat das von Ihnen gew\u00e4hlte Wort mit Freiheit? <\/p>\n<p><em>Beispiel:<\/em> Sie stie\u00dfen die Nadel in das Wort &#8220;Grenzen&#8221;. Dann fragen Sie sich selbst, welchen Zusammenhang es zwischen Freiheit und Grenzen gibt. Die Kunst ist es, dann Ihren Gedanken freien Lauf zu geben und zu versuchen, zu behalten, welche Gedanken Ihnen durch den Kopf schie\u00dfen. Say hello! Sie kommen schnell vom Thema ab. For untrained people wird es sicher zun\u00e4chst schwierig, alle Gedanken festzuhalten. Auch wenn Sie allein arbeiten. Notieren Sie sich doch einfach kurze Stichworte zu Ihren Gedanken.       <\/p>\n<p><em>Example:<\/em> Freedom is limited. Without limits you feel like freedom. Es gibt L\u00e4nder ohne Freiheit. Freedom must be fought for, etc. etc. <\/p>\n<p>Each of the vorbeischie\u00dfenden Gedanken k\u00f6nnen Sie zu einer umfangreichen Geschichte und Ideen \u00fcber Freiheit ausarbeiten. They are first to be dried, as quickly as they are quickly art, to collect their ideas. <\/p>\n<h4>In der Class (2)<\/h4>\n<p>In Gruppen von drei oder vier Kindern. Jede Gruppe bekommt von der Lehrkraft oder einer anderen Gruppe drei W\u00f6rter \u2013 zum Beispiel Medizin, sprechen und Urlaub. Die Gruppe erfindet eine Geschichte, die diese drei W\u00f6rter mit Freiheitverbindet.  <\/p>\n<p>The history can be seen in the class or as small ones are played for!<\/p>\n<p>Hinweis:<\/p>\n<p>The children are ready to be one who has been associated with them. Aber keine Sorge \u2013 das kann man trainieren! Und es ist eine F\u00e4higkeit, die ihnen ihr ganzes Leben lang n\u00fctzlich sein wird.  <\/p>\n<p>For other ideas and inspiration: <a href=\"mailto:info@theaterdokter.nl\">info@theaterdokter.nl<\/a><\/p>\n<\/div><\/div><\/div><\/div><\/div><\/p>\n","protected":false},"excerpt":{"rendered":"","protected":false},"author":4,"featured_media":0,"parent":5981,"menu_order":0,"comment_status":"closed","ping_status":"closed","template":"","meta":{"footnotes":""},"class_list":["post-6011","page","type-page","status-publish","hentry"],"aioseo_notices":[],"_links":{"self":[{"href":"https:\/\/nationaalonderduikmuseum.nl\/en\/wp-json\/wp\/v2\/pages\/6011","targetHints":{"allow":["GET"]}}],"collection":[{"href":"https:\/\/nationaalonderduikmuseum.nl\/en\/wp-json\/wp\/v2\/pages"}],"about":[{"href":"https:\/\/nationaalonderduikmuseum.nl\/en\/wp-json\/wp\/v2\/types\/page"}],"author":[{"embeddable":true,"href":"https:\/\/nationaalonderduikmuseum.nl\/en\/wp-json\/wp\/v2\/users\/4"}],"replies":[{"embeddable":true,"href":"https:\/\/nationaalonderduikmuseum.nl\/en\/wp-json\/wp\/v2\/comments?post=6011"}],"version-history":[{"count":12,"href":"https:\/\/nationaalonderduikmuseum.nl\/en\/wp-json\/wp\/v2\/pages\/6011\/revisions"}],"predecessor-version":[{"id":7002,"href":"https:\/\/nationaalonderduikmuseum.nl\/en\/wp-json\/wp\/v2\/pages\/6011\/revisions\/7002"}],"up":[{"embeddable":true,"href":"https:\/\/nationaalonderduikmuseum.nl\/en\/wp-json\/wp\/v2\/pages\/5981"}],"wp:attachment":[{"href":"https:\/\/nationaalonderduikmuseum.nl\/en\/wp-json\/wp\/v2\/media?parent=6011"}],"curies":[{"name":"wp","href":"https:\/\/api.w.org\/{rel}","templated":true}]}}