{"id":5144,"date":"2024-01-08T15:15:11","date_gmt":"2024-01-08T15:15:11","guid":{"rendered":"https:\/\/nationaalonderduikmuseum.nl\/about-us\/partners\/"},"modified":"2026-04-01T07:27:49","modified_gmt":"2026-04-01T07:27:49","slug":"partners","status":"publish","type":"page","link":"https:\/\/nationaalonderduikmuseum.nl\/en\/about-us\/partners\/","title":{"rendered":"Partners"},"content":{"rendered":"<div class=\"fusion-fullwidth fullwidth-box fusion-builder-row-1 fusion-flex-container has-pattern-background has-mask-background nonhundred-percent-fullwidth non-hundred-percent-height-scrolling\" style=\"--awb-border-radius-top-left:0px;--awb-border-radius-top-right:0px;--awb-border-radius-bottom-right:0px;--awb-border-radius-bottom-left:0px;--awb-padding-top:50px;--awb-padding-bottom:0px;--awb-flex-wrap:wrap;\" ><div class=\"fusion-builder-row fusion-row fusion-flex-align-items-flex-start fusion-flex-content-wrap\" style=\"max-width:1456px;margin-left: calc(-4% \/ 2 );margin-right: calc(-4% \/ 2 );\"><div class=\"fusion-layout-column fusion_builder_column fusion-builder-column-0 fusion_builder_column_1_1 1_1 fusion-flex-column\" style=\"--awb-bg-size:cover;--awb-width-large:100%;--awb-margin-top-large:0px;--awb-spacing-right-large:1.92%;--awb-margin-bottom-large:20px;--awb-spacing-left-large:1.92%;--awb-width-medium:100%;--awb-order-medium:0;--awb-spacing-right-medium:1.92%;--awb-spacing-left-medium:1.92%;--awb-width-small:100%;--awb-order-small:0;--awb-spacing-right-small:1.92%;--awb-spacing-left-small:1.92%;\"><div class=\"fusion-column-wrapper fusion-column-has-shadow fusion-flex-justify-content-flex-start fusion-content-layout-column\"><div class=\"fusion-title title fusion-title-1 fusion-sep-none fusion-title-text fusion-title-size-one\" style=\"--awb-margin-bottom:0px;--awb-margin-top-small:8px;--awb-margin-right-small:0px;--awb-margin-bottom-small:16px;--awb-margin-left-small:0px;\"><h1 class=\"fusion-title-heading title-heading-left fusion-responsive-typography-calculated\" style=\"margin:0;--fontSize:64;line-height:1.25;\"><h4>Partners<\/h4><\/h1><\/div><\/div><\/div><div class=\"fusion-layout-column fusion_builder_column fusion-builder-column-1 fusion_builder_column_1_2 1_2 fusion-flex-column\" style=\"--awb-bg-size:cover;--awb-width-large:50%;--awb-margin-top-large:0px;--awb-spacing-right-large:3.84%;--awb-margin-bottom-large:20px;--awb-spacing-left-large:3.84%;--awb-width-medium:50%;--awb-order-medium:0;--awb-spacing-right-medium:3.84%;--awb-spacing-left-medium:3.84%;--awb-width-small:100%;--awb-order-small:0;--awb-spacing-right-small:1.92%;--awb-spacing-left-small:1.92%;\"><div class=\"fusion-column-wrapper fusion-column-has-shadow fusion-flex-justify-content-flex-start fusion-content-layout-column\"><div class=\"fusion-text fusion-text-1\"><p><strong><a href=\"https:\/\/www.stadt-muenster.de\/nl\/villa-ten-hompel\/welkom\" target=\"_blank\" rel=\"noopener\">Geschichtsort Villa ten Hompel<\/a><br \/>\n<\/strong><em>Villa ten Hompel was originally a villa built by the wealthy Rudolf ten Hompel. During the Second World War, the villa served as the headquarters for the regional uniformed police of military unit VI. As such, it became a coordination point from which officials and armed police units committed crimes in the service of National Socialism. In the post-war period, between 1954 and 1968, the villa housed the regional department for restitution to the victims of the Nazi regime.   <\/em><strong><br \/>\n<\/strong><\/p>\n<p><a href=\"https:\/\/gedenkstaetten-augustaschacht-osnabrueck.de\/nl\/\" target=\"_blank\" rel=\"noopener\"><strong>Gedenkst\u00e4tte Augustaschacht e.V.<\/strong><\/a><em><br \/>\nThe Gedenkst\u00e4tte Gestapokeller consists of prison cells formerly used by the Secret State Police (Gestapo) in Osnabr\u00fcck. Nearby is the Gedenkst\u00e4tte Augustaschacht, located on the site of the former Ohrbeck Labour Education Camp (AEL).<br \/>\n<\/em><\/p>\n<p><a href=\"https:\/\/www.uni-muenster.de\/ZNS\/\" target=\"_blank\" rel=\"noopener\"><strong>Zentrum f\u00fcr Niederlande Studien<\/strong><\/a><em><br \/>\nThe Centre for Netherlands Studies is the academic centre of excellence for Dutch research and German-Dutch relations in Europe. It provides essential expertise and knowledge through its activities in education, research, and knowledge transfer.<br \/>\n<\/em><\/p>\n<p><a href=\"https:\/\/www.uni-muenster.de\/en\/\" target=\"_blank\" rel=\"noopener\"><strong>University of M\u00fcnster<\/strong><\/a><\/p>\n<p><a href=\"https:\/\/www.kult-westmuensterland.de\/nl\/kult\/\" target=\"_blank\" rel=\"noopener\"><strong>Kulturhistorisches Zentrum Westm\u00fcnsterland<\/strong><\/a><br \/>\n<em>kult in Vreden combines state-of-the-art architecture, museum work, research, and science like almost no other place in West Germany.<\/em><\/p>\n<p><a href=\"https:\/\/www.lwl-medienzentrum.de\/de\/\" target=\"_blank\" rel=\"noopener\"><strong>LWL-Medienzentrum f\u00fcr Westfalen Lippe<\/strong><\/a><br \/>\n<em>The LWL Media Centre for Westphalia in M\u00fcnster is a public educational and cultural institution of the Westphalia-Lippe regional association.<\/em> <\/p>\n<p><strong><a href=\"https:\/\/www.pankok.de\/\" target=\"_blank\" rel=\"noopener\">Pankok Museum &#8211; H\u00fcnxe<\/a><br \/>\n<\/strong><em>In 1968\u2014two years after the death of the artist Otto Pankok\u2014his wife Hulda and daughter Eva founded the Otto Pankok Society to ensure the continued operation of the museum.<\/em><\/p>\n<p><a href=\"http:\/\/www.humberghaus.de\/index.php?show=start_nl\" target=\"_blank\" rel=\"noopener\"><strong>Historysort Humberghaus<\/strong><\/a><br \/>\n<em>The Jewish Humberg family lived in the house at Hohen Stra\u00dfe 13 in Dingden until 1941. Due to tragic events, the traces of this German family were nearly erased forever. Fortunately, members of the Dingden Historical Society took it upon themselves to preserve the history of the house and its former residents. <\/em><\/p>\n<p><a href=\"https:\/\/farb.borken.de\" target=\"_blank\" rel=\"noopener\"><strong>FARB Forum Altes Rathaus &#8211; Borken<\/strong><\/a><\/p>\n<p><a href=\"https:\/\/pan-forum.de\/nl\/\" target=\"_blank\" rel=\"noopener\"><strong>Pan Kunstforum Niederrhein<\/strong><\/a><\/p>\n<p><strong><a href=\"https:\/\/erfgoedgelderland.nl\/\" target=\"_blank\" rel=\"noopener\">Erfgoed Gelderland<\/a><br \/>\n<\/strong><em>The Erfgoed Gelderland Heritage Foundation supports the heritage sector in Gelderland in the sustainable management of collections and the sharing of heritage stories. We aim to stimulate mutual cooperation and contribute to a sustainable, diverse, and inclusive heritage sector that is relevant today and prepared for the future. Together, giving the past a future.  <\/em><\/p>\n<p><a href=\"https:\/\/oorlogsgravenstichting.nl\/\" target=\"_blank\" rel=\"noopener\"><strong>War Graves Foundation<\/strong><\/a><br \/>\n<em>The Oorlogsgravenstichting (War Grave Foundation) has registered 180,000 people as war victims in the Netherlands. These are men, women, and children who lost their lives during the Second World War or during violent conflicts thereafter\u2014such as in the former Dutch East Indies and during recent peace missions. Each of these people has a story, however brief or simple. The foundation aims to keep the memory of these individuals alive.   <\/em><\/p>\n<p><a href=\"https:\/\/www.niod.nl\/\" target=\"_blank\" rel=\"noopener\"><strong>NIOD Institute for War, Holocaust and Genocide Studies<\/strong><\/a><em><br \/>\nThe NIOD Institute for War, Holocaust and Genocide Studies is a national and international centre of excellence for interdisciplinary research into the history of world wars, large-scale violence, and genocides, as well as their societal impact. Additionally, NIOD collects, preserves, and provides access to archives and collections. <\/em><\/p>\n<p><a href=\"https:\/\/www.tweedewereldoorlog.nl\/\" target=\"_blank\" rel=\"noopener\"><strong>WW2<\/strong><\/a><br \/>\n<em>A portal dedicated to the Second World War featuring background information, activities, educational products, museums, and much more.<\/em><\/p>\n<p><a href=\"https:\/\/www.annefrank.org\/nl\/\" target=\"_blank\" rel=\"noopener\"><strong>Anne Frank House<\/strong><\/a><br \/>\n<em>In collaboration with Otto Frank, Anne Frank&#8217;s father, the Anne Frank House was established on 3 May 1957. The foundation is an independent non-profit organisation that manages and opens Anne Frank\u2019s hiding place and brings Anne\u2019s life story to worldwide attention. <\/em><\/p>\n<p><a href=\"https:\/\/www.liberationroute.com\/nl\" target=\"_blank\" rel=\"noopener\"><strong>Liberation Route Europe<\/strong><\/a><br \/>\n<em>Liberation Route Europe is a transnational memorial. A hiking and biking route that connects memorial sites and stories across the whole of Europe. <\/em><\/p>\n<p><a href=\"https:\/\/www.vfonds.nl\/\" target=\"_blank\" rel=\"noopener\"><strong>V-fund<\/strong><\/a><br \/>\n<em>Engaging the whole of the Netherlands for freedom and democracy.<\/em><\/p>\n<p><a href=\"https:\/\/smh40-45.nl\/\" target=\"_blank\" rel=\"noopener\"><strong>Foundation Museums and Remembrance Centres &#8217;40-&#8217;45<\/strong><\/a><br \/>\n<em>The Foundation of Museums and Remembrance Centres \u201940-\u201945 is a partnership of 14 major museums and remembrance centres and 30 smaller museums and organisations in the Netherlands.<\/em><\/p>\n<\/div><\/div><\/div><div class=\"fusion-layout-column fusion_builder_column fusion-builder-column-2 fusion_builder_column_1_2 1_2 fusion-flex-column\" style=\"--awb-bg-size:cover;--awb-width-large:50%;--awb-margin-top-large:0px;--awb-spacing-right-large:3.84%;--awb-margin-bottom-large:20px;--awb-spacing-left-large:3.84%;--awb-width-medium:50%;--awb-order-medium:0;--awb-spacing-right-medium:3.84%;--awb-spacing-left-medium:3.84%;--awb-width-small:100%;--awb-order-small:0;--awb-spacing-right-small:1.92%;--awb-spacing-left-small:1.92%;\"><div class=\"fusion-column-wrapper fusion-column-has-shadow fusion-flex-justify-content-flex-start fusion-content-layout-column\"><div class=\"fusion-image-element \" style=\"--awb-margin-bottom:10px;--awb-caption-title-font-family:var(--h2_typography-font-family);--awb-caption-title-font-weight:var(--h2_typography-font-weight);--awb-caption-title-font-style:var(--h2_typography-font-style);--awb-caption-title-size:var(--h2_typography-font-size);--awb-caption-title-transform:var(--h2_typography-text-transform);--awb-caption-title-line-height:var(--h2_typography-line-height);--awb-caption-title-letter-spacing:var(--h2_typography-letter-spacing);\"><span class=\" fusion-imageframe imageframe-none imageframe-1 hover-type-none\"><img decoding=\"async\" width=\"800\" height=\"545\" alt=\"Propaganda in wartime\" title=\"Propaganda in wartime\" src=\"https:\/\/nationaalonderduikmuseum.nl\/wp-content\/uploads\/2023\/12\/posterwandLR.jpg\" class=\"img-responsive wp-image-1868\" srcset=\"https:\/\/nationaalonderduikmuseum.nl\/wp-content\/uploads\/2023\/12\/posterwandLR-200x136.jpg 200w, https:\/\/nationaalonderduikmuseum.nl\/wp-content\/uploads\/2023\/12\/posterwandLR-400x273.jpg 400w, https:\/\/nationaalonderduikmuseum.nl\/wp-content\/uploads\/2023\/12\/posterwandLR-600x409.jpg 600w, https:\/\/nationaalonderduikmuseum.nl\/wp-content\/uploads\/2023\/12\/posterwandLR.jpg 800w\" sizes=\"(max-width: 800px) 100vw, 800px\" \/><\/span><\/div><div class=\"fusion-image-element \" style=\"--awb-margin-bottom:10px;--awb-caption-title-font-family:var(--h2_typography-font-family);--awb-caption-title-font-weight:var(--h2_typography-font-weight);--awb-caption-title-font-style:var(--h2_typography-font-style);--awb-caption-title-size:var(--h2_typography-font-size);--awb-caption-title-transform:var(--h2_typography-text-transform);--awb-caption-title-line-height:var(--h2_typography-line-height);--awb-caption-title-letter-spacing:var(--h2_typography-letter-spacing);\"><span class=\" fusion-imageframe imageframe-none imageframe-2 hover-type-none\"><img decoding=\"async\" width=\"800\" height=\"545\" alt=\"Documents from the Ortskommandatur\" title=\"Documents from the Ortskommandatur\" src=\"https:\/\/nationaalonderduikmuseum.nl\/wp-content\/uploads\/2024\/01\/IMG_3465LRt.jpg\" class=\"img-responsive wp-image-1965\" srcset=\"https:\/\/nationaalonderduikmuseum.nl\/wp-content\/uploads\/2024\/01\/IMG_3465LRt-200x136.jpg 200w, https:\/\/nationaalonderduikmuseum.nl\/wp-content\/uploads\/2024\/01\/IMG_3465LRt-400x273.jpg 400w, https:\/\/nationaalonderduikmuseum.nl\/wp-content\/uploads\/2024\/01\/IMG_3465LRt-600x409.jpg 600w, https:\/\/nationaalonderduikmuseum.nl\/wp-content\/uploads\/2024\/01\/IMG_3465LRt.jpg 800w\" sizes=\"(max-width: 800px) 100vw, 800px\" \/><\/span><\/div><\/div><\/div><\/div><\/div>\n","protected":false},"excerpt":{"rendered":"","protected":false},"author":1,"featured_media":0,"parent":5112,"menu_order":2,"comment_status":"closed","ping_status":"closed","template":"","meta":{"footnotes":""},"class_list":["post-5144","page","type-page","status-publish","hentry"],"aioseo_notices":[],"_links":{"self":[{"href":"https:\/\/nationaalonderduikmuseum.nl\/en\/wp-json\/wp\/v2\/pages\/5144","targetHints":{"allow":["GET"]}}],"collection":[{"href":"https:\/\/nationaalonderduikmuseum.nl\/en\/wp-json\/wp\/v2\/pages"}],"about":[{"href":"https:\/\/nationaalonderduikmuseum.nl\/en\/wp-json\/wp\/v2\/types\/page"}],"author":[{"embeddable":true,"href":"https:\/\/nationaalonderduikmuseum.nl\/en\/wp-json\/wp\/v2\/users\/1"}],"replies":[{"embeddable":true,"href":"https:\/\/nationaalonderduikmuseum.nl\/en\/wp-json\/wp\/v2\/comments?post=5144"}],"version-history":[{"count":9,"href":"https:\/\/nationaalonderduikmuseum.nl\/en\/wp-json\/wp\/v2\/pages\/5144\/revisions"}],"predecessor-version":[{"id":6001,"href":"https:\/\/nationaalonderduikmuseum.nl\/en\/wp-json\/wp\/v2\/pages\/5144\/revisions\/6001"}],"up":[{"embeddable":true,"href":"https:\/\/nationaalonderduikmuseum.nl\/en\/wp-json\/wp\/v2\/pages\/5112"}],"wp:attachment":[{"href":"https:\/\/nationaalonderduikmuseum.nl\/en\/wp-json\/wp\/v2\/media?parent=5144"}],"curies":[{"name":"wp","href":"https:\/\/api.w.org\/{rel}","templated":true}]}}