{"id":6307,"date":"2025-07-18T08:29:46","date_gmt":"2025-07-18T08:29:46","guid":{"rendered":"https:\/\/nationaalonderduikmuseum.nl\/programma-vrijheid\/die-freiheitsroute\/"},"modified":"2026-04-05T15:23:39","modified_gmt":"2026-04-05T15:23:39","slug":"die-freiheitsroute","status":"publish","type":"page","link":"https:\/\/nationaalonderduikmuseum.nl\/de\/programma-vrijheid\/die-freiheitsroute\/","title":{"rendered":"Die Freiheitsroute"},"content":{"rendered":"<p><div class=\"fusion-fullwidth fullwidth-box fusion-builder-row-1 fusion-flex-container has-pattern-background has-mask-background nonhundred-percent-fullwidth non-hundred-percent-height-scrolling\" style=\"--awb-border-radius-top-left:0px;--awb-border-radius-top-right:0px;--awb-border-radius-bottom-right:0px;--awb-border-radius-bottom-left:0px;--awb-padding-top:0px;--awb-padding-bottom:0px;--awb-margin-top:30px;--awb-margin-bottom:0px;--awb-flex-wrap:wrap;\" ><div class=\"fusion-builder-row fusion-row fusion-flex-align-items-flex-start fusion-flex-content-wrap\" style=\"max-width:1456px;margin-left: calc(-4% \/ 2 );margin-right: calc(-4% \/ 2 );\"><div class=\"fusion-layout-column fusion_builder_column fusion-builder-column-0 fusion_builder_column_1_1 1_1 fusion-flex-column\" style=\"--awb-bg-size:cover;--awb-width-large:100%;--awb-margin-top-large:0px;--awb-spacing-right-large:1.92%;--awb-margin-bottom-large:20px;--awb-spacing-left-large:1.92%;--awb-width-medium:100%;--awb-order-medium:0;--awb-spacing-right-medium:1.92%;--awb-spacing-left-medium:1.92%;--awb-width-small:100%;--awb-order-small:0;--awb-spacing-right-small:1.92%;--awb-spacing-left-small:1.92%;\" data-scroll-devices=\"small-visibility,medium-visibility,large-visibility\"><div class=\"fusion-column-wrapper fusion-column-has-shadow fusion-flex-justify-content-flex-start fusion-content-layout-column\"><div class=\"fusion-title title fusion-title-1 fusion-sep-none fusion-title-text fusion-title-size-three\" style=\"--awb-margin-top-small:8px;--awb-margin-right-small:0px;--awb-margin-bottom-small:16px;--awb-margin-left-small:0px;\"><h3 class=\"fusion-title-heading title-heading-left fusion-responsive-typography-calculated\" style=\"margin:0;--fontSize:48;line-height:1.2;\"><h1>Die Freiheitsroute<\/h1><\/h3><\/div><\/div><\/div><div class=\"fusion-layout-column fusion_builder_column fusion-builder-column-1 fusion_builder_column_2_3 2_3 fusion-flex-column\" style=\"--awb-bg-size:cover;--awb-width-large:66.666666666667%;--awb-margin-top-large:0px;--awb-spacing-right-large:2.88%;--awb-margin-bottom-large:20px;--awb-spacing-left-large:2.88%;--awb-width-medium:66.666666666667%;--awb-order-medium:0;--awb-spacing-right-medium:2.88%;--awb-spacing-left-medium:2.88%;--awb-width-small:100%;--awb-order-small:0;--awb-spacing-right-small:1.92%;--awb-spacing-left-small:1.92%;\" data-scroll-devices=\"small-visibility,medium-visibility,large-visibility\"><div class=\"fusion-column-wrapper fusion-column-has-shadow fusion-flex-justify-content-flex-start fusion-content-layout-column\"><div class=\"fusion-text fusion-text-1\"><p>Freiheit und Menschlichkeit sind Themen, die weiterhin verbunden sind. Die Geschichte des anderen kennenzulernen und Erfahrungen dar\u00fcber auszutauschen, ist heutzutage wichtiger denn je. Die Freedom Route erweckt diese Themen mit Geschichten und Denkm\u00e4lern zum Leben, die die Geschichte unserer Region sichtbar machen.  <\/p>\n<h4 class=\"fusion-responsive-typography-calculated\" style=\"--fontsize: 36; line-height: 1.2;\" data-fontsize=\"36\" data-lineheight=\"43.2px\">Zyklus entlang von Spuren der Freiheit<\/h4>\n<p>Die Freiheitsroute besteht aus f\u00fcnf besonderen Fahrradrouten durch die Achterhoek und die Liemers. Unterwegs kommen Sie an Orten vorbei, die an den Zweiten Weltkrieg und den langen Weg zur Freiheit erinnern. Von beeindruckenden Monumenten bis hin zu verborgenen Geschichten in der Landschaft \u2013 jede Route l\u00e4sst Sie dar\u00fcber nachdenken, was damals geschah und warum Freiheit heute noch immer so wichtig ist.  <\/p>\n<p>Laden Sie die digitalen Routenhefte herunter (PDF):<\/p>\n<ul>\n<li><a href=\"https:\/\/nationaalonderduikmuseum.nl\/wp-content\/uploads\/2025\/07\/Fietsroute-1-In-Verzet-v2-digitaal.pdf\">Route 1: Im Widerstand!<\/a><\/li>\n<li><a href=\"https:\/\/nationaalonderduikmuseum.nl\/wp-content\/uploads\/2025\/07\/Fietsroute-2-Over-de-Grens-digitaal.pdf\">Route 2: \u00dcber die Grenze hinweg<\/a><\/li>\n<li><a href=\"https:\/\/nationaalonderduikmuseum.nl\/wp-content\/uploads\/2025\/07\/Fietsroute-3-Oorlog-in-de-LIemers-digitaal.pdf\">Route 3: Krieg und Freiheit in den Liemers<\/a><\/li>\n<li><a href=\"https:\/\/nationaalonderduikmuseum.nl\/wp-content\/uploads\/2025\/07\/Fietsroute-4-Een-weg-naar-Vrijheid-digitaal.pdf\">Route 4: Ein harter Weg zur Freiheit<\/a><\/li>\n<li><a href=\"https:\/\/nationaalonderduikmuseum.nl\/wp-content\/uploads\/2025\/07\/Fietsroute-5-Berkelland-OostGelre-digitaal.pdf\">Route 5: Piloten und Minderheiten<\/a><\/li>\n<\/ul>\n<p>Laden Sie die GPX-Dateien herunter:<\/p>\n<ul>\n<li><a href=\"https:\/\/nationaalonderduikmuseum.nl\/wp-content\/uploads\/2025\/07\/Aalten-Winterswijk-Varsseveld.gpx\">In Resistance.gpx<\/a><\/li>\n<li><a href=\"https:\/\/nationaalonderduikmuseum.nl\/wp-content\/uploads\/2025\/07\/Oude-IJsselstreek-Montferland-Dinxperlo.gpx\">Jenseits der Grenze.gpx<\/a><\/li>\n<li><a href=\"https:\/\/nationaalonderduikmuseum.nl\/wp-content\/uploads\/2025\/07\/Zevenaar-Duiven-Westervoort.gpx\">Krieg und Freiheit in Liemers.gpx<\/a><\/li>\n<li><a href=\"https:\/\/nationaalonderduikmuseum.nl\/wp-content\/uploads\/2025\/07\/Bronckhorst-Doetinchem.gpx\">Ein harter Weg zu freedom.gpx<\/a><\/li>\n<li><a href=\"https:\/\/nationaalonderduikmuseum.nl\/wp-content\/uploads\/2025\/07\/Oost-Gelre-Berkelland.gpx\">Piloten und Minderheiten.gpx<\/a><\/li>\n<\/ul>\n<p>Nutze Apps wie Komoot, Strava und AllTrails.<\/p>\n<h4 class=\"fusion-responsive-typography-calculated\" style=\"--fontsize: 36; line-height: 1.2;\" data-fontsize=\"36\" data-lineheight=\"43.2px\">Sehen Sie mit: Die Videoserie The Freedom Route<\/h4>\n<p>Zus\u00e4tzlich zu den Radwegen wurde eine kurze Videoserie erstellt, die Sie zu einer Reihe besonderer Orte f\u00fchrt. In drei Episoden sehen Sie, wie pers\u00f6nliche Geschichten, historische Ereignisse und beeindruckende Orte in der heutigen Landschaft zusammenkommen. <\/p>\n<p>\ud83c\udfa5 Sehen Sie sich die Folgen an:<\/p>\n<p><span data-olk-copy-source=\"MessageBody\"><a href=\"https:\/\/youtu.be\/V9oqlNIA57A?feature=shared\" target=\"_blank\" rel=\"noopener\">Die Freiheitsroute (Folge 1) \u2013 Berkelland, Aalten, Winterswijk &amp; East Gelre<\/a><br \/>\n<\/span><a href=\"https:\/\/youtu.be\/pf2bjk3S2lo?feature=shared\" target=\"_blank\" rel=\"noopener\">Die Freiheitsroute (Folge 2) \u2013 Doetinchem, Bronckhorst, Montferland &amp; Oude IJsselstreek<\/a><br \/>\n<a href=\"https:\/\/youtu.be\/FbIoC-Owy-M?feature=shared\" target=\"_blank\" rel=\"noopener\">Die Freiheitsroute (Folge 3) \u2013 Zevenaar, Duiven, Westervoort<\/a><\/p>\n<h4 class=\"fusion-responsive-typography-calculated\" style=\"--fontsize: 36; line-height: 1.2;\" data-fontsize=\"36\" data-lineheight=\"43.2px\">Freedom Quartet als Ausgangspunkt<\/h4>\n<p>Die Fahrradrouten und Videos wurden im Rahmen des Freiheitsquartetts entwickelt, einem Teil des Regionalprogramms Freiheit Achterhoek und Liemers. Die Gemeinden haben hierf\u00fcr selbst Geschichten beigesteuert. <\/p>\n<p><a rel=\"nofollow\" href=\"https:\/\/nationaalonderduikmuseum.nl\/de\/programma-vrijheid\/quartett\/\">Lesen Sie mehr \u00fcber das Freiheitsquartett<\/a><\/p>\n<\/div><div class=\"fusion-image-element \" style=\"--awb-caption-title-font-family:var(--h2_typography-font-family);--awb-caption-title-font-weight:var(--h2_typography-font-weight);--awb-caption-title-font-style:var(--h2_typography-font-style);--awb-caption-title-size:var(--h2_typography-font-size);--awb-caption-title-transform:var(--h2_typography-text-transform);--awb-caption-title-line-height:var(--h2_typography-line-height);--awb-caption-title-letter-spacing:var(--h2_typography-letter-spacing);\"><span class=\" fusion-imageframe imageframe-none imageframe-1 hover-type-none\"><img decoding=\"async\" width=\"800\" height=\"450\" alt=\"Freedom Quartett\" title=\"Freedom Quartett\" src=\"https:\/\/nationaalonderduikmuseum.nl\/wp-content\/uploads\/2025\/02\/Afbeelding1-800x450.png\" class=\"img-responsive wp-image-3129\" srcset=\"https:\/\/nationaalonderduikmuseum.nl\/wp-content\/uploads\/2025\/02\/Afbeelding1-200x113.png 200w, https:\/\/nationaalonderduikmuseum.nl\/wp-content\/uploads\/2025\/02\/Afbeelding1-400x225.png 400w, https:\/\/nationaalonderduikmuseum.nl\/wp-content\/uploads\/2025\/02\/Afbeelding1-600x338.png 600w, https:\/\/nationaalonderduikmuseum.nl\/wp-content\/uploads\/2025\/02\/Afbeelding1-800x450.png 800w, https:\/\/nationaalonderduikmuseum.nl\/wp-content\/uploads\/2025\/02\/Afbeelding1.png 960w\" sizes=\"(max-width: 800px) 100vw, 800px\" \/><\/span><\/div><div class=\"fusion-text fusion-text-2\"><p>Die teilnehmenden Gemeinden sind: Aalten, Berkelland, Bronckhorst, Doetinchem, Duiven, Montferland, Oost Gelre, Oude IJsselstreek, Westervoort, Winterswijk und Zevenaar.<\/p>\n<\/div><\/div><\/div><div class=\"fusion-layout-column fusion_builder_column fusion-builder-column-2 fusion_builder_column_1_3 1_3 fusion-flex-column\" style=\"--awb-padding-top:0px;--awb-padding-bottom:45px;--awb-bg-size:cover;--awb-width-large:33.333333333333%;--awb-margin-top-large:0px;--awb-spacing-right-large:5.76%;--awb-margin-bottom-large:20px;--awb-spacing-left-large:5.76%;--awb-width-medium:33.333333333333%;--awb-order-medium:0;--awb-spacing-right-medium:5.76%;--awb-spacing-left-medium:5.76%;--awb-width-small:100%;--awb-order-small:0;--awb-spacing-right-small:1.92%;--awb-spacing-left-small:1.92%;\" data-scroll-devices=\"small-visibility,medium-visibility,large-visibility\"><div class=\"fusion-column-wrapper fusion-column-has-shadow fusion-flex-justify-content-flex-start fusion-content-layout-column\"><div class=\"fusion-image-element \" style=\"--awb-caption-title-font-family:var(--h2_typography-font-family);--awb-caption-title-font-weight:var(--h2_typography-font-weight);--awb-caption-title-font-style:var(--h2_typography-font-style);--awb-caption-title-size:var(--h2_typography-font-size);--awb-caption-title-transform:var(--h2_typography-text-transform);--awb-caption-title-line-height:var(--h2_typography-line-height);--awb-caption-title-letter-spacing:var(--h2_typography-letter-spacing);\"><span class=\" fusion-imageframe imageframe-none imageframe-2 hover-type-none\"><img decoding=\"async\" width=\"800\" height=\"564\" alt=\"Titelseite Radweg Freedom - Aalten - Varsseveld - Winterswijk\" title=\"Screenshot\" src=\"https:\/\/nationaalonderduikmuseum.nl\/wp-content\/uploads\/2025\/07\/Fietsroute-1-800x564.jpg\" class=\"img-responsive wp-image-4204\" srcset=\"https:\/\/nationaalonderduikmuseum.nl\/wp-content\/uploads\/2025\/07\/Fietsroute-1-200x141.jpg 200w, https:\/\/nationaalonderduikmuseum.nl\/wp-content\/uploads\/2025\/07\/Fietsroute-1-400x282.jpg 400w, https:\/\/nationaalonderduikmuseum.nl\/wp-content\/uploads\/2025\/07\/Fietsroute-1-600x423.jpg 600w, https:\/\/nationaalonderduikmuseum.nl\/wp-content\/uploads\/2025\/07\/Fietsroute-1-800x564.jpg 800w, https:\/\/nationaalonderduikmuseum.nl\/wp-content\/uploads\/2025\/07\/Fietsroute-1-1200x846.jpg 1200w, https:\/\/nationaalonderduikmuseum.nl\/wp-content\/uploads\/2025\/07\/Fietsroute-1-scaled.jpg 1920w\" sizes=\"(max-width: 800px) 100vw, 600px\" \/><\/span><\/div><div class=\"fusion-text fusion-text-3\"><h4 class=\"fusion-responsive-typography-calculated\" style=\"font-size: 15px; line-height: 1.33; --fontsize: 15; --minfontsize: 15;\" data-fontsize=\"15\" data-lineheight=\"19.95px\"><\/h4>\n<h4 class=\"fusion-responsive-typography-calculated\" style=\"font-size: 15px; line-height: 1.33; --fontsize: 15; --minfontsize: 15;\" data-fontsize=\"15\" data-lineheight=\"19.95px\"><\/h4>\n<\/div><\/div><\/div><\/div><\/div><div class=\"fusion-fullwidth fullwidth-box fusion-builder-row-2 fusion-flex-container has-pattern-background has-mask-background nonhundred-percent-fullwidth non-hundred-percent-height-scrolling\" style=\"--awb-border-radius-top-left:0px;--awb-border-radius-top-right:0px;--awb-border-radius-bottom-right:0px;--awb-border-radius-bottom-left:0px;--awb-padding-top:0px;--awb-padding-bottom:49px;--awb-margin-top:0px;--awb-flex-wrap:wrap;\" ><div class=\"fusion-builder-row fusion-row fusion-flex-align-items-flex-start fusion-flex-content-wrap\" style=\"max-width:1456px;margin-left: calc(-4% \/ 2 );margin-right: calc(-4% \/ 2 );\"><div class=\"fusion-layout-column fusion_builder_column fusion-builder-column-3 fusion_builder_column_1_5 1_5 fusion-flex-column\" style=\"--awb-padding-top:35px;--awb-padding-left:33px;--awb-bg-size:cover;--awb-width-large:20%;--awb-margin-top-large:0px;--awb-spacing-right-large:9.6%;--awb-margin-bottom-large:20px;--awb-spacing-left-large:9.6%;--awb-width-medium:20%;--awb-order-medium:0;--awb-spacing-right-medium:9.6%;--awb-spacing-left-medium:9.6%;--awb-width-small:100%;--awb-order-small:0;--awb-spacing-right-small:1.92%;--awb-spacing-left-small:1.92%;\"><div class=\"fusion-column-wrapper fusion-column-has-shadow fusion-flex-justify-content-flex-start fusion-content-layout-column\"><div class=\"fusion-image-element \" style=\"--awb-max-width:100%;--awb-caption-title-font-family:var(--h2_typography-font-family);--awb-caption-title-font-weight:var(--h2_typography-font-weight);--awb-caption-title-font-style:var(--h2_typography-font-style);--awb-caption-title-size:var(--h2_typography-font-size);--awb-caption-title-transform:var(--h2_typography-text-transform);--awb-caption-title-line-height:var(--h2_typography-line-height);--awb-caption-title-letter-spacing:var(--h2_typography-letter-spacing);\"><span class=\" fusion-imageframe imageframe-none imageframe-3 hover-type-none\"><img decoding=\"async\" width=\"503\" height=\"260\" title=\"Grensland-Grenszland\" src=\"https:\/\/nationaalonderduikmuseum.nl\/wp-content\/uploads\/2024\/11\/grensland-grenszland-lg-fc-liggend1.png\" alt class=\"img-responsive wp-image-2862\" srcset=\"https:\/\/nationaalonderduikmuseum.nl\/wp-content\/uploads\/2024\/11\/grensland-grenszland-lg-fc-liggend1-200x103.png 200w, https:\/\/nationaalonderduikmuseum.nl\/wp-content\/uploads\/2024\/11\/grensland-grenszland-lg-fc-liggend1-400x207.png 400w, https:\/\/nationaalonderduikmuseum.nl\/wp-content\/uploads\/2024\/11\/grensland-grenszland-lg-fc-liggend1.png 503w\" sizes=\"(max-width: 800px) 100vw, 200px\" \/><\/span><\/div><\/div><\/div><div class=\"fusion-layout-column fusion_builder_column fusion-builder-column-4 fusion_builder_column_1_5 1_5 fusion-flex-column\" style=\"--awb-padding-right:18px;--awb-padding-bottom:78px;--awb-padding-left:37px;--awb-bg-size:cover;--awb-width-large:20%;--awb-margin-top-large:0px;--awb-spacing-right-large:9.6%;--awb-margin-bottom-large:20px;--awb-spacing-left-large:9.6%;--awb-width-medium:20%;--awb-order-medium:0;--awb-spacing-right-medium:9.6%;--awb-spacing-left-medium:9.6%;--awb-width-small:100%;--awb-order-small:0;--awb-spacing-right-small:1.92%;--awb-spacing-left-small:1.92%;\"><div class=\"fusion-column-wrapper fusion-column-has-shadow fusion-flex-justify-content-flex-start fusion-content-layout-column\"><div class=\"fusion-image-element \" style=\"--awb-max-width:100%;--awb-caption-title-font-family:var(--h2_typography-font-family);--awb-caption-title-font-weight:var(--h2_typography-font-weight);--awb-caption-title-font-style:var(--h2_typography-font-style);--awb-caption-title-size:var(--h2_typography-font-size);--awb-caption-title-transform:var(--h2_typography-text-transform);--awb-caption-title-line-height:var(--h2_typography-line-height);--awb-caption-title-letter-spacing:var(--h2_typography-letter-spacing);\"><span class=\" fusion-imageframe imageframe-none imageframe-4 hover-type-none\"><img decoding=\"async\" width=\"513\" height=\"538\" title=\"Freiheit im Gelderland\" src=\"https:\/\/nationaalonderduikmuseum.nl\/wp-content\/uploads\/2024\/11\/VGlogo-2023OL.png\" alt class=\"img-responsive wp-image-2877\" srcset=\"https:\/\/nationaalonderduikmuseum.nl\/wp-content\/uploads\/2024\/11\/VGlogo-2023OL-200x210.png 200w, https:\/\/nationaalonderduikmuseum.nl\/wp-content\/uploads\/2024\/11\/VGlogo-2023OL-400x419.png 400w, https:\/\/nationaalonderduikmuseum.nl\/wp-content\/uploads\/2024\/11\/VGlogo-2023OL.png 513w\" sizes=\"(max-width: 800px) 100vw, 200px\" \/><\/span><\/div><\/div><\/div><div class=\"fusion-layout-column fusion_builder_column fusion-builder-column-5 fusion_builder_column_3_5 3_5 fusion-flex-column\" style=\"--awb-padding-top:34px;--awb-bg-size:cover;--awb-width-large:60%;--awb-margin-top-large:0px;--awb-spacing-right-large:3.2%;--awb-margin-bottom-large:20px;--awb-spacing-left-large:0%;--awb-width-medium:60%;--awb-order-medium:0;--awb-spacing-right-medium:3.2%;--awb-spacing-left-medium:0%;--awb-width-small:100%;--awb-order-small:0;--awb-spacing-right-small:1.92%;--awb-spacing-left-small:1.92%;\"><div class=\"fusion-column-wrapper fusion-column-has-shadow fusion-flex-justify-content-flex-start fusion-content-layout-column\"><div class=\"fusion-text fusion-text-4\"><p><i><span style=\"color: var(--awb-text-color); font-family: var(--awb-text-font-family); font-size: var(--awb-font-size); font-weight: var(--awb-text-font-weight); letter-spacing: var(--awb-letter-spacing); text-align: var(--awb-content-alignment); text-transform: var(--awb-text-transform); background-color: var(--awb-bg-color-hover);\">Die Freiheitsroute wird durch die Provinz Gelderland erm\u00f6glicht.<\/span>  Dieses grenz\u00fcberschreitende Programm tr\u00e4gt zu mehr Verbindung, Begegnung, Austausch \u00fcber Freiheit und zur Erkenntnis bei, dass Freiheit nicht als selbstverst\u00e4ndlich angesehen werden darf und dass jeder Freiheit weitergeben kann.  <\/i><\/p>\n<\/div><\/div><\/div><\/div><\/div><\/p>\n","protected":false},"excerpt":{"rendered":"","protected":false},"author":6,"featured_media":0,"parent":2491,"menu_order":1,"comment_status":"closed","ping_status":"closed","template":"100-width.php","meta":{"footnotes":""},"class_list":["post-6307","page","type-page","status-publish","hentry"],"aioseo_notices":[],"_links":{"self":[{"href":"https:\/\/nationaalonderduikmuseum.nl\/de\/wp-json\/wp\/v2\/pages\/6307","targetHints":{"allow":["GET"]}}],"collection":[{"href":"https:\/\/nationaalonderduikmuseum.nl\/de\/wp-json\/wp\/v2\/pages"}],"about":[{"href":"https:\/\/nationaalonderduikmuseum.nl\/de\/wp-json\/wp\/v2\/types\/page"}],"author":[{"embeddable":true,"href":"https:\/\/nationaalonderduikmuseum.nl\/de\/wp-json\/wp\/v2\/users\/6"}],"replies":[{"embeddable":true,"href":"https:\/\/nationaalonderduikmuseum.nl\/de\/wp-json\/wp\/v2\/comments?post=6307"}],"version-history":[{"count":12,"href":"https:\/\/nationaalonderduikmuseum.nl\/de\/wp-json\/wp\/v2\/pages\/6307\/revisions"}],"predecessor-version":[{"id":6879,"href":"https:\/\/nationaalonderduikmuseum.nl\/de\/wp-json\/wp\/v2\/pages\/6307\/revisions\/6879"}],"up":[{"embeddable":true,"href":"https:\/\/nationaalonderduikmuseum.nl\/de\/wp-json\/wp\/v2\/pages\/2491"}],"wp:attachment":[{"href":"https:\/\/nationaalonderduikmuseum.nl\/de\/wp-json\/wp\/v2\/media?parent=6307"}],"curies":[{"name":"wp","href":"https:\/\/api.w.org\/{rel}","templated":true}]}}