{"id":6050,"date":"2024-12-23T17:29:28","date_gmt":"2024-12-23T17:29:28","guid":{"rendered":"https:\/\/nationaalonderduikmuseum.nl\/programma-vrijheid\/quartett\/"},"modified":"2026-04-05T15:04:44","modified_gmt":"2026-04-05T15:04:44","slug":"quartett","status":"publish","type":"page","link":"https:\/\/nationaalonderduikmuseum.nl\/de\/programma-vrijheid\/quartett\/","title":{"rendered":"Quartett"},"content":{"rendered":"<p><div class=\"fusion-fullwidth fullwidth-box fusion-builder-row-1 fusion-flex-container has-pattern-background has-mask-background nonhundred-percent-fullwidth non-hundred-percent-height-scrolling\" style=\"--awb-border-radius-top-left:0px;--awb-border-radius-top-right:0px;--awb-border-radius-bottom-right:0px;--awb-border-radius-bottom-left:0px;--awb-padding-top:83px;--awb-padding-bottom:0px;--awb-margin-top:0px;--awb-flex-wrap:wrap;\" ><div class=\"fusion-builder-row fusion-row fusion-flex-align-items-flex-start fusion-flex-content-wrap\" style=\"max-width:1456px;margin-left: calc(-4% \/ 2 );margin-right: calc(-4% \/ 2 );\"><div class=\"fusion-layout-column fusion_builder_column fusion-builder-column-0 fusion_builder_column_1_1 1_1 fusion-flex-column\" style=\"--awb-bg-size:cover;--awb-width-large:100%;--awb-margin-top-large:0px;--awb-spacing-right-large:1.92%;--awb-margin-bottom-large:20px;--awb-spacing-left-large:1.92%;--awb-width-medium:100%;--awb-order-medium:0;--awb-spacing-right-medium:1.92%;--awb-spacing-left-medium:1.92%;--awb-width-small:100%;--awb-order-small:0;--awb-spacing-right-small:1.92%;--awb-spacing-left-small:1.92%;\"><div class=\"fusion-column-wrapper fusion-column-has-shadow fusion-flex-justify-content-flex-start fusion-content-layout-column\"><div class=\"fusion-title title fusion-title-1 fusion-sep-none fusion-title-text fusion-title-size-three\" style=\"--awb-margin-top-small:8px;--awb-margin-right-small:0px;--awb-margin-bottom-small:16px;--awb-margin-left-small:0px;\"><h3 class=\"fusion-title-heading title-heading-left fusion-responsive-typography-calculated\" style=\"margin:0;--fontSize:48;line-height:1.2;\"><h1>Das Freiheitsquartett<\/h1><\/h3><\/div><\/div><\/div><div class=\"fusion-layout-column fusion_builder_column fusion-builder-column-1 fusion_builder_column_2_3 2_3 fusion-flex-column\" style=\"--awb-bg-size:cover;--awb-width-large:66.666666666667%;--awb-margin-top-large:0px;--awb-spacing-right-large:2.88%;--awb-margin-bottom-large:20px;--awb-spacing-left-large:2.88%;--awb-width-medium:66.666666666667%;--awb-order-medium:0;--awb-spacing-right-medium:2.88%;--awb-spacing-left-medium:2.88%;--awb-width-small:100%;--awb-order-small:0;--awb-spacing-right-small:1.92%;--awb-spacing-left-small:1.92%;\"><div class=\"fusion-column-wrapper fusion-column-has-shadow fusion-flex-justify-content-flex-start fusion-content-layout-column\"><div class=\"fusion-text fusion-text-1 fusion-text-no-margin\" style=\"--awb-margin-top:0px;--awb-margin-right:0px;--awb-margin-bottom:0px;--awb-margin-left:0px;\"><h4 class=\"fusion-responsive-typography-calculated\" style=\"--fontsize: 48; line-height: 1.2;\" data-fontsize=\"48\" data-lineheight=\"57.6px\">Geschichten von Freiheit in Verbindung<\/h4>\n<p>Freiheit und Menschlichkeit sind Themen, die weiterhin verbunden sind. Die Geschichte des anderen kennenzulernen und Erfahrungen dar\u00fcber auszutauschen, ist heutzutage wichtiger denn je. Das Freedom Quartet erweckt diese Themen mit Geschichten und Denkm\u00e4lern zum Leben, die die Geschichte unserer Region sichtbar machen.  <\/p>\n<h4>Beitr\u00e4ge der Gemeinden<\/h4>\n<p>Das Freiheitsquartett ist eine Initiative im Rahmen des Regionalprogramms Freiheit Achterhoek und Liemers. Seit 2020 arbeiten die Gemeinden dieser Region gemeinsam an einem grenz\u00fcberschreitenden Programm zum Thema Freiheit. Jede Gemeinde hat selbst Themen beigesteuert, die sie f\u00fcr erz\u00e4hlenswert h\u00e4lt. Dies macht das Quartett zu einer einzigartigen Sammlung von Geschichten, die tief in der lokalen Geschichte verwurzelt sind.   <\/p>\n<p>Die teilnehmenden Gemeinden sind:<\/p>\n<ul>\n<li><strong>Achterhoek:<\/strong> <a rel=\"nofollow\" href=\"https:\/\/nationaalonderduikmuseum.nl\/de\/programma-vrijheid\/quartett\/aalten\/\">Aalten<\/a>, <a rel=\"nofollow\" href=\"https:\/\/nationaalonderduikmuseum.nl\/de\/programma-vrijheid\/quartett\/berkelland\/\">Berkelland<\/a>, <a rel=\"nofollow\" href=\"https:\/\/nationaalonderduikmuseum.nl\/de\/programma-vrijheid\/quartett\/doetinchem\/\">Doetinchem<\/a>, <a rel=\"nofollow\" href=\"https:\/\/nationaalonderduikmuseum.nl\/de\/programma-vrijheid\/quartett\/montferland\/\">Montferland<\/a>, <a rel=\"nofollow\" href=\"https:\/\/nationaalonderduikmuseum.nl\/de\/programma-vrijheid\/quartett\/ost-gelre\/\">Oost Gelre<\/a>, <a rel=\"nofollow\" href=\"https:\/\/nationaalonderduikmuseum.nl\/de\/programma-vrijheid\/quartett\/winterswijk\/\">Winterswijk<\/a>, <a rel=\"nofollow\" href=\"https:\/\/nationaalonderduikmuseum.nl\/de\/programma-vrijheid\/quartett\/bronckhorst\/\">Bronckhorst<\/a>, <a rel=\"nofollow\" href=\"https:\/\/nationaalonderduikmuseum.nl\/de\/programma-vrijheid\/quartett\/alte-ijssel-region\/\">Oude IJsselstreek<\/a>.<\/li>\n<li><strong>Liemers: <\/strong><a href=\"https:\/\/nationaalonderduikmuseum.nl\/de\/programma-vrijheid\/quartett\/tauben\/\">Duiven<\/a>, <a href=\"https:\/\/nationaalonderduikmuseum.nl\/de\/programma-vrijheid\/quartett\/westervoort\/\">Westervoort<\/a>, <a href=\"https:\/\/nationaalonderduikmuseum.nl\/de\/programma-vrijheid\/quartett\/zevenaar-niederlande\/\">Zevenaar<\/a>.<\/li>\n<\/ul>\n<p>Jede Karte verf\u00fcgt \u00fcber einen QR-Code. Wenn Sie diesen scannen, gelangen Sie auf die Seite der Gemeinde, auf der Sie mehr \u00fcber das Thema lesen k\u00f6nnen. <\/p>\n<\/div><div class=\"fusion-image-element \" style=\"--awb-caption-title-font-family:var(--h2_typography-font-family);--awb-caption-title-font-weight:var(--h2_typography-font-weight);--awb-caption-title-font-style:var(--h2_typography-font-style);--awb-caption-title-size:var(--h2_typography-font-size);--awb-caption-title-transform:var(--h2_typography-text-transform);--awb-caption-title-line-height:var(--h2_typography-line-height);--awb-caption-title-letter-spacing:var(--h2_typography-letter-spacing);\"><span class=\" fusion-imageframe imageframe-none imageframe-1 hover-type-none\"><img decoding=\"async\" width=\"960\" height=\"540\" alt=\"Freedom Quartett\" title=\"Freedom Quartett\" src=\"https:\/\/nationaalonderduikmuseum.nl\/wp-content\/uploads\/2025\/02\/Afbeelding1.png\" class=\"img-responsive wp-image-3129\" srcset=\"https:\/\/nationaalonderduikmuseum.nl\/wp-content\/uploads\/2025\/02\/Afbeelding1-200x113.png 200w, https:\/\/nationaalonderduikmuseum.nl\/wp-content\/uploads\/2025\/02\/Afbeelding1-400x225.png 400w, https:\/\/nationaalonderduikmuseum.nl\/wp-content\/uploads\/2025\/02\/Afbeelding1-600x338.png 600w, https:\/\/nationaalonderduikmuseum.nl\/wp-content\/uploads\/2025\/02\/Afbeelding1-800x450.png 800w, https:\/\/nationaalonderduikmuseum.nl\/wp-content\/uploads\/2025\/02\/Afbeelding1.png 960w\" sizes=\"(max-width: 800px) 100vw, 960px\" \/><\/span><\/div><div class=\"fusion-text fusion-text-2\"><p><b>Das Quartettspiel wird unter den teilnehmenden Gemeinden verteilt.<\/b><\/p>\n<\/div><div class=\"fusion-text fusion-text-3\"><h4>Ein Quartett mit Bedeutung<\/h4>\n<\/p>\n<p><span style=\"color: var(--awb-text-color); font-family: var(--awb-text-font-family); font-size: var(--awb-font-size); font-style: var(--awb-text-font-style); font-weight: var(--awb-text-font-weight); letter-spacing: var(--awb-letter-spacing); text-align: var(--awb-content-alignment); text-transform: var(--awb-text-transform); background-color: var(--awb-bg-color-hover);\">Das Freedom Quartet ist mehr als ein Spiel; es ist eine Verbindung von Geschichten, Ereignissen und Denkm\u00e4lern, die im Zweiten Weltkrieg eine wichtige Rolle spielten. Dank der Beitr\u00e4ge der Gemeinden werden lokale Erinnerungen und Themen auf zug\u00e4ngliche Weise geteilt. <\/span><\/p>\n<\/p>\n<p>Die Karten enthalten au\u00dferdem eine <a rel=\"nofollow\" href=\"https:\/\/nationaalonderduikmuseum.nl\/de\/?page_id=2494\">einzigartige Wortwolke<\/a>, die aus Beitr\u00e4gen niederl\u00e4ndischer und deutscher Teilnehmer des Wettbewerbs &#8218;Freedom&#8216; besteht. Diese Wolke spiegelt die am h\u00e4ufigsten genannten W\u00f6rter wider und zeigt, was Freiheit auf beiden Seiten der Grenze bedeutet. <\/p>\n<p><i>Das Quartett wird von der Provinz Gelderland unterst\u00fctzt.<\/i><\/p>\n<\/div><\/div><\/div><\/div><\/div><div class=\"fusion-fullwidth fullwidth-box fusion-builder-row-2 fusion-flex-container has-pattern-background has-mask-background nonhundred-percent-fullwidth non-hundred-percent-height-scrolling\" style=\"--awb-border-radius-top-left:0px;--awb-border-radius-top-right:0px;--awb-border-radius-bottom-right:0px;--awb-border-radius-bottom-left:0px;--awb-padding-top:0px;--awb-padding-bottom:49px;--awb-margin-top:0px;--awb-flex-wrap:wrap;\" ><div class=\"fusion-builder-row fusion-row fusion-flex-align-items-flex-start fusion-flex-content-wrap\" style=\"max-width:1456px;margin-left: calc(-4% \/ 2 );margin-right: calc(-4% \/ 2 );\"><div class=\"fusion-layout-column fusion_builder_column fusion-builder-column-2 fusion_builder_column_1_5 1_5 fusion-flex-column\" style=\"--awb-padding-top:35px;--awb-padding-left:33px;--awb-bg-size:cover;--awb-width-large:20%;--awb-margin-top-large:0px;--awb-spacing-right-large:9.6%;--awb-margin-bottom-large:20px;--awb-spacing-left-large:9.6%;--awb-width-medium:20%;--awb-order-medium:0;--awb-spacing-right-medium:9.6%;--awb-spacing-left-medium:9.6%;--awb-width-small:100%;--awb-order-small:0;--awb-spacing-right-small:1.92%;--awb-spacing-left-small:1.92%;\"><div class=\"fusion-column-wrapper fusion-column-has-shadow fusion-flex-justify-content-flex-start fusion-content-layout-column\"><div class=\"fusion-image-element \" style=\"--awb-caption-title-font-family:var(--h2_typography-font-family);--awb-caption-title-font-weight:var(--h2_typography-font-weight);--awb-caption-title-font-style:var(--h2_typography-font-style);--awb-caption-title-size:var(--h2_typography-font-size);--awb-caption-title-transform:var(--h2_typography-text-transform);--awb-caption-title-line-height:var(--h2_typography-line-height);--awb-caption-title-letter-spacing:var(--h2_typography-letter-spacing);\"><span class=\" fusion-imageframe imageframe-none imageframe-2 hover-type-none\"><img decoding=\"async\" width=\"503\" height=\"260\" title=\"Grensland-Grenszland\" src=\"https:\/\/nationaalonderduikmuseum.nl\/wp-content\/uploads\/2024\/11\/grensland-grenszland-lg-fc-liggend1.png\" alt class=\"img-responsive wp-image-2862\" srcset=\"https:\/\/nationaalonderduikmuseum.nl\/wp-content\/uploads\/2024\/11\/grensland-grenszland-lg-fc-liggend1-200x103.png 200w, https:\/\/nationaalonderduikmuseum.nl\/wp-content\/uploads\/2024\/11\/grensland-grenszland-lg-fc-liggend1-400x207.png 400w, https:\/\/nationaalonderduikmuseum.nl\/wp-content\/uploads\/2024\/11\/grensland-grenszland-lg-fc-liggend1.png 503w\" sizes=\"(max-width: 800px) 100vw, 200px\" \/><\/span><\/div><\/div><\/div><div class=\"fusion-layout-column fusion_builder_column fusion-builder-column-3 fusion_builder_column_1_5 1_5 fusion-flex-column\" style=\"--awb-padding-right:76px;--awb-padding-left:37px;--awb-bg-size:cover;--awb-width-large:20%;--awb-margin-top-large:0px;--awb-spacing-right-large:9.6%;--awb-margin-bottom-large:20px;--awb-spacing-left-large:9.6%;--awb-width-medium:20%;--awb-order-medium:0;--awb-spacing-right-medium:9.6%;--awb-spacing-left-medium:9.6%;--awb-width-small:100%;--awb-order-small:0;--awb-spacing-right-small:1.92%;--awb-spacing-left-small:1.92%;\"><div class=\"fusion-column-wrapper fusion-column-has-shadow fusion-flex-justify-content-flex-start fusion-content-layout-column\"><div class=\"fusion-image-element \" style=\"--awb-caption-title-font-family:var(--h2_typography-font-family);--awb-caption-title-font-weight:var(--h2_typography-font-weight);--awb-caption-title-font-style:var(--h2_typography-font-style);--awb-caption-title-size:var(--h2_typography-font-size);--awb-caption-title-transform:var(--h2_typography-text-transform);--awb-caption-title-line-height:var(--h2_typography-line-height);--awb-caption-title-letter-spacing:var(--h2_typography-letter-spacing);\"><span class=\" fusion-imageframe imageframe-none imageframe-3 hover-type-none\"><img decoding=\"async\" width=\"513\" height=\"538\" title=\"Freiheit im Gelderland\" src=\"https:\/\/nationaalonderduikmuseum.nl\/wp-content\/uploads\/2024\/11\/VGlogo-2023OL.png\" alt class=\"img-responsive wp-image-2877\" srcset=\"https:\/\/nationaalonderduikmuseum.nl\/wp-content\/uploads\/2024\/11\/VGlogo-2023OL-200x210.png 200w, https:\/\/nationaalonderduikmuseum.nl\/wp-content\/uploads\/2024\/11\/VGlogo-2023OL-400x419.png 400w, https:\/\/nationaalonderduikmuseum.nl\/wp-content\/uploads\/2024\/11\/VGlogo-2023OL.png 513w\" sizes=\"(max-width: 800px) 100vw, 200px\" \/><\/span><\/div><\/div><\/div><div class=\"fusion-layout-column fusion_builder_column fusion-builder-column-4 fusion_builder_column_3_5 3_5 fusion-flex-column\" style=\"--awb-padding-top:34px;--awb-bg-size:cover;--awb-width-large:60%;--awb-margin-top-large:0px;--awb-spacing-right-large:3.2%;--awb-margin-bottom-large:20px;--awb-spacing-left-large:0%;--awb-width-medium:60%;--awb-order-medium:0;--awb-spacing-right-medium:3.2%;--awb-spacing-left-medium:0%;--awb-width-small:100%;--awb-order-small:0;--awb-spacing-right-small:1.92%;--awb-spacing-left-small:1.92%;\"><div class=\"fusion-column-wrapper fusion-column-has-shadow fusion-flex-justify-content-flex-start fusion-content-layout-column\"><div class=\"fusion-text fusion-text-4\"><p><i><span style=\"color: var(--awb-text-color); font-family: var(--awb-text-font-family); font-size: var(--awb-font-size); font-weight: var(--awb-text-font-weight); letter-spacing: var(--awb-letter-spacing); text-align: var(--awb-content-alignment); text-transform: var(--awb-text-transform); background-color: var(--awb-bg-color-hover);\">Das Freedom Quartet wird durch die Provinz Gelderland erm\u00f6glicht.<\/span>  Dieses grenz\u00fcberschreitende Programm tr\u00e4gt zu mehr Verbindung, Begegnung, Austausch \u00fcber Freiheit und zur Erkenntnis bei, dass Freiheit nicht als selbstverst\u00e4ndlich angesehen werden darf und dass jeder Freiheit weitergeben kann.  <\/i><\/p>\n<\/div><\/div><\/div><\/div><\/div><\/p>\n","protected":false},"excerpt":{"rendered":"","protected":false},"author":4,"featured_media":0,"parent":2491,"menu_order":2,"comment_status":"closed","ping_status":"closed","template":"100-width.php","meta":{"footnotes":""},"class_list":["post-6050","page","type-page","status-publish","hentry"],"aioseo_notices":[],"_links":{"self":[{"href":"https:\/\/nationaalonderduikmuseum.nl\/de\/wp-json\/wp\/v2\/pages\/6050","targetHints":{"allow":["GET"]}}],"collection":[{"href":"https:\/\/nationaalonderduikmuseum.nl\/de\/wp-json\/wp\/v2\/pages"}],"about":[{"href":"https:\/\/nationaalonderduikmuseum.nl\/de\/wp-json\/wp\/v2\/types\/page"}],"author":[{"embeddable":true,"href":"https:\/\/nationaalonderduikmuseum.nl\/de\/wp-json\/wp\/v2\/users\/4"}],"replies":[{"embeddable":true,"href":"https:\/\/nationaalonderduikmuseum.nl\/de\/wp-json\/wp\/v2\/comments?post=6050"}],"version-history":[{"count":18,"href":"https:\/\/nationaalonderduikmuseum.nl\/de\/wp-json\/wp\/v2\/pages\/6050\/revisions"}],"predecessor-version":[{"id":6743,"href":"https:\/\/nationaalonderduikmuseum.nl\/de\/wp-json\/wp\/v2\/pages\/6050\/revisions\/6743"}],"up":[{"embeddable":true,"href":"https:\/\/nationaalonderduikmuseum.nl\/de\/wp-json\/wp\/v2\/pages\/2491"}],"wp:attachment":[{"href":"https:\/\/nationaalonderduikmuseum.nl\/de\/wp-json\/wp\/v2\/media?parent=6050"}],"curies":[{"name":"wp","href":"https:\/\/api.w.org\/{rel}","templated":true}]}}