{"id":4598,"date":"2023-04-26T11:30:51","date_gmt":"2023-04-26T11:30:51","guid":{"rendered":"https:\/\/nationaalonderduikmuseum.nl\/datenschutz\/"},"modified":"2026-04-01T19:48:55","modified_gmt":"2026-04-01T19:48:55","slug":"datenschutz","status":"publish","type":"page","link":"https:\/\/nationaalonderduikmuseum.nl\/de\/datenschutz\/","title":{"rendered":"Datenschutz"},"content":{"rendered":"<div class=\"fusion-fullwidth fullwidth-box fusion-builder-row-1 fusion-flex-container has-pattern-background has-mask-background nonhundred-percent-fullwidth non-hundred-percent-height-scrolling\" style=\"--awb-border-radius-top-left:0px;--awb-border-radius-top-right:0px;--awb-border-radius-bottom-right:0px;--awb-border-radius-bottom-left:0px;--awb-padding-top:0px;--awb-padding-bottom:0px;--awb-margin-top:30px;--awb-margin-bottom:0px;--awb-flex-wrap:wrap;\" ><div class=\"fusion-builder-row fusion-row fusion-flex-align-items-flex-start fusion-flex-content-wrap\" style=\"max-width:1456px;margin-left: calc(-4% \/ 2 );margin-right: calc(-4% \/ 2 );\"><div class=\"fusion-layout-column fusion_builder_column fusion-builder-column-0 fusion_builder_column_1_1 1_1 fusion-flex-column\" style=\"--awb-bg-size:cover;--awb-width-large:100%;--awb-margin-top-large:0px;--awb-spacing-right-large:1.92%;--awb-margin-bottom-large:20px;--awb-spacing-left-large:1.92%;--awb-width-medium:100%;--awb-order-medium:0;--awb-spacing-right-medium:1.92%;--awb-spacing-left-medium:1.92%;--awb-width-small:100%;--awb-order-small:0;--awb-spacing-right-small:1.92%;--awb-spacing-left-small:1.92%;\"><div class=\"fusion-column-wrapper fusion-column-has-shadow fusion-flex-justify-content-flex-start fusion-content-layout-column\"><div class=\"fusion-title title fusion-title-1 fusion-sep-none fusion-title-text fusion-title-size-one\" style=\"--awb-margin-top-small:8px;--awb-margin-right-small:0px;--awb-margin-bottom-small:16px;--awb-margin-left-small:0px;\"><h1 class=\"fusion-title-heading title-heading-left fusion-responsive-typography-calculated\" style=\"margin:0;--fontSize:64;line-height:1.25;\"><h1>Privacybeleid<\/h1><\/h1><\/div><div class=\"fusion-text fusion-text-1\"><h2>1. Einleitung<\/h2>\n<p>Mit Wirkung vom 25. Mai 2018 ist die Datenschutz-Grundverordnung (DSGVO) in Kraft getreten. Auch die Vereniging Nationaal Onderduikmuseum en VVV Aalten (wir, uns) ist an diese Verordnung gebunden. Wir erachten den Schutz personenbezogener Daten als wesentlich und haben eine Datenschutzrichtlinie erstellt. In unserer Datenschutzrichtlinie geben wir klare und transparente Informationen dar\u00fcber, wie wir personenbezogene Daten von Freiwilligen und Mitarbeitern, Mitgliedern, Kunden und Besuchern unserer Website verarbeiten.   <\/p>\n<p>Anhand eines Stufenplans wird aufgezeigt, wie wir die Datenschutzrichtlinie umsetzen.<\/p>\n<p>Die zuvor vom Museum festgelegte Datenschutzrichtlinie \u201ePrivacy Reglement Nationaal Onderduikmuseum en VVV\u201c vom 9. Februar 2016 wurde durch die neue Richtlinie aktualisiert. Die ebenfalls zuvor festgelegte Richtlinie zur Video\u00fcberwachung (14. Februar 2017) bleibt unver\u00e4ndert in Kraft und ist Bestandteil der aktualisierten Richtlinie. <\/p>\n<h2>2. Personenbezogene Daten<\/h2>\n<p>Personenbezogene Daten sind Informationen, die sich auf eine identifizierte oder identifizierbare nat\u00fcrliche Person beziehen. Wir verwenden Ihre personenbezogenen Daten, wenn Sie unsere Website besuchen, \u00fcber soziale Medien Kontakt zu uns aufnehmen, Freiwilliger oder Freund unseres Museums werden oder eine Spende t\u00e4tigen. Auch Daten f\u00fcr die Teilnahme an einer Wanderung, F\u00fchrung, einem Vortrag, einem Besuch der Escaperoom oder f\u00fcr andere Produkte und Dienstleistungen verarbeiten wir, um Ihnen den bestm\u00f6glichen Service zu bieten.  <\/p>\n<p>Die von uns angeforderten und genutzten personenbezogenen Daten h\u00e4ngen von der Art der Dienstleistung oder des Produkts ab, das Sie von uns in Anspruch nehmen, wie z. B.:<\/p>\n<ul>\n<li>Name, Adresse, Wohnort, (Mobil-)Telefonnummer und E-Mail-Adresse;<\/li>\n<li>Anrede (Frau, Herr);<\/li>\n<li>Inhalt Ihrer Kommunikation mit uns, z. B. wenn Sie uns per E-Mail oder auf andere Weise kontaktieren;<\/li>\n<li>Ihre Bankverbindung bei Zahlungen oder Abrechnungen;<\/li>\n<li>Geburtsdatum von festen Mitarbeitern und Freiwilligen;<\/li>\n<li>Steueridentifikationsnummer (BSN) von festen Mitarbeitern;<\/li>\n<li>Bildaufnahmen unserer Sicherheitskamera im zentralen Eingangsbereich.<\/li>\n<\/ul>\n<h2>3. Sicherheit<\/h2>\n<p>Die Registrierungen mit personenbezogenen Daten werden digital gespeichert. Einige Registrierungen werden auch ausgedruckt und in Ordnern in einem abschlie\u00dfbaren Schrank oder einer Schublade aufbewahrt. Nur Mitarbeiter und Freiwillige, die Ihre personenbezogenen Daten f\u00fcr ihre Arbeit ben\u00f6tigen, haben Zugang dazu. Soweit Freiwillige an unseren PCs arbeiten, m\u00fcssen sie hierf\u00fcr ein Passwort verwenden. Zudem haben sie nur Zugang zu einem abgeschirmten Bereich, der sich ausschlie\u00dflich auf die Aufgaben bezieht, die der jeweilige Freiwillige ausf\u00fchren muss.   <\/p>\n<h2>4. Auftragsverarbeiter<\/h2>\n<p>F\u00fcr einige unserer T\u00e4tigkeiten im Zusammenhang mit personenbezogenen Daten greifen wir auf externe Organisationen zur\u00fcck, z. B. f\u00fcr: die Erstellung von Backups der Dateien auf unseren Computern, den Aufbau und die Wartung von ICT-Infrastrukturen, Online-Zahlungen f\u00fcr Buchungen der Escaperoom, den Versand digitaler Newsletter. <\/p>\n<p>Diese Externen handeln unter unserer Verantwortung. Daher schlie\u00dfen wir mit ihnen Vertr\u00e4ge zur Auftragsverarbeitung ab, in denen festgelegt ist, was der jeweilige Verarbeiter darf und muss \u2013 auch in Bezug auf den Schutz Ihrer Privatsph\u00e4re.  <\/p>\n<h2>5. Weitergabe personenbezogener Daten<\/h2>\n<p>Wenn Sie sich f\u00fcr unseren digitalen Newsletter anmelden, geben wir Ihren Namen und Ihre E-Mail-Adresse an die Website Mailchimp weiter, die den Newsletter an Sie versendet. Wir geben Ihre personenbezogenen Daten auch dann weiter, wenn dies erforderlich ist, z. B. zur Abwicklung von Zahlungen, oder wenn wir gesetzlich dazu verpflichtet sind. Ansonsten werden wir Ihre personenbezogenen Daten nur mit Ihrer Zustimmung an Dritte weitergeben.  <\/p>\n<p>Wir weisen Sie darauf hin, dass beim Ansehen von YouTube-Videos auf unserer Website Ihre Besucherdaten mit YouTube geteilt werden. In diesem Fall verweisen wir auf die Datenschutzrichtlinie von YouTube. <\/p>\n<h2>6. Datenschutzrichtlinie Video\u00fcberwachung<\/h2>\n<p>Diese Richtlinie regelt die Video\u00fcberwachung in der zentralen Halle des NOMA\/VVV. Mit Hilfe einer Kamera wird permanent gefilmt. Die Bildinformationen werden durch Bewegungsmelder digital aufgezeichnet. Die Bildinformationen stellen eine personenbezogene Registrierung im Sinne des Datenschutzgesetzes dar. In einer separaten Richtlinie wird die Video\u00fcberwachungspolitik beschrieben. Die Richtlinie wurde am 14. Februar 2017 festgelegt und enth\u00e4lt eine Beschreibung der Aufgaben, Verantwortlichkeiten und Verfahren zur Video\u00fcberwachung, um einen integren Umgang mit dem Kamerasystem und den Schutz der Privatsph\u00e4re zu gew\u00e4hrleisten.     <\/p>\n<h2>7. Soziale Medien<\/h2>\n<p>\u00dcber das Web und andere soziale Medien f\u00fchren wir gerne einen Dialog mit Mitgliedern, Kunden und Besuchern der Website \u00fcber unser Museum und unsere Ausstellungen. Ziel ist es, n\u00fctzliche und relevante Informationen bereitzustellen und Fragen zu beantworten. Dazu beobachten wir aktiv das Internet und soziale Medien wie Facebook, Twitter und Blogs. Wir verfolgen Diskussionen auf diesen Kan\u00e4len, nehmen daran teil oder gehen proaktiv darauf ein. Auch beantworten wir individuelle, relevante Fragen und Kommentare.    <\/p>\n<p>Wir behalten uns ausdr\u00fccklich das Recht vor, nicht auf jede Frage oder jeden Kommentar zu antworten. Aus einer Antwort oder Nicht-Antwort k\u00f6nnen keine Rechte abgeleitet werden. Bei der Teilnahme an Diskussionen, der Beantwortung von Fragen oder der Reaktion auf Kommentare kann es vorkommen, dass wir (personenbezogene) Daten erfassen. Diese werden selbstverst\u00e4ndlich gem\u00e4\u00df dieser Datenschutzerkl\u00e4rung verarbeitet.   <\/p>\n<p>Wir sind nicht verantwortlich f\u00fcr den Umgang mit personenbezogenen Daten durch andere Teilnehmer sozialer Medien oder deren Inhalte.<\/p>\n<h2>8. Website und Cookies<\/h2>\n<p>Unsere Website ist mit einer zus\u00e4tzlichen Sicherheit ausgestattet, sodass Sie keine Meldungen \u00fcber unsichere Verbindungen erhalten (SSL-Zertifikat).<\/p>\n<p>Wenn Sie unsere Website besuchen, werden Cookies auf Ihrem Computer gespeichert und von Ihrem Browser verwaltet. Cookies sind kleine Textdateien, die die Benutzerfreundlichkeit und Effektivit\u00e4t unserer Website f\u00fcr Sie erh\u00f6hen. <\/p>\n<p>\u00dcber unsere Website \u2013 durch Links \u2013 k\u00f6nnen Sie auf andere Websites gelangen, wie z. B. Erfgoed Aalten, Collectie Gelderland, Facebook, Twitter oder Tripadvisor. Auch k\u00f6nnen Sie auf unserer Website YouTube-Videos ansehen. Wir sind nicht verantwortlich f\u00fcr die Verwendung von Cookies durch andere Websites und YouTube. In diesen F\u00e4llen verweisen wir auf deren Datenschutzrichtlinien.   <\/p>\n<h2>9. Information und Kommunikation<\/h2>\n<p>Wir informieren unsere Mitarbeiter und Freiwilligen bestm\u00f6glich \u00fcber die Inhalte der Datenschutz-Grundverordnung. \u00dcber den digitalen Newsletter halten wir unsere Mitglieder, Spender und andere Interessierte \u00fcber unsere neue Datenschutzrichtlinie auf dem Laufenden. <\/p>\n<p>Wenn wir Sie bitten, ein Formular auszuf\u00fcllen, wird darauf angegeben, wof\u00fcr das Nationaal Onderduikmuseum personenbezogene Daten ben\u00f6tigt.<\/p>\n<h2>10. Aufbewahrung<\/h2>\n<p>Wir bewahren Ihre personenbezogenen Daten nicht l\u00e4nger auf, als es notwendig ist. Bei finanziellen Daten halten wir uns an die gesetzliche Frist von sieben Jahren. <\/p>\n<h2>11. Ihre Rechte<\/h2>\n<p>Selbstverst\u00e4ndlich haben Sie das Recht, einzusehen, welche Daten wir von Ihnen gespeichert haben. Sie k\u00f6nnen diese auch berichtigen lassen, die Verarbeitung einschr\u00e4nken, die \u00dcbertragung an einen anderen Verantwortlichen beantragen \u2013 soweit dies technisch m\u00f6glich ist \u2013 oder die L\u00f6schung verlangen. <\/p>\n<h2>12. Beschwerden<\/h2>\n<p>Beschwerden \u00fcber die Anwendung der Datenschutzrichtlinie, das Verhalten der an der Richtlinie beteiligten Personen (mit Ausnahme von Polizei- und Justizbeamten) oder die Verweigerung der Einsicht in personenbezogene Registrierungen und Bildinformationen k\u00f6nnen Sie innerhalb von sechs Wochen schriftlich beim Direktor des NOMA\/VVV einreichen. Das gilt auch f\u00fcr Beschwerden \u00fcber die Behandlung. <\/p>\n<p>Die Bearbeitung dieser Beschwerde erfolgt gem\u00e4\u00df der Datenschutzrichtlinie des NOMA\/VVV.<\/p>\n<p>Wir tun alles, um Ihre personenbezogenen Daten gem\u00e4\u00df der Datenschutz-Grundverordnung zu verarbeiten. Sollten Sie dennoch \u2013 auch nach Kontakt mit uns \u2013 der Meinung sein, dass Ihre personenbezogenen Daten entgegen unserer Datenschutzrichtlinie verarbeitet werden, haben Sie das Recht, eine Beschwerde bei der niederl\u00e4ndischen Datenschutzbeh\u00f6rde (Autoriteit Persoonsgegevens) einzureichen. <\/p>\n<h2>13. \u00c4nderungen<\/h2>\n<p>Wir behalten uns das Recht vor, \u00c4nderungen an unserer Datenschutzrichtlinie vorzunehmen. Falls wir eine wichtige \u00c4nderung durchf\u00fchren, die Auswirkungen auf die Verarbeitung Ihrer personenbezogenen Daten hat, werden wir Sie dar\u00fcber \u00fcber eine Mitteilung auf unserer Website und im Newsletter informieren. <\/p>\n<h2>14. Kontaktdaten<\/h2>\n<p>F\u00fcr Fragen oder Beschwerden zu unserer Datenschutzrichtlinie k\u00f6nnen Sie sich an folgende Adresse wenden:<\/p>\n<p>Vereniging Nationaal Onderduikmuseum\/VVV Aalten<br \/>\nz. Hd. des Direktors<br \/>\nMarkt 14<br \/>\n7121 CS Aalten<br \/>NIEDERLANDE<br \/>\n<a href=\"mailto:info@onderduikmuseum.nl\">info@onderduikmuseum.nl<\/a><\/p>\n<p>Aalten, den 7. August 2018. So beschlossen durch den Vorstand der Vereniging Nationaal Onderduikmuseum en VVV Aalten. <\/p>\n<\/div><\/div><\/div><\/div><\/div>\n","protected":false},"excerpt":{"rendered":"","protected":false},"author":1,"featured_media":0,"parent":0,"menu_order":99,"comment_status":"closed","ping_status":"closed","template":"","meta":{"footnotes":""},"class_list":["post-4598","page","type-page","status-publish","hentry"],"aioseo_notices":[],"_links":{"self":[{"href":"https:\/\/nationaalonderduikmuseum.nl\/de\/wp-json\/wp\/v2\/pages\/4598","targetHints":{"allow":["GET"]}}],"collection":[{"href":"https:\/\/nationaalonderduikmuseum.nl\/de\/wp-json\/wp\/v2\/pages"}],"about":[{"href":"https:\/\/nationaalonderduikmuseum.nl\/de\/wp-json\/wp\/v2\/types\/page"}],"author":[{"embeddable":true,"href":"https:\/\/nationaalonderduikmuseum.nl\/de\/wp-json\/wp\/v2\/users\/1"}],"replies":[{"embeddable":true,"href":"https:\/\/nationaalonderduikmuseum.nl\/de\/wp-json\/wp\/v2\/comments?post=4598"}],"version-history":[{"count":9,"href":"https:\/\/nationaalonderduikmuseum.nl\/de\/wp-json\/wp\/v2\/pages\/4598\/revisions"}],"predecessor-version":[{"id":6592,"href":"https:\/\/nationaalonderduikmuseum.nl\/de\/wp-json\/wp\/v2\/pages\/4598\/revisions\/6592"}],"wp:attachment":[{"href":"https:\/\/nationaalonderduikmuseum.nl\/de\/wp-json\/wp\/v2\/media?parent=4598"}],"curies":[{"name":"wp","href":"https:\/\/api.w.org\/{rel}","templated":true}]}}