{"id":2264,"date":"2022-08-17T08:24:47","date_gmt":"2022-08-17T08:24:47","guid":{"rendered":"https:\/\/nationaalonderduikmuseum.nl\/sehen-und-unternehmen\/escaperoom\/"},"modified":"2026-04-01T19:49:10","modified_gmt":"2026-04-01T19:49:10","slug":"escaperoom","status":"publish","type":"page","link":"https:\/\/nationaalonderduikmuseum.nl\/de\/sehen-und-unternehmen\/escaperoom\/","title":{"rendered":"Escaperoom"},"content":{"rendered":"<p><div class=\"fusion-fullwidth fullwidth-box fusion-builder-row-1 fusion-flex-container has-pattern-background has-mask-background nonhundred-percent-fullwidth non-hundred-percent-height-scrolling\" style=\"--awb-border-radius-top-left:0px;--awb-border-radius-top-right:0px;--awb-border-radius-bottom-right:0px;--awb-border-radius-bottom-left:0px;--awb-flex-wrap:wrap;\" ><div class=\"fusion-builder-row fusion-row fusion-flex-align-items-flex-start fusion-flex-content-wrap\" style=\"max-width:1456px;margin-left: calc(-4% \/ 2 );margin-right: calc(-4% \/ 2 );\"><div class=\"fusion-layout-column fusion_builder_column fusion-builder-column-0 fusion_builder_column_1_1 1_1 fusion-flex-column\" style=\"--awb-bg-size:cover;--awb-width-large:100%;--awb-margin-top-large:0px;--awb-spacing-right-large:1.92%;--awb-margin-bottom-large:20px;--awb-spacing-left-large:1.92%;--awb-width-medium:100%;--awb-order-medium:0;--awb-spacing-right-medium:1.92%;--awb-spacing-left-medium:1.92%;--awb-width-small:100%;--awb-order-small:0;--awb-spacing-right-small:1.92%;--awb-spacing-left-small:1.92%;\"><div class=\"fusion-column-wrapper fusion-column-has-shadow fusion-flex-justify-content-flex-start fusion-content-layout-column\"><div class=\"fusion-title title fusion-title-1 fusion-sep-none fusion-title-center fusion-title-text fusion-title-size-two\" style=\"--awb-margin-bottom:64px;--awb-margin-top-small:8px;--awb-margin-right-small:0px;--awb-margin-bottom-small:16px;--awb-margin-left-small:0px;\"><h2 class=\"fusion-title-heading title-heading-center fusion-responsive-typography-calculated\" style=\"margin:0;--fontSize:48;line-height:var(--awb-typography1-line-height);\">Escaperoom der Freiheit<\/h2><\/div><\/div><\/div><div class=\"fusion-layout-column fusion_builder_column fusion-builder-column-1 fusion_builder_column_1_2 1_2 fusion-flex-column\" style=\"--awb-bg-size:cover;--awb-width-large:50%;--awb-margin-top-large:0px;--awb-spacing-right-large:3.84%;--awb-margin-bottom-large:20px;--awb-spacing-left-large:3.84%;--awb-width-medium:50%;--awb-order-medium:0;--awb-spacing-right-medium:3.84%;--awb-spacing-left-medium:3.84%;--awb-width-small:100%;--awb-order-small:0;--awb-spacing-right-small:1.92%;--awb-spacing-left-small:1.92%;\"><div class=\"fusion-column-wrapper fusion-column-has-shadow fusion-flex-justify-content-flex-start fusion-content-layout-column\"><div class=\"fusion-text fusion-text-1\"><p>Stellen Sie sich Folgendes vor: Ihr Land ist besetzt. \u00dcberall sieht man Soldaten aus einem anderen Land. Sie haben das Sagen. Man kann sie kaum verstehen, sie sprechen eine andere Sprache. Und das nicht nur mit dem Mund. Sie denken auch anders     <\/p>\n<p>\u00dcber Gerechtigkeit. \u00dcber Gleichheit. \u00dcber die Wahrheit.  <\/p>\n<p>Sie wollen ihnen sagen, dass sie im Unrecht sind. Dass sie ungerecht sind. Dass sie nicht \u00fcber das Gl\u00fcck und das Leben anderer Menschen entscheiden sollten. Aber man lernt schnell, dass man das besser nicht tun sollte.   <\/p>\n<p>Jeden Tag h\u00f6rt man von Menschen, die von diesen Soldaten get\u00f6tet wurden. Gew\u00f6hnliche Menschen wie Sie: Der Lehrer, weil er verhindern wollte, dass die Soldaten die Schule in Besitz nehmen. Der B\u00e4cker, der f\u00fcr das Brot, das sie ihm weggenommen haben, bezahlt werden wollte. Der Nachbar, der w\u00fctend wurde, weil lachende Soldaten ein junges M\u00e4dchen wegschleppten.   <\/p>\n<p><a href=\"https:\/\/escaperoom-aalten.nl\/\" target=\"_blank\" rel=\"noopener\"><strong>Und jetzt sind Sie an der Reihe!<\/strong><\/a><\/p>\n<\/div><div ><a class=\"fusion-button button-flat fusion-button-default-size button-custom fusion-button-default button-1 fusion-button-default-span fusion-button-default-type\" style=\"--button_accent_color:#ffffff;--button_accent_hover_color:var(--awb-color1);--button_border_hover_color:var(--awb-color4);--button_gradient_top_color:var(--awb-color4);--button_gradient_bottom_color:var(--awb-color4);--button_gradient_top_color_hover:var(--awb-color5);--button_gradient_bottom_color_hover:var(--awb-color5);\" target=\"_blank\" rel=\"noopener noreferrer\" href=\"https:\/\/escaperoom-aalten.nl\/\"><span class=\"fusion-button-text awb-button__text awb-button__text--default\">Tickets bestellen<\/span><\/a><\/div><\/div><\/div><div class=\"fusion-layout-column fusion_builder_column fusion-builder-column-2 fusion_builder_column_1_2 1_2 fusion-flex-column\" style=\"--awb-bg-size:cover;--awb-width-large:50%;--awb-margin-top-large:0px;--awb-spacing-right-large:3.84%;--awb-margin-bottom-large:20px;--awb-spacing-left-large:3.84%;--awb-width-medium:50%;--awb-order-medium:0;--awb-spacing-right-medium:3.84%;--awb-spacing-left-medium:3.84%;--awb-width-small:100%;--awb-order-small:0;--awb-spacing-right-small:1.92%;--awb-spacing-left-small:1.92%;\"><div class=\"fusion-column-wrapper fusion-column-has-shadow fusion-flex-justify-content-flex-start fusion-content-layout-column\"><div class=\"fusion-text fusion-text-2\"><p>Wenn Sie diesen Escaperoom betreten, haben Sie an der T\u00fcr mit Ihrer Freiheit bezahlt.<\/p>\n<p>Was Ihnen hier begegnet, sind die Probleme und Dilemmata, mit denen jeder konfrontiert wird, der fliehen muss. Wenn Sie sich entscheiden, aus Ihrer Welt zu fliehen, m\u00fcssen Sie aufgeben, was Sie kennen und wissen. Sie werden alles daran setzen m\u00fcssen, sich in Ihrer neuen Situation zu behaupten. Das Wichtigste ist jetzt, dass Sie Ihre neue Situation verstehen. Einen scharfen Blick zu haben, damit Sie die Zeichen erkennen, sich trauen, Entscheidungen zu treffen und sich von dem, was Sie bisher kannten, zu l\u00f6sen.    <\/p>\n<p>Gelingt es Ihnen, sich unter dem Radar zu bewegen, unsichtbar und unh\u00f6rbar f\u00fcr den Feind zu werden?<\/p>\n<\/div><\/div><\/div><\/div><\/div><div class=\"fusion-fullwidth fullwidth-box fusion-builder-row-2 fusion-flex-container has-pattern-background has-mask-background nonhundred-percent-fullwidth non-hundred-percent-height-scrolling support-us-container\" style=\"--awb-border-radius-top-left:0px;--awb-border-radius-top-right:0px;--awb-border-radius-bottom-right:0px;--awb-border-radius-bottom-left:0px;--awb-background-color:var(--awb-color5);--awb-flex-wrap:wrap;\" ><div class=\"fusion-builder-row fusion-row fusion-flex-align-items-flex-start fusion-flex-justify-content-center fusion-flex-content-wrap\" style=\"max-width:1456px;margin-left: calc(-4% \/ 2 );margin-right: calc(-4% \/ 2 );\"><div class=\"fusion-layout-column fusion_builder_column fusion-builder-column-3 fusion_builder_column_4_5 4_5 fusion-flex-column\" style=\"--awb-bg-size:cover;--awb-width-large:80%;--awb-margin-top-large:0px;--awb-spacing-right-large:2.4%;--awb-margin-bottom-large:20px;--awb-spacing-left-large:2.4%;--awb-width-medium:80%;--awb-order-medium:0;--awb-spacing-right-medium:2.4%;--awb-spacing-left-medium:2.4%;--awb-width-small:100%;--awb-order-small:0;--awb-spacing-right-small:1.92%;--awb-spacing-left-small:1.92%;\"><div class=\"fusion-column-wrapper fusion-column-has-shadow fusion-flex-justify-content-flex-start fusion-content-layout-column\"><div class=\"fusion-title title fusion-title-2 fusion-sep-none fusion-title-center fusion-title-text fusion-title-size-two\" style=\"--awb-text-color:var(--awb-color1);--awb-margin-top-small:8px;--awb-margin-right-small:0px;--awb-margin-bottom-small:16px;--awb-margin-left-small:0px;\"><h2 class=\"fusion-title-heading title-heading-center fusion-responsive-typography-calculated\" style=\"margin:0;--fontSize:48;line-height:var(--awb-typography1-line-height);\">Hier Tickets anfordern<\/h2><\/div><div class=\"fusion-text fusion-text-3\" style=\"--awb-text-color:var(--awb-color1);\"><p style=\"text-align: center;\"><strong>k\u00f6nnen Sie die richtigen Entscheidungen treffen?<\/strong><br \/>\n<strong>Bestellen Sie jetzt Tickets<\/strong><\/p>\n<\/div><div style=\"text-align:center;\"><a class=\"fusion-button button-flat fusion-button-default-size button-default fusion-button-default button-2 fusion-button-default-span fusion-button-default-type\" style=\"--button_margin-top:40px;\" target=\"_blank\" rel=\"noopener noreferrer\" href=\"https:\/\/escaperoom-aalten.nl\/\"><span class=\"fusion-button-text awb-button__text awb-button__text--default\">bestellen<\/span><\/a><\/div><\/div><\/div><\/div><\/div><div class=\"fusion-fullwidth fullwidth-box fusion-builder-row-3 fusion-flex-container has-pattern-background has-mask-background nonhundred-percent-fullwidth non-hundred-percent-height-scrolling\" style=\"--awb-border-radius-top-left:0px;--awb-border-radius-top-right:0px;--awb-border-radius-bottom-right:0px;--awb-border-radius-bottom-left:0px;--awb-flex-wrap:wrap;\" ><div class=\"fusion-builder-row fusion-row fusion-flex-align-items-flex-start fusion-flex-content-wrap\" style=\"max-width:1456px;margin-left: calc(-4% \/ 2 );margin-right: calc(-4% \/ 2 );\"><div class=\"fusion-layout-column fusion_builder_column fusion-builder-column-4 fusion_builder_column_1_1 1_1 fusion-flex-column\" style=\"--awb-bg-size:cover;--awb-width-large:100%;--awb-margin-top-large:0px;--awb-spacing-right-large:1.92%;--awb-margin-bottom-large:20px;--awb-spacing-left-large:1.92%;--awb-width-medium:100%;--awb-order-medium:0;--awb-spacing-right-medium:1.92%;--awb-spacing-left-medium:1.92%;--awb-width-small:100%;--awb-order-small:0;--awb-spacing-right-small:1.92%;--awb-spacing-left-small:1.92%;\"><div class=\"fusion-column-wrapper fusion-column-has-shadow fusion-flex-justify-content-flex-start fusion-content-layout-column\"><div class=\"fusion-text fusion-text-4\"><h2 class=\"text_intertit\">\u00dcber die Erfinder<\/h2>\n<p>Caro Wicher und Theo Soonti\u00ebns sind Theatermacher aus dem Achterhoek. Sie arbeiten nicht nur im Theater, sondern finden es auch wichtig, Kunst mit dem t\u00e4glichen Leben, der Geschichte und dem Erbe verschmelzen zu lassen. <\/p>\n<p>Daher war die Gestaltung dieses Escape Rooms genau nach ihrem Geschmack. Sie wollten einen Escape Room bauen, in dem die Menschen nicht nur R\u00e4tsel l\u00f6sen, sondern auch die Geschichte miterleben. Eine wichtige Geschichte.  <\/p>\n<p>Durch die Zusammenarbeit mit Peter Schilleman (Webentwickler) und Jasper Fernhout (Requisiten- und Dekorationsdesigner\/Bauer) ist es gelungen, diesen besonderen Escape Room zu einem einzigartigen Erlebnis f\u00fcr alle zu machen, die sich dieser Herausforderung stellen.<\/p>\n<\/div><\/div><\/div><\/div><\/div><div class=\"fusion-fullwidth fullwidth-box fusion-builder-row-4 fusion-flex-container has-pattern-background has-mask-background nonhundred-percent-fullwidth non-hundred-percent-height-scrolling\" style=\"--awb-border-radius-top-left:0px;--awb-border-radius-top-right:0px;--awb-border-radius-bottom-right:0px;--awb-border-radius-bottom-left:0px;--awb-flex-wrap:wrap;\" ><div class=\"fusion-builder-row fusion-row fusion-flex-align-items-flex-start fusion-flex-content-wrap\" style=\"max-width:1456px;margin-left: calc(-4% \/ 2 );margin-right: calc(-4% \/ 2 );\"><div class=\"fusion-layout-column fusion_builder_column fusion-builder-column-5 fusion_builder_column_1_1 1_1 fusion-flex-column\" style=\"--awb-bg-size:cover;--awb-width-large:100%;--awb-margin-top-large:0px;--awb-spacing-right-large:1.92%;--awb-margin-bottom-large:20px;--awb-spacing-left-large:1.92%;--awb-width-medium:100%;--awb-order-medium:0;--awb-spacing-right-medium:1.92%;--awb-spacing-left-medium:1.92%;--awb-width-small:100%;--awb-order-small:0;--awb-spacing-right-small:1.92%;--awb-spacing-left-small:1.92%;\"><div class=\"fusion-column-wrapper fusion-column-has-shadow fusion-flex-justify-content-flex-start fusion-content-layout-column\"><div class=\"fusion-title title fusion-title-3 fusion-sep-none fusion-title-center fusion-title-text fusion-title-size-two\" style=\"--awb-margin-bottom:80px;--awb-margin-top-small:8px;--awb-margin-right-small:0px;--awb-margin-bottom-small:16px;--awb-margin-left-small:0px;\"><h2 class=\"fusion-title-heading title-heading-center fusion-responsive-typography-calculated\" style=\"margin:0;--fontSize:48;line-height:var(--awb-typography1-line-height);\">Erfahrungen<\/h2><\/div><div class=\"posts-wrapper\" id=\"ervaringen-wrapper\"><div class=\"single-post\"><span class=\"category\">Museum<\/span><div class=\"content\"><span class=\"text\">&#8216;Danke an die Leute aus der Sammlungsverwaltung&#8217;<\/span><span class=\"subtext\">Danke, dass Sie die Auszeichnungen von Onkel Jan herausgebracht haben. Wir haben es als gut und beeindruckend erlebt. <\/span><\/div><span class=\"name\">- Dinie Luijmes<\/span><\/div><div class=\"single-post\"><span class=\"category\">Tentoonstelling<\/span><div class=\"content\"><span class=\"text\">&#8216;Die Kinder fanden das lehrreich!&#8217;<\/span><span class=\"subtext\">Wir waren hier mit 100 Sch\u00fclern. Gute Anleitung von den Freiwilligen. <\/span><\/div><span class=\"name\">- Joep Schipper<\/span><\/div><div class=\"single-post\"><span class=\"category\">Escaperoom<\/span><div class=\"content\"><span class=\"text\">&#8216;Sehr spannend, sehr zu empfehlen!&#8217;<\/span><span class=\"subtext\">Cooler Escape Room und du brauchst alle deine Sinne.<\/span><\/div><span class=\"name\">- Floris Baars<\/span><\/div><div class=\"single-post\"><span class=\"category\">Speurtocht<\/span><div class=\"content\"><span class=\"text\">&#8216;Was f\u00fcr ein gro\u00dfartiges Museum!&#8217;<\/span><span class=\"subtext\">Unsere Kinder, 11 und 13 Jahre alt, mochten besonders die Schnitzeljagd.<\/span><\/div><span class=\"name\">- Patrick Sluiter<\/span><\/div><\/div><\/div><\/div><\/div><\/div><\/p>\n","protected":false},"excerpt":{"rendered":"","protected":false},"author":1,"featured_media":349,"parent":2169,"menu_order":3,"comment_status":"closed","ping_status":"closed","template":"template-landingspage.php","meta":{"footnotes":""},"class_list":["post-2264","page","type-page","status-publish","has-post-thumbnail","hentry"],"aioseo_notices":[],"_links":{"self":[{"href":"https:\/\/nationaalonderduikmuseum.nl\/de\/wp-json\/wp\/v2\/pages\/2264","targetHints":{"allow":["GET"]}}],"collection":[{"href":"https:\/\/nationaalonderduikmuseum.nl\/de\/wp-json\/wp\/v2\/pages"}],"about":[{"href":"https:\/\/nationaalonderduikmuseum.nl\/de\/wp-json\/wp\/v2\/types\/page"}],"author":[{"embeddable":true,"href":"https:\/\/nationaalonderduikmuseum.nl\/de\/wp-json\/wp\/v2\/users\/1"}],"replies":[{"embeddable":true,"href":"https:\/\/nationaalonderduikmuseum.nl\/de\/wp-json\/wp\/v2\/comments?post=2264"}],"version-history":[{"count":12,"href":"https:\/\/nationaalonderduikmuseum.nl\/de\/wp-json\/wp\/v2\/pages\/2264\/revisions"}],"predecessor-version":[{"id":5290,"href":"https:\/\/nationaalonderduikmuseum.nl\/de\/wp-json\/wp\/v2\/pages\/2264\/revisions\/5290"}],"up":[{"embeddable":true,"href":"https:\/\/nationaalonderduikmuseum.nl\/de\/wp-json\/wp\/v2\/pages\/2169"}],"wp:featuredmedia":[{"embeddable":true,"href":"https:\/\/nationaalonderduikmuseum.nl\/de\/wp-json\/wp\/v2\/media\/349"}],"wp:attachment":[{"href":"https:\/\/nationaalonderduikmuseum.nl\/de\/wp-json\/wp\/v2\/media?parent=2264"}],"curies":[{"name":"wp","href":"https:\/\/api.w.org\/{rel}","templated":true}]}}