{"id":2227,"date":"2024-01-08T15:15:11","date_gmt":"2024-01-08T15:15:11","guid":{"rendered":"https:\/\/nationaalonderduikmuseum.nl\/over-ons\/partner\/"},"modified":"2026-04-05T15:04:44","modified_gmt":"2026-04-05T15:04:44","slug":"partner","status":"publish","type":"page","link":"https:\/\/nationaalonderduikmuseum.nl\/de\/over-ons\/partner\/","title":{"rendered":"Partner"},"content":{"rendered":"<div class=\"fusion-fullwidth fullwidth-box fusion-builder-row-1 fusion-flex-container has-pattern-background has-mask-background nonhundred-percent-fullwidth non-hundred-percent-height-scrolling\" style=\"--awb-border-radius-top-left:0px;--awb-border-radius-top-right:0px;--awb-border-radius-bottom-right:0px;--awb-border-radius-bottom-left:0px;--awb-padding-top:50px;--awb-padding-bottom:0px;--awb-flex-wrap:wrap;\" ><div class=\"fusion-builder-row fusion-row fusion-flex-align-items-flex-start fusion-flex-content-wrap\" style=\"max-width:1456px;margin-left: calc(-4% \/ 2 );margin-right: calc(-4% \/ 2 );\"><div class=\"fusion-layout-column fusion_builder_column fusion-builder-column-0 fusion_builder_column_1_1 1_1 fusion-flex-column\" style=\"--awb-bg-size:cover;--awb-width-large:100%;--awb-margin-top-large:0px;--awb-spacing-right-large:1.92%;--awb-margin-bottom-large:20px;--awb-spacing-left-large:1.92%;--awb-width-medium:100%;--awb-order-medium:0;--awb-spacing-right-medium:1.92%;--awb-spacing-left-medium:1.92%;--awb-width-small:100%;--awb-order-small:0;--awb-spacing-right-small:1.92%;--awb-spacing-left-small:1.92%;\"><div class=\"fusion-column-wrapper fusion-column-has-shadow fusion-flex-justify-content-flex-start fusion-content-layout-column\"><div class=\"fusion-title title fusion-title-1 fusion-sep-none fusion-title-text fusion-title-size-one\" style=\"--awb-margin-bottom:0px;--awb-margin-top-small:8px;--awb-margin-right-small:0px;--awb-margin-bottom-small:16px;--awb-margin-left-small:0px;\"><h1 class=\"fusion-title-heading title-heading-left fusion-responsive-typography-calculated\" style=\"margin:0;--fontSize:64;line-height:1.25;\"><h1>Partner<\/h1><\/h1><\/div><\/div><\/div><div class=\"fusion-layout-column fusion_builder_column fusion-builder-column-1 fusion_builder_column_1_2 1_2 fusion-flex-column\" style=\"--awb-bg-size:cover;--awb-width-large:50%;--awb-margin-top-large:0px;--awb-spacing-right-large:3.84%;--awb-margin-bottom-large:20px;--awb-spacing-left-large:3.84%;--awb-width-medium:50%;--awb-order-medium:0;--awb-spacing-right-medium:3.84%;--awb-spacing-left-medium:3.84%;--awb-width-small:100%;--awb-order-small:0;--awb-spacing-right-small:1.92%;--awb-spacing-left-small:1.92%;\"><div class=\"fusion-column-wrapper fusion-column-has-shadow fusion-flex-justify-content-flex-start fusion-content-layout-column\"><div class=\"fusion-text fusion-text-1\"><p><strong><a href=\"https:\/\/www.stadt-muenster.de\/nl\/villa-ten-hompel\/welkom\" target=\"_blank\" rel=\"noopener\">Geschichtsort Villa ten Hompel<\/a><br \/>\n<\/strong><em>Die Villa ten Hompel war urspr\u00fcnglich ein Wohnhaus, erbaut als Wohnsitz des wohl reichsten B\u00fcrgers M\u00fcnsters, Rudolf ten Hompel. W\u00e4hrend des Zweiten Weltkrieges war die Villa Hauptquartier der regionalen Ordnungspolizei f\u00fcr den Wehrkreis VI. So wurde sie zu einer Koordinationsstelle, von der aus Offiziere und bewaffnete Polizeieinheiten Verbrechen im Dienste des Nationalsozialismus begingen. In der Nachkriegszeit, zwischen 1954 und 1968, beherbergte die Villa die regionale Entsch\u00e4digungsstelle f\u00fcr die Opfer des NS-Regimes.   <\/em><strong><br \/>\n<\/strong><\/p>\n<p><a href=\"https:\/\/gedenkstaetten-augustaschacht-osnabrueck.de\/nl\/\" target=\"_blank\" rel=\"noopener\"><strong>Gedenkst\u00e4tte Augustaschacht e.V.<\/strong><\/a><em><br \/>\nDie Gedenkst\u00e4tte Gestapokeller besteht aus Gef\u00e4ngniszellen der Geheimen Staatspolizei (Gestapo) Osnabr\u00fcck. In der N\u00e4he befindet sich die Gedenkst\u00e4tte Augustaschacht auf dem Gel\u00e4nde des ehemaligen Arbeitserziehungslagers (AEL) Ohrbeck.<br \/>\n<\/em><\/p>\n<p><a href=\"https:\/\/www.uni-muenster.de\/ZNS\/\" target=\"_blank\" rel=\"noopener\"><strong>Zentrum f\u00fcr Niederlande Studien<\/strong><\/a><em><br \/>\nDas Zentrum f\u00fcr Niederlande-Studien ist das akademische Kompetenzzentrum f\u00fcr die niederl\u00e4ndische Forschung und die deutsch-niederl\u00e4ndischen Beziehungen in Europa. Durch seine Aktivit\u00e4ten in den Bereichen Unterricht, Forschung und Wissenstransfer stellt es wichtiges Fachwissen zur Verf\u00fcgung.<br \/>\n<\/em><\/p>\n<p><a href=\"https:\/\/www.uni-muenster.de\/en\/\" target=\"_blank\" rel=\"noopener\"><strong>Universiteit M\u00fcnster<\/strong><\/a><\/p>\n<p><a href=\"https:\/\/www.kult-westmuensterland.de\/nl\/kult\/\" target=\"_blank\" rel=\"noopener\"><strong>Kulturhistorisches Zentrum Westm\u00fcnsterland<\/strong><\/a><br \/>\n<em>kult in Vreden vereint modernste Architektur, Museum, Forschung und Wissenschaft wie kaum ein anderer Ort in Westdeutschland.<\/em><\/p>\n<p><a href=\"https:\/\/www.lwl-medienzentrum.de\/de\/\" target=\"_blank\" rel=\"noopener\"><strong>LWL-Medienzentrum f\u00fcr Westfalen Lippe<\/strong><\/a><em><br \/>\nDas LWL-Medienzentrum f\u00fcr Westfalen in M\u00fcnster ist eine \u00f6ffentliche Bildungs- und Kultureinrichtung des Landschaftsverbandes Westfalen-Lippe.<\/em><\/p>\n<p><strong><a href=\"https:\/\/www.pankok.de\/\" target=\"_blank\" rel=\"noopener\">Pankok Museum \u2013 H\u00fcnxe<\/a><br \/>\n<\/strong><em>Im Jahr 1968 \u2013 zwei Jahre nach dem Tod des K\u00fcnstlers Otto Pankok \u2013 gr\u00fcndeten seine Frau Hulda und seine Tochter Eva die Otto-Pankok-Gesellschaft, um den Betrieb des Museums zu sichern.<\/em><\/p>\n<p><a href=\"http:\/\/www.humberghaus.de\/index.php?show=start_nl\" target=\"_blank\" rel=\"noopener\"><strong>Geschichtsort Humberghaus<\/strong><\/a><br \/>\n<em>Das Haus in der Hohen Stra\u00dfe 13 in Dingden war bis 1941 das Zuhause der j\u00fcdischen Familie Humberg. Die Spuren dieser deutschen Familie wurden durch die tragischen Ereignisse im Zweiten Weltkrieg fast f\u00fcr immer ausgel\u00f6scht, aber gl\u00fccklicherweise haben Mitglieder des Historischen Vereins Dingden die Geschichte des Hauses und seiner ehemaligen Bewohner aufgegriffen. <\/em><\/p>\n<p><a href=\"https:\/\/farb.borken.de\" target=\"_blank\" rel=\"noopener\"><strong>FARB Forum Altes Rathaus \u2013 Borken<\/strong><\/a><\/p>\n<p><a href=\"https:\/\/pan-forum.de\/nl\/\" target=\"_blank\" rel=\"noopener\"><strong>Pan Kunstforum Niederrhein<\/strong><\/a><\/p>\n<p><strong><a href=\"https:\/\/erfgoedgelderland.nl\/\" target=\"_blank\" rel=\"noopener\">Erfgoed Gelderland<\/a><br \/>\n<\/strong><em>Die Stiftung \u201eErfgoed Gelderland\u201c unterst\u00fctzt den Kulturerbe-Sektor in Gelderland bei der nachhaltigen Verwaltung von Sammlungen und dem Erz\u00e4hlen von Geschichten \u00fcber das Kulturerbe. Wir wollen die gegenseitige Zusammenarbeit f\u00f6rdern und zu einem nachhaltigen, vielf\u00e4ltigen und inklusiven Kulturerbe beitragen, das im Einklang mit dem aktuellen Geschehen steht und auf die Zukunft vorbereitet ist. Gemeinsam der Vergangenheit eine Zukunft geben.  <\/em><\/p>\n<p><a href=\"https:\/\/oorlogsgravenstichting.nl\/\" target=\"_blank\" rel=\"noopener\"><strong>Oorlogsgravenstichting<\/strong><\/a><br \/>\n<em>In den Niederlanden sind 180.000 Menschen als Kriegsopfer bei der Oorlogsgravenstichting registriert. M\u00e4nner, Frauen und Kinder, die w\u00e4hrend des Zweiten Weltkriegs oder bei gewaltsamen Konflikten danach ihr Leben verloren haben \u2013 wie im fr\u00fcheren Niederl\u00e4ndisch-Ostindien und bei den j\u00fcngsten Friedensmissionen. Alle diese Menschen haben eine Geschichte, auch wenn sie noch so kurz und einfach ist. Die Oorlogsgravenstichting will die Erinnerung an diese Menschen wach halten.   <\/em><\/p>\n<p><a href=\"https:\/\/www.niod.nl\/\" target=\"_blank\" rel=\"noopener\"><strong>NIOD Instituut voor Oorlogs-, Holocaust- en Genocidestudies<\/strong><\/a><em><br \/>\nDas Institut f\u00fcr Kriegs-, Holocaust- und V\u00f6lkermordforschung (NIOD) ist ein nationales und internationales Kompetenzzentrum f\u00fcr die interdisziplin\u00e4re Erforschung der Geschichte der Weltkriege, der gro\u00df angelegten Gewalttaten und der V\u00f6lkermorde und ihrer gesellschaftlichen Folgen. Dar\u00fcber hinaus sammelt, bewahrt und erschlie\u00dft das NIOD Archive und Sammlungen. <\/em><\/p>\n<p><a href=\"https:\/\/www.tweedewereldoorlog.nl\/\" target=\"_blank\" rel=\"noopener\"><strong>WO2<\/strong><\/a><br \/>\n<em>Ein Portal zum Zweiten Weltkrieg mit Hintergrundinformationen, Aktivit\u00e4ten, Bildungsprodukten, Museen und vielem mehr.<\/em><\/p>\n<p><a href=\"https:\/\/www.annefrank.org\/nl\/\" target=\"_blank\" rel=\"noopener\"><strong>Anne Frank Stichting<\/strong><\/a><br \/>\n<em>In Zusammenarbeit mit Otto Frank, dem Vater von Anne Frank, wird am 3. Mai 1957 die Anne Frank Stiftung gegr\u00fcndet. Die Stiftung ist eine unabh\u00e4ngige Non-Profit-Organisation, die das Versteck von Anne Frank verwaltet, f\u00fcr die \u00d6ffentlichkeit zug\u00e4nglich macht und Annes Lebensgeschichte weltweit bekannt macht. <\/em><\/p>\n<p><a href=\"https:\/\/www.liberationroute.com\/nl\" target=\"_blank\" rel=\"noopener\"><strong>Liberation Route Europe<\/strong><\/a><br \/>\n<em>Die Liberation Route Europe (= Befreiungsroute Europa) ist eine transnationale Gedenkst\u00e4tte. Eine Wander- und Radroute, die Gedenkst\u00e4tten und Geschichten aus ganz Europa miteinander verbindet. <\/em><\/p>\n<p><a href=\"https:\/\/www.vfonds.nl\/\" target=\"_blank\" rel=\"noopener\"><strong>V-fonds<\/strong><\/a><br \/>\n<em>Die ganzen Niederlande in Bewegung f\u00fcr Freiheit und Demokratie.<\/em><\/p>\n<p><a href=\"https:\/\/smh40-45.nl\/\" target=\"_blank\" rel=\"noopener\"><strong>Stichting Musea en Herinneringscentra &#8217;40-&#8217;45<\/strong><\/a><br \/>\n<em>Die Stiftung Museen und Gedenkst\u00e4tten &#8217;40-&#8217;45 ist ein Zusammenschluss von 14 gro\u00dfen Museen und Gedenkst\u00e4tten und 30 kleineren Museen und Organisationen in den Niederlanden.<\/em><\/p>\n<\/div><\/div><\/div><div class=\"fusion-layout-column fusion_builder_column fusion-builder-column-2 fusion_builder_column_1_2 1_2 fusion-flex-column\" style=\"--awb-bg-size:cover;--awb-width-large:50%;--awb-margin-top-large:0px;--awb-spacing-right-large:3.84%;--awb-margin-bottom-large:20px;--awb-spacing-left-large:3.84%;--awb-width-medium:50%;--awb-order-medium:0;--awb-spacing-right-medium:3.84%;--awb-spacing-left-medium:3.84%;--awb-width-small:100%;--awb-order-small:0;--awb-spacing-right-small:1.92%;--awb-spacing-left-small:1.92%;\"><div class=\"fusion-column-wrapper fusion-column-has-shadow fusion-flex-justify-content-flex-start fusion-content-layout-column\"><div class=\"fusion-image-element \" style=\"--awb-margin-bottom:10px;--awb-caption-title-font-family:var(--h2_typography-font-family);--awb-caption-title-font-weight:var(--h2_typography-font-weight);--awb-caption-title-font-style:var(--h2_typography-font-style);--awb-caption-title-size:var(--h2_typography-font-size);--awb-caption-title-transform:var(--h2_typography-text-transform);--awb-caption-title-line-height:var(--h2_typography-line-height);--awb-caption-title-letter-spacing:var(--h2_typography-letter-spacing);\"><span class=\" fusion-imageframe imageframe-none imageframe-1 hover-type-none\"><img decoding=\"async\" width=\"800\" height=\"545\" alt=\"Propaganda in Kriegszeiten\" title=\"Propaganda in Kriegszeiten\" src=\"https:\/\/nationaalonderduikmuseum.nl\/wp-content\/uploads\/2023\/12\/posterwandLR.jpg\" class=\"img-responsive wp-image-1869\" srcset=\"https:\/\/nationaalonderduikmuseum.nl\/wp-content\/uploads\/2023\/12\/posterwandLR-200x136.jpg 200w, https:\/\/nationaalonderduikmuseum.nl\/wp-content\/uploads\/2023\/12\/posterwandLR-400x273.jpg 400w, https:\/\/nationaalonderduikmuseum.nl\/wp-content\/uploads\/2023\/12\/posterwandLR-600x409.jpg 600w, https:\/\/nationaalonderduikmuseum.nl\/wp-content\/uploads\/2023\/12\/posterwandLR.jpg 800w\" sizes=\"(max-width: 800px) 100vw, 800px\" \/><\/span><\/div><div class=\"fusion-image-element \" style=\"--awb-margin-bottom:10px;--awb-caption-title-font-family:var(--h2_typography-font-family);--awb-caption-title-font-weight:var(--h2_typography-font-weight);--awb-caption-title-font-style:var(--h2_typography-font-style);--awb-caption-title-size:var(--h2_typography-font-size);--awb-caption-title-transform:var(--h2_typography-text-transform);--awb-caption-title-line-height:var(--h2_typography-line-height);--awb-caption-title-letter-spacing:var(--h2_typography-letter-spacing);\"><span class=\" fusion-imageframe imageframe-none imageframe-2 hover-type-none\"><img decoding=\"async\" width=\"800\" height=\"545\" alt=\"Dokumente aus der Ortskommandatur\" title=\"Dokumente aus der Ortskommandatur\" src=\"https:\/\/nationaalonderduikmuseum.nl\/wp-content\/uploads\/2024\/01\/IMG_3465LRt.jpg\" class=\"img-responsive wp-image-1966\" srcset=\"https:\/\/nationaalonderduikmuseum.nl\/wp-content\/uploads\/2024\/01\/IMG_3465LRt-200x136.jpg 200w, https:\/\/nationaalonderduikmuseum.nl\/wp-content\/uploads\/2024\/01\/IMG_3465LRt-400x273.jpg 400w, https:\/\/nationaalonderduikmuseum.nl\/wp-content\/uploads\/2024\/01\/IMG_3465LRt-600x409.jpg 600w, https:\/\/nationaalonderduikmuseum.nl\/wp-content\/uploads\/2024\/01\/IMG_3465LRt.jpg 800w\" sizes=\"(max-width: 800px) 100vw, 800px\" \/><\/span><\/div><\/div><\/div><\/div><\/div>\n","protected":false},"excerpt":{"rendered":"","protected":false},"author":1,"featured_media":0,"parent":2105,"menu_order":2,"comment_status":"closed","ping_status":"closed","template":"","meta":{"footnotes":""},"class_list":["post-2227","page","type-page","status-publish","hentry"],"aioseo_notices":[],"_links":{"self":[{"href":"https:\/\/nationaalonderduikmuseum.nl\/de\/wp-json\/wp\/v2\/pages\/2227","targetHints":{"allow":["GET"]}}],"collection":[{"href":"https:\/\/nationaalonderduikmuseum.nl\/de\/wp-json\/wp\/v2\/pages"}],"about":[{"href":"https:\/\/nationaalonderduikmuseum.nl\/de\/wp-json\/wp\/v2\/types\/page"}],"author":[{"embeddable":true,"href":"https:\/\/nationaalonderduikmuseum.nl\/de\/wp-json\/wp\/v2\/users\/1"}],"replies":[{"embeddable":true,"href":"https:\/\/nationaalonderduikmuseum.nl\/de\/wp-json\/wp\/v2\/comments?post=2227"}],"version-history":[{"count":34,"href":"https:\/\/nationaalonderduikmuseum.nl\/de\/wp-json\/wp\/v2\/pages\/2227\/revisions"}],"predecessor-version":[{"id":6744,"href":"https:\/\/nationaalonderduikmuseum.nl\/de\/wp-json\/wp\/v2\/pages\/2227\/revisions\/6744"}],"up":[{"embeddable":true,"href":"https:\/\/nationaalonderduikmuseum.nl\/de\/wp-json\/wp\/v2\/pages\/2105"}],"wp:attachment":[{"href":"https:\/\/nationaalonderduikmuseum.nl\/de\/wp-json\/wp\/v2\/media?parent=2227"}],"curies":[{"name":"wp","href":"https:\/\/api.w.org\/{rel}","templated":true}]}}