{"id":2222,"date":"2023-01-25T09:28:11","date_gmt":"2023-01-25T09:28:11","guid":{"rendered":"https:\/\/nationaalonderduikmuseum.nl\/over-ons\/auftrag-und-vision\/"},"modified":"2026-04-01T19:49:25","modified_gmt":"2026-04-01T19:49:25","slug":"auftrag-und-vision","status":"publish","type":"page","link":"https:\/\/nationaalonderduikmuseum.nl\/de\/over-ons\/auftrag-und-vision\/","title":{"rendered":"Auftrag und Vision"},"content":{"rendered":"<div class=\"fusion-fullwidth fullwidth-box fusion-builder-row-1 fusion-flex-container has-pattern-background has-mask-background nonhundred-percent-fullwidth non-hundred-percent-height-scrolling\" style=\"--awb-border-radius-top-left:0px;--awb-border-radius-top-right:0px;--awb-border-radius-bottom-right:0px;--awb-border-radius-bottom-left:0px;--awb-flex-wrap:wrap;\" ><div class=\"fusion-builder-row fusion-row fusion-flex-align-items-flex-start fusion-flex-content-wrap\" style=\"max-width:1456px;margin-left: calc(-4% \/ 2 );margin-right: calc(-4% \/ 2 );\"><div class=\"fusion-layout-column fusion_builder_column fusion-builder-column-0 fusion_builder_column_1_2 1_2 fusion-flex-column\" style=\"--awb-bg-size:cover;--awb-width-large:50%;--awb-margin-top-large:0px;--awb-spacing-right-large:3.84%;--awb-margin-bottom-large:20px;--awb-spacing-left-large:3.84%;--awb-width-medium:50%;--awb-order-medium:0;--awb-spacing-right-medium:3.84%;--awb-spacing-left-medium:3.84%;--awb-width-small:100%;--awb-order-small:0;--awb-spacing-right-small:1.92%;--awb-spacing-left-small:1.92%;\"><div class=\"fusion-column-wrapper fusion-column-has-shadow fusion-flex-justify-content-flex-start fusion-content-layout-column\"><div class=\"fusion-text fusion-text-1\"><h2>Unser Auftrag<\/h2>\n<p>Das Nationaal Onderduikmuseum erz\u00e4hlt die gro\u00dfe Geschichte des <a rel=\"nofollow\" href=\"https:\/\/nationaalonderduikmuseum.nl\/de\/geschichten\/das-untertauchen-in-den-niederlanden\/\">Untertauchens<\/a> und des Widerstands anhand kleiner, pers\u00f6nlicher Schicksale. Wir verbinden diese Geschichte mit der Demokratie und dem Rechtsstaat von heute. <\/p>\n<p>Das Museum m\u00f6chte einfache Antworten auf eine komplexe Historie vermeiden; die Geschichte des Krieges ist notwendig, um zu verstehen, warum gew\u00f6hnliche Menschen in den Niederlanden und in Deutschland bestimmte Entscheidungen trafen. <\/p>\n<h2>Das Geb\u00e4ude Markt 12<\/h2>\n<p data-path-to-node=\"4\">Das Herzst\u00fcck des Museums ist das Geb\u00e4ude Markt 12 in Aalten, direkt an der Grenze zu Deutschland. Gerade diese Adresse zeigt die Komplexit\u00e4t des Lebens w\u00e4hrend der Besatzung: Das Haus wurde von der Familie Kempink und ihren zwei kleinen Kindern bewohnt. W\u00e4hrend auf dem Dachboden Untertaucher versteckt waren, war das gro\u00dfe Vorderzimmer als B\u00fcro f\u00fcr den deutschen <i data-path-to-node=\"4\" data-index-in-node=\"382\">Ortskommandanten<\/i> beschlagnahmt worden. Gleichzeitig diente der Gew\u00f6lbekeller w\u00e4hrend der Bombardierungen als Zufluchtsort f\u00fcr die gesamte Nachbarschaft.   <\/p>\n<p data-path-to-node=\"5\">Es ist ein authentischer Erinnerungsort, an dem die Geschichte noch buchst\u00e4blich von den W\u00e4nden abzulesen ist und die urspr\u00fcnglichen Verstecke noch immer greifbar nah sind.<\/p>\n<\/div><\/div><\/div><div class=\"fusion-layout-column fusion_builder_column fusion-builder-column-1 fusion_builder_column_1_2 1_2 fusion-flex-column\" style=\"--awb-bg-size:cover;--awb-width-large:50%;--awb-margin-top-large:0px;--awb-spacing-right-large:3.84%;--awb-margin-bottom-large:20px;--awb-spacing-left-large:3.84%;--awb-width-medium:50%;--awb-order-medium:0;--awb-spacing-right-medium:3.84%;--awb-spacing-left-medium:3.84%;--awb-width-small:100%;--awb-order-small:0;--awb-spacing-right-small:1.92%;--awb-spacing-left-small:1.92%;\"><div class=\"fusion-column-wrapper fusion-column-has-shadow fusion-flex-justify-content-flex-start fusion-content-layout-column\"><div class=\"fusion-text fusion-text-2\"><h2>Untertauchen an der Grenze<\/h2>\n<p data-path-to-node=\"6\">Aalten spielte als Grenzort eine besondere Rolle. Seit Generationen lebten und arbeiteten Familien auf beiden Seiten der Grenze; sie waren sozial und wirtschaftlich eng miteinander verflochten. Mit der Ankunft der Besatzer verwandelte sich die Grenze jedoch von einer Verbindungslinie in eine scharfe Bruchlinie. Tiefe pers\u00f6nliche Dilemmata entstanden: Der Krieg zwang Menschen pl\u00f6tzlich in die Rollen von \u201eBesatzer\u201c oder \u201eFeind\u201c.   <\/p>\n<p data-path-to-node=\"7\">Trotz dieser Spannungen bewies die Gemeinschaft eine enorme Widerstandsf\u00e4higkeit und Solidarit\u00e4t. Aalten verzeichnete w\u00e4hrend des Krieges prozentual die h\u00f6chste Anzahl an Untertauchern in den Niederlanden und bot zudem rund 500 Evakuierten aus Scheveningen Unterschlupf. Besucher von Jung bis Alt k\u00f6nnen im Museum selbst auf Spurensuche nach diesen verborgenen Geschichten gehen.  <\/p>\n<h2>Euregionale Verbindung<\/h2>\n<p data-path-to-node=\"8\">Wir blicken \u00fcber die Grenze. Das Nationaal Onderduikmuseum arbeitet eng mit kulturellen und p\u00e4dagogischen Organisationen in Nordrhein-Westfalen zusammen, wie zum Beispiel der <i data-path-to-node=\"8\" data-index-in-node=\"170\">Gedenkst\u00e4tte Augustaschacht<\/i> bei Osnabr\u00fcck. Als Teil der <i data-path-to-node=\"8\" data-index-in-node=\"234\">Liberation Route Europe<\/i> erz\u00e4hlen wir die Geschichte von Jenny Kempink und ihrer Familie auch au\u00dferhalb der Museumsmauern \u00fcber den \u201eLuisterkei\u201c auf dem Museumsplatz.  <\/p>\n<p data-path-to-node=\"9\">Das Nationaal Onderduikmuseum wird mit euregionalen, staatlichen und provinziellen Mitteln finanziert. Zus\u00e4tzlich wurden Projektzusch\u00fcsse aus dem europ\u00e4ischen F\u00f6rderprogramm INTERREG f\u00fcr innovative und nachhaltige Projekte, die Europa st\u00e4rken, gew\u00e4hrt, um Bildungsprogramme und ein Dokumentationszentrum zu entwickeln. <\/p>\n<\/div><\/div><\/div><\/div><\/div>\n","protected":false},"excerpt":{"rendered":"","protected":false},"author":1,"featured_media":0,"parent":2105,"menu_order":1,"comment_status":"closed","ping_status":"closed","template":"","meta":{"footnotes":""},"class_list":["post-2222","page","type-page","status-publish","hentry"],"aioseo_notices":[],"_links":{"self":[{"href":"https:\/\/nationaalonderduikmuseum.nl\/de\/wp-json\/wp\/v2\/pages\/2222","targetHints":{"allow":["GET"]}}],"collection":[{"href":"https:\/\/nationaalonderduikmuseum.nl\/de\/wp-json\/wp\/v2\/pages"}],"about":[{"href":"https:\/\/nationaalonderduikmuseum.nl\/de\/wp-json\/wp\/v2\/types\/page"}],"author":[{"embeddable":true,"href":"https:\/\/nationaalonderduikmuseum.nl\/de\/wp-json\/wp\/v2\/users\/1"}],"replies":[{"embeddable":true,"href":"https:\/\/nationaalonderduikmuseum.nl\/de\/wp-json\/wp\/v2\/comments?post=2222"}],"version-history":[{"count":11,"href":"https:\/\/nationaalonderduikmuseum.nl\/de\/wp-json\/wp\/v2\/pages\/2222\/revisions"}],"predecessor-version":[{"id":6606,"href":"https:\/\/nationaalonderduikmuseum.nl\/de\/wp-json\/wp\/v2\/pages\/2222\/revisions\/6606"}],"up":[{"embeddable":true,"href":"https:\/\/nationaalonderduikmuseum.nl\/de\/wp-json\/wp\/v2\/pages\/2105"}],"wp:attachment":[{"href":"https:\/\/nationaalonderduikmuseum.nl\/de\/wp-json\/wp\/v2\/media?parent=2222"}],"curies":[{"name":"wp","href":"https:\/\/api.w.org\/{rel}","templated":true}]}}