{"id":2197,"date":"2022-08-05T13:17:58","date_gmt":"2022-08-05T13:17:58","guid":{"rendered":"https:\/\/nationaalonderduikmuseum.nl\/unterstuetzen-sie-uns\/werden-sie-freund-des-museums\/"},"modified":"2026-03-14T16:43:56","modified_gmt":"2026-03-14T16:43:56","slug":"werden-sie-freund-des-museums","status":"publish","type":"page","link":"https:\/\/nationaalonderduikmuseum.nl\/de\/unterstuetzen-sie-uns\/werden-sie-freund-des-museums\/","title":{"rendered":"Werden Sie \u201eFreund des Museums\u201c"},"content":{"rendered":"<div class=\"fusion-fullwidth fullwidth-box fusion-builder-row-1 fusion-flex-container has-pattern-background has-mask-background nonhundred-percent-fullwidth non-hundred-percent-height-scrolling\" style=\"--awb-border-radius-top-left:0px;--awb-border-radius-top-right:0px;--awb-border-radius-bottom-right:0px;--awb-border-radius-bottom-left:0px;--awb-padding-top:50px;--awb-padding-bottom:30px;--awb-flex-wrap:wrap;\" ><div class=\"fusion-builder-row fusion-row fusion-flex-align-items-flex-start fusion-flex-content-wrap\" style=\"max-width:1456px;margin-left: calc(-4% \/ 2 );margin-right: calc(-4% \/ 2 );\"><div class=\"fusion-layout-column fusion_builder_column fusion-builder-column-0 fusion_builder_column_1_1 1_1 fusion-flex-column\" style=\"--awb-bg-size:cover;--awb-width-large:100%;--awb-margin-top-large:0px;--awb-spacing-right-large:1.92%;--awb-margin-bottom-large:20px;--awb-spacing-left-large:1.92%;--awb-width-medium:100%;--awb-order-medium:0;--awb-spacing-right-medium:1.92%;--awb-spacing-left-medium:1.92%;--awb-width-small:100%;--awb-order-small:0;--awb-spacing-right-small:1.92%;--awb-spacing-left-small:1.92%;\"><div class=\"fusion-column-wrapper fusion-column-has-shadow fusion-flex-justify-content-flex-start fusion-content-layout-column\"><div class=\"fusion-title title fusion-title-1 fusion-sep-none fusion-title-text fusion-title-size-one\" style=\"--awb-margin-top-small:8px;--awb-margin-right-small:0px;--awb-margin-bottom-small:16px;--awb-margin-left-small:0px;\"><h1 class=\"fusion-title-heading title-heading-left fusion-responsive-typography-calculated\" style=\"margin:0;--fontSize:64;line-height:1.25;\"><h1>Werden Sie \u201eFreund des Museums\u201c<\/h1><\/h1><\/div><div class=\"fusion-text fusion-text-1 fusion-text-no-margin\" style=\"--awb-margin-bottom:10px;\"><p>Sie k\u00f6nnen einen wertvollen Beitrag zum Erhalt unseres Erbes leisten, unser Bildungsprogramm f\u00fcr Jugendliche unterst\u00fctzen \u2013 in dem die Bedeutung von Freiheit und Solidarit\u00e4t in unserer Gesellschaft betont wird \u2013 und den Ausbau der euregionalen Zusammenarbeit f\u00f6rdern.<\/p>\n<p>F\u00fcr nur <strong>30 Euro pro Jahr<\/strong> k\u00f6nnen Sie Freund des Nationaal Onderduikmuseum werden. Selbstverst\u00e4ndlich k\u00f6nnen Sie uns auch mit einer einmaligen oder regelm\u00e4\u00dfigen Spende in anderer H\u00f6he unterst\u00fctzen.<\/p>\n<\/div><div class=\"fusion-text fusion-text-2 fusion-text-no-margin\" style=\"--awb-margin-top:15px;--awb-margin-bottom:5px;\"><h4>Als Freund des Nationaal Onderduikmuseum genie\u00dfen Sie folgende Vorteile:<\/h4>\n<ul>\n<li>Kostenloser Eintritt in das Nationaal Onderduikmuseum<\/li>\n<li>Kostenloser Eintritt zu den wechselnden Sonderausstellungen im Museum<\/li>\n<li>Zweimal j\u00e4hrlich die Zeitschrift De Panne, eine Publikation des Nationaal Onderduikmuseum (auf Niederl\u00e4ndisch)<\/li>\n<li>Unseren digitalen Newsletter, der Sie \u00fcber alle Neuigkeiten auf dem Laufenden h\u00e4lt (auf Niederl\u00e4ndisch)<\/li>\n<\/ul>\n<\/div><div style=\"text-align:left;\"><a class=\"fusion-button button-flat fusion-button-default-size button-custom fusion-button-default button-1 fusion-button-default-span fusion-button-default-type\" style=\"--button_accent_color:var(--awb-color8);--button_border_color:rgba(255,255,255,0);--button_accent_hover_color:var(--awb-color1);--button_border_hover_color:rgba(255,255,255,0);--button_gradient_top_color:var(--awb-color4);--button_gradient_bottom_color:var(--awb-color4);--button_gradient_top_color_hover:var(--awb-color8);--button_gradient_bottom_color_hover:var(--awb-color8);--button_padding-bottom:20px;\" target=\"_self\" href=\"https:\/\/nationaalonderduikmuseum.nl\/word-vriend-van-het-nationaal-onderduikmuseum\/\"><span class=\"fusion-button-text awb-button__text awb-button__text--default\">Klicken Sie hier<\/span><\/a><\/div><div class=\"fusion-text fusion-text-3\" style=\"--awb-margin-top:25px;\"><p>Sie k\u00f6nnen auch direkt \u00fcber den QR-Code einen Betrag spenden. Scannen Sie den Code einfach ein, um die Spende \u00fcber Ihre Bank-App zu t\u00e4tigen.<br \/>Herzlichen Dank! <\/p>\n<p><img decoding=\"async\" class=\"alignnone size-full wp-image-3556\" src=\"https:\/\/nationaalonderduikmuseum.nl\/wp-content\/uploads\/2025\/03\/QR-codeNOMA2025.jpg\" alt=\"\" width=\"400\" height=\"400\" srcset=\"https:\/\/nationaalonderduikmuseum.nl\/wp-content\/uploads\/2025\/03\/QR-codeNOMA2025-66x66.jpg 66w, https:\/\/nationaalonderduikmuseum.nl\/wp-content\/uploads\/2025\/03\/QR-codeNOMA2025-150x150.jpg 150w, https:\/\/nationaalonderduikmuseum.nl\/wp-content\/uploads\/2025\/03\/QR-codeNOMA2025-200x200.jpg 200w, https:\/\/nationaalonderduikmuseum.nl\/wp-content\/uploads\/2025\/03\/QR-codeNOMA2025-300x300.jpg 300w, https:\/\/nationaalonderduikmuseum.nl\/wp-content\/uploads\/2025\/03\/QR-codeNOMA2025.jpg 400w\" sizes=\"(max-width: 400px) 100vw, 400px\" \/><\/p>\n<\/div><div class=\"fusion-text fusion-text-4\" style=\"--awb-margin-top:50px;\"><h4>Geschenk-Mitgliedschaft<\/h4>\n<p>M\u00f6chten Sie jemand anderem eine Freude machen? An der Kasse des Nationaal Onderduikmuseum k\u00f6nnen Sie eine Geschenk-Mitgliedschaft erwerben. Diese gilt f\u00fcr ein Kalenderjahr und endet automatisch. Auf Wunsch stellen wir Ihnen gerne ein festliches Paket zusammen \u2013 zum Beispiel in Kombination mit einem Artikel aus unserem Museumsshop oder Informationsmaterial des \u00f6rtlichen Tourismusb\u00fcros (VVV).<\/p>\n<\/div><div class=\"fusion-image-element \" style=\"--awb-caption-title-font-family:var(--h2_typography-font-family);--awb-caption-title-font-weight:var(--h2_typography-font-weight);--awb-caption-title-font-style:var(--h2_typography-font-style);--awb-caption-title-size:var(--h2_typography-font-size);--awb-caption-title-transform:var(--h2_typography-text-transform);--awb-caption-title-line-height:var(--h2_typography-line-height);--awb-caption-title-letter-spacing:var(--h2_typography-letter-spacing);\"><span class=\" fusion-imageframe imageframe-none imageframe-1 hover-type-none\"><img decoding=\"async\" width=\"300\" height=\"223\" alt=\"Museumwinkel\" title=\"museumwinkel\" src=\"https:\/\/nationaalonderduikmuseum.nl\/wp-content\/uploads\/2023\/05\/museumwinkel-300x223.jpg\" class=\"img-responsive wp-image-1241\" srcset=\"https:\/\/nationaalonderduikmuseum.nl\/wp-content\/uploads\/2023\/05\/museumwinkel-200x149.jpg 200w, https:\/\/nationaalonderduikmuseum.nl\/wp-content\/uploads\/2023\/05\/museumwinkel-400x297.jpg 400w, https:\/\/nationaalonderduikmuseum.nl\/wp-content\/uploads\/2023\/05\/museumwinkel-600x446.jpg 600w, https:\/\/nationaalonderduikmuseum.nl\/wp-content\/uploads\/2023\/05\/museumwinkel-800x594.jpg 800w, https:\/\/nationaalonderduikmuseum.nl\/wp-content\/uploads\/2023\/05\/museumwinkel-1200x891.jpg 1200w, https:\/\/nationaalonderduikmuseum.nl\/wp-content\/uploads\/2023\/05\/museumwinkel-scaled.jpg 1920w\" sizes=\"(max-width: 800px) 100vw, 300px\" \/><\/span><\/div><\/div><\/div><div class=\"fusion-layout-column fusion_builder_column fusion-builder-column-1 fusion_builder_column_1_2 1_2 fusion-flex-column\" style=\"--awb-bg-size:cover;--awb-width-large:50%;--awb-margin-top-large:0px;--awb-spacing-right-large:3.84%;--awb-margin-bottom-large:20px;--awb-spacing-left-large:3.84%;--awb-width-medium:50%;--awb-order-medium:0;--awb-spacing-right-medium:3.84%;--awb-spacing-left-medium:3.84%;--awb-width-small:100%;--awb-order-small:0;--awb-spacing-right-small:1.92%;--awb-spacing-left-small:1.92%;\"><div class=\"fusion-column-wrapper fusion-column-has-shadow fusion-flex-justify-content-flex-start fusion-content-layout-column\"><\/div><\/div><div class=\"fusion-layout-column fusion_builder_column fusion-builder-column-2 fusion_builder_column_1_2 1_2 fusion-flex-column\" style=\"--awb-bg-size:cover;--awb-width-large:50%;--awb-margin-top-large:0px;--awb-spacing-right-large:3.84%;--awb-margin-bottom-large:20px;--awb-spacing-left-large:3.84%;--awb-width-medium:50%;--awb-order-medium:0;--awb-spacing-right-medium:3.84%;--awb-spacing-left-medium:3.84%;--awb-width-small:100%;--awb-order-small:0;--awb-spacing-right-small:1.92%;--awb-spacing-left-small:1.92%;\"><div class=\"fusion-column-wrapper fusion-column-has-shadow fusion-flex-justify-content-flex-start fusion-content-layout-column\"><\/div><\/div><\/div><\/div>\n","protected":false},"excerpt":{"rendered":"","protected":false},"author":1,"featured_media":0,"parent":2184,"menu_order":2,"comment_status":"closed","ping_status":"closed","template":"","meta":{"footnotes":""},"class_list":["post-2197","page","type-page","status-publish","hentry"],"aioseo_notices":[],"_links":{"self":[{"href":"https:\/\/nationaalonderduikmuseum.nl\/de\/wp-json\/wp\/v2\/pages\/2197","targetHints":{"allow":["GET"]}}],"collection":[{"href":"https:\/\/nationaalonderduikmuseum.nl\/de\/wp-json\/wp\/v2\/pages"}],"about":[{"href":"https:\/\/nationaalonderduikmuseum.nl\/de\/wp-json\/wp\/v2\/types\/page"}],"author":[{"embeddable":true,"href":"https:\/\/nationaalonderduikmuseum.nl\/de\/wp-json\/wp\/v2\/users\/1"}],"replies":[{"embeddable":true,"href":"https:\/\/nationaalonderduikmuseum.nl\/de\/wp-json\/wp\/v2\/comments?post=2197"}],"version-history":[{"count":9,"href":"https:\/\/nationaalonderduikmuseum.nl\/de\/wp-json\/wp\/v2\/pages\/2197\/revisions"}],"predecessor-version":[{"id":5213,"href":"https:\/\/nationaalonderduikmuseum.nl\/de\/wp-json\/wp\/v2\/pages\/2197\/revisions\/5213"}],"up":[{"embeddable":true,"href":"https:\/\/nationaalonderduikmuseum.nl\/de\/wp-json\/wp\/v2\/pages\/2184"}],"wp:attachment":[{"href":"https:\/\/nationaalonderduikmuseum.nl\/de\/wp-json\/wp\/v2\/media?parent=2197"}],"curies":[{"name":"wp","href":"https:\/\/api.w.org\/{rel}","templated":true}]}}