{"id":2192,"date":"2022-08-05T13:20:35","date_gmt":"2022-08-05T13:20:35","guid":{"rendered":"https:\/\/nationaalonderduikmuseum.nl\/unterstuetzen-sie-uns\/spenden-und-anbi\/"},"modified":"2026-03-14T17:39:16","modified_gmt":"2026-03-14T17:39:16","slug":"spenden-und-anbi","status":"publish","type":"page","link":"https:\/\/nationaalonderduikmuseum.nl\/de\/unterstuetzen-sie-uns\/spenden-und-anbi\/","title":{"rendered":"Spenden und ANBI-Status"},"content":{"rendered":"<div class=\"fusion-fullwidth fullwidth-box fusion-builder-row-1 fusion-flex-container has-pattern-background has-mask-background nonhundred-percent-fullwidth non-hundred-percent-height-scrolling\" style=\"--awb-border-radius-top-left:0px;--awb-border-radius-top-right:0px;--awb-border-radius-bottom-right:0px;--awb-border-radius-bottom-left:0px;--awb-padding-top:50px;--awb-padding-bottom:0px;--awb-flex-wrap:wrap;\" ><div class=\"fusion-builder-row fusion-row fusion-flex-align-items-flex-start fusion-flex-content-wrap\" style=\"max-width:1456px;margin-left: calc(-4% \/ 2 );margin-right: calc(-4% \/ 2 );\"><div class=\"fusion-layout-column fusion_builder_column fusion-builder-column-0 fusion_builder_column_1_1 1_1 fusion-flex-column\" style=\"--awb-bg-size:cover;--awb-width-large:100%;--awb-margin-top-large:0px;--awb-spacing-right-large:1.92%;--awb-margin-bottom-large:20px;--awb-spacing-left-large:1.92%;--awb-width-medium:100%;--awb-order-medium:0;--awb-spacing-right-medium:1.92%;--awb-spacing-left-medium:1.92%;--awb-width-small:100%;--awb-order-small:0;--awb-spacing-right-small:1.92%;--awb-spacing-left-small:1.92%;\"><div class=\"fusion-column-wrapper fusion-column-has-shadow fusion-flex-justify-content-flex-start fusion-content-layout-column\"><div class=\"fusion-title title fusion-title-1 fusion-sep-none fusion-title-text fusion-title-size-one\" style=\"--awb-margin-top-small:8px;--awb-margin-right-small:0px;--awb-margin-bottom-small:16px;--awb-margin-left-small:0px;\"><h1 class=\"fusion-title-heading title-heading-left fusion-responsive-typography-calculated\" style=\"margin:0;--fontSize:64;line-height:1.25;\"><h1>Spenden und ANBI-Status<\/h1><\/h1><\/div><\/div><\/div><div class=\"fusion-layout-column fusion_builder_column fusion-builder-column-1 fusion_builder_column_1_2 1_2 fusion-flex-column\" style=\"--awb-bg-size:cover;--awb-width-large:50%;--awb-margin-top-large:0px;--awb-spacing-right-large:3.84%;--awb-margin-bottom-large:20px;--awb-spacing-left-large:3.84%;--awb-width-medium:50%;--awb-order-medium:0;--awb-spacing-right-medium:3.84%;--awb-spacing-left-medium:3.84%;--awb-width-small:100%;--awb-order-small:0;--awb-spacing-right-small:1.92%;--awb-spacing-left-small:1.92%;\"><div class=\"fusion-column-wrapper fusion-column-has-shadow fusion-flex-justify-content-flex-start fusion-content-layout-column\"><div class=\"fusion-text fusion-text-1\"><p>Der Verein Nationaal Onderduikmuseum, zu dem das Museum geh\u00f6rt, ist als kulturelle ANBI-Einrichtung (gemeinn\u00fctzige K\u00f6rperschaft) anerkannt. Dadurch kann Ihre einmalige oder regelm\u00e4\u00dfige Spende von der Einkommensteuer absetzbar sein. Wenn Sie bestimmte Voraussetzungen erf\u00fcllen, d\u00fcrfen Sie Ihre Spende in Ihrer Steuererkl\u00e4rung nach dem niederl\u00e4ndischen Spendengesetz (<a href=\"https:\/\/www.belastingdienst.nl\/wps\/wcm\/connect\/bldcontentnl\/belastingdienst\/zakelijk\/bijzondere_regelingen\/goede_doelen\/algemeen_nut_beogende_instellingen\/culturele_anbi\/\" target=\"_blank\" rel=\"noopener\"><span style=\"text-decoration: underline;\">Geefwet<\/span><\/a>) um 25 % erh\u00f6hen.   <\/p>\n<p><strong>ANBI-Status<\/p>\n<p>Nur kulturelle, wissenschaftliche oder gemeinn\u00fctzige Einrichtungen mit gesellschaftlichen Zielen kommen f\u00fcr den ANBI-Status infrage. Diese d\u00fcrfen keine Gewinnabsicht verfolgen und m\u00fcssen vom niederl\u00e4ndischen Finanzamt (Belastingdienst) anerkannt sein. Das Nationaal Onderduikmuseum besitzt diesen Status als Kultureinrichtung.<br \/> <\/strong>  <\/p>\n<p>Eine einmalige Spende wird von den Steuerbeh\u00f6rden als &#8222;gew\u00f6hnliche Schenkung&#8220; eingestuft und ist nur begrenzt absetzbar. F\u00fcr eine einmalige Schenkung und eine Schenkung, die Sie zwar j\u00e4hrlich machen, aber nicht in einer Vereinbarung festgelegt haben, gelten ein Schwellenwert von 1% und ein H\u00f6chstwert von 10 % des anrechenbaren Einkommens. Dieses wird durch das zu versteuernde Einkommen bestimmt (Informationen unter Belastingdienst.nl).   <\/p>\n<p><em>Regelm\u00e4\u00dfige Spenden sind in den Niederlanden voll absetzbar!<\/em><\/p>\n<p><strong>Eine Spende ist eine regelm\u00e4\u00dfige Schenkung, wenn sie die folgenden Bedingungen erf\u00fcllt: <\/strong><\/p>\n<ul>\n<li>Ein j\u00e4hrlich gleichbleibender Betrag (in einer Summe oder in Teilbetr\u00e4gen) als Schenkung an dieselbe Einrichtung oder Stiftung.<\/li>\n<li>Der Betrag muss mindestens f\u00fcnf Jahre in Folge bezahlt werden.<\/li>\n<li>Das Ende der Vertragslaufzeit hinsichtlich der j\u00e4hrlichen Schenkungen, z.B. nach 5 Jahren, muss vertraglich festgehalten sein. Im Falle des Todes vor Ablauf der Laufzeit endet die j\u00e4hrliche Schenkung mit dem Tod. <\/li>\n<\/ul>\n<p><strong>Testament<br \/>\n<\/strong>Werden im Testament eine oder mehrere Wohlt\u00e4tigkeitsorganisationen als (Mit-)Erben benannt, sind diese Schenkungen von der Erbschaftssteuer befreit. Die &#8222;Wohlt\u00e4tigkeitsorganisation&#8220; muss keine Steuern auf das Erbe zahlen. Sie k\u00f6nnen einer Wohlt\u00e4tigkeitsorganisation etwas vermachen, indem Sie sie in Ihrem Testament als Erben benennen. Sie k\u00f6nnen sich auch f\u00fcr ein Verm\u00e4chtnis, also einen festen Betrag, entscheiden. Wir informieren Sie gerne dar\u00fcber! F\u00fcr weitere Informationen: <a href=\"mailto:info@onderduikmuseum.nl\" target=\"_blank\" rel=\"noopener\"> info@onderduikmuseum.nl<\/a><\/p>\n<\/div><div class=\"fusion-text fusion-text-2\"><h4>ANBI INFORMATIONEN<\/h4>\n<p><strong>Name der Einrichtung<\/strong><br \/>\nVereniging Nationaal Onderduikmuseum<\/p>\n<p><strong>RSIN (Steuernummer)<\/strong><br \/>\n805130500<\/p>\n<p><strong>Bankverbindung<br \/>\n<\/strong>IBAN NL36RABO0310503779<br \/>\nBIC RABONL2U<\/p>\n<p><strong>Rechenschaftspflicht (pdf)<\/strong><\/p>\n<\/div><div class=\"fusion-text fusion-text-3\"><p><a href=\"https:\/\/nationaalonderduikmuseum.nl\/wp-content\/uploads\/2023\/02\/VAM_Jaarrekening_2021.pdf\" target=\"_blank\" rel=\"noopener\">Jahresbericht 2021 (Niederl\u00e4ndisch)<\/a><br \/>\n<a href=\"https:\/\/nationaalonderduikmuseum.nl\/wp-content\/uploads\/2023\/10\/VAM_Jaarrekening_2022.pdf\" target=\"_blank\" rel=\"noopener\">Jahresbericht 2022 (Niederl\u00e4ndisch)<\/a><br \/>\n<a href=\"https:\/\/nationaalonderduikmuseum.nl\/wp-content\/uploads\/2024\/06\/VAM_Jaarrekening_2023.pdf\">Jahresbericht 2023 (Niederl\u00e4ndisch)<\/a><br \/>\n<a href=\"https:\/\/nationaalonderduikmuseum.nl\/wp-content\/uploads\/2025\/06\/2024-Financieel-verslag-Vereniging-Nationaal-Onderduikmuseum.pdf\" target=\"_blank\" rel=\"noopener\">Jahresbericht 2024 (Niederl\u00e4ndisch)<\/a><\/p>\n<p><a href=\"https:\/\/nationaalonderduikmuseum.nl\/wp-content\/uploads\/2023\/05\/VAM_Jaarverslag_2021.pdf\" target=\"_blank\" rel=\"noopener\">Jahresabschl\u00fcsse 2021 (Niederl\u00e4ndisch)<\/a><br \/>\n<a href=\"https:\/\/nationaalonderduikmuseum.nl\/wp-content\/uploads\/2023\/04\/VAM_Jaarverslag_2022.pdf\" target=\"_blank\" rel=\"noopener\">Jahresabschl\u00fcsse 2022 (Niederl\u00e4ndisch)<\/a><br \/>\n<a href=\"https:\/\/nationaalonderduikmuseum.nl\/wp-content\/uploads\/2024\/05\/VAM_Jaarverslag_2023.pdf\" target=\"_blank\" rel=\"noopener\">Jahresabschl\u00fcsse 2023 (Niederl\u00e4ndisch)<\/a><br \/>\n<a href=\"https:\/\/nationaalonderduikmuseum.nl\/wp-content\/uploads\/2025\/06\/2024-Jaarverslag-NOM.pdf\" target=\"_blank\" rel=\"noopener\">Jahresabschl\u00fcsse 2024 (Niederl\u00e4ndisch)<\/a><\/p>\n<p><a href=\"https:\/\/nationaalonderduikmuseum.nl\/wp-content\/uploads\/2023\/02\/VAM_Verslag_Ledenvergadering_2021.pdf\" target=\"_blank\" rel=\"noopener\">Bericht der Mitgliederversammlung 2021 (Niederl\u00e4ndisch)<\/a><br \/>\n<a href=\"https:\/\/nationaalonderduikmuseum.nl\/wp-content\/uploads\/2023\/05\/VAM_Verslag_Ledenvergadering_2022.pdf\" target=\"_blank\" rel=\"noopener\">Bericht der Mitgliederversammlung 2022 (Niederl\u00e4ndisch)<\/a><br \/>\n<a href=\"https:\/\/nationaalonderduikmuseum.nl\/wp-content\/uploads\/2023\/10\/VAM_Verslag_Ledenvergadering_2023.pdf\" target=\"_blank\" rel=\"noopener\">Bericht der Mitgliederversammlung 2023 (Niederl\u00e4ndisch)<\/a><\/p>\n<p><a href=\"https:\/\/nationaalonderduikmuseum.nl\/wp-content\/uploads\/2024\/04\/Verslag-Extra-Ledenvergadering-Vereniging-Aaltense-Musea-20-11-2023.pdf\" target=\"_blank\" rel=\"noopener\">Bericht der extra Mitgliederversammlung, 20 november 2023 (Niederl\u00e4ndisch)<\/a><br \/>\n<a href=\"https:\/\/nationaalonderduikmuseum.nl\/wp-content\/uploads\/2024\/04\/Akte-van-Statutenwijziging-Vereniging-Aaltense-Musea-11-03-2024.pdf\" target=\"_blank\" rel=\"noopener\">Urkunde \u00fcber die Satzungs\u00e4nderung, 11 maart 2024 (Niederl\u00e4ndisch)<\/a><br \/>\n<a href=\"https:\/\/nationaalonderduikmuseum.nl\/wp-content\/uploads\/2025\/05\/Verslag-LV-22-04-2024.pdf\" target=\"_blank\" rel=\"noopener\">Bericht der Mitgliederversammlung 2024 (Niederl\u00e4ndisch)<\/a><br \/>\n<a href=\"https:\/\/nationaalonderduikmuseum.nl\/wp-content\/uploads\/2025\/05\/Verslag-extra-LV-13-5-2024-bijgewerkt.pdf\" target=\"_blank\" rel=\"noopener\">Bericht der extra Mitgliederversammlung 2024 (Niederl\u00e4ndisch)<\/a><\/p>\n<\/div><\/div><\/div><div class=\"fusion-layout-column fusion_builder_column fusion-builder-column-2 fusion_builder_column_1_2 1_2 fusion-flex-column\" style=\"--awb-bg-size:cover;--awb-width-large:50%;--awb-margin-top-large:0px;--awb-spacing-right-large:3.84%;--awb-margin-bottom-large:20px;--awb-spacing-left-large:3.84%;--awb-width-medium:50%;--awb-order-medium:0;--awb-spacing-right-medium:3.84%;--awb-spacing-left-medium:3.84%;--awb-width-small:100%;--awb-order-small:0;--awb-spacing-right-small:1.92%;--awb-spacing-left-small:1.92%;\"><div class=\"fusion-column-wrapper fusion-column-has-shadow fusion-flex-justify-content-flex-start fusion-content-layout-column\"><div class=\"fusion-image-element \" style=\"--awb-caption-title-font-family:var(--h2_typography-font-family);--awb-caption-title-font-weight:var(--h2_typography-font-weight);--awb-caption-title-font-style:var(--h2_typography-font-style);--awb-caption-title-size:var(--h2_typography-font-size);--awb-caption-title-transform:var(--h2_typography-text-transform);--awb-caption-title-line-height:var(--h2_typography-line-height);--awb-caption-title-letter-spacing:var(--h2_typography-letter-spacing);\"><span class=\" fusion-imageframe imageframe-none imageframe-1 hover-type-none\"><img decoding=\"async\" width=\"600\" height=\"409\" alt=\"Klokken worden ingevorderd\" title=\"AaltenseKlokkenLR\" src=\"https:\/\/nationaalonderduikmuseum.nl\/wp-content\/uploads\/2023\/12\/AaltenseKlokkenLR-600x409.jpg\" class=\"img-responsive wp-image-1909\" srcset=\"https:\/\/nationaalonderduikmuseum.nl\/wp-content\/uploads\/2023\/12\/AaltenseKlokkenLR-200x136.jpg 200w, https:\/\/nationaalonderduikmuseum.nl\/wp-content\/uploads\/2023\/12\/AaltenseKlokkenLR-400x273.jpg 400w, https:\/\/nationaalonderduikmuseum.nl\/wp-content\/uploads\/2023\/12\/AaltenseKlokkenLR-600x409.jpg 600w, https:\/\/nationaalonderduikmuseum.nl\/wp-content\/uploads\/2023\/12\/AaltenseKlokkenLR.jpg 800w\" sizes=\"(max-width: 800px) 100vw, 600px\" \/><\/span><\/div><div class=\"fusion-image-element \" style=\"--awb-margin-top:10px;--awb-caption-title-font-family:var(--h2_typography-font-family);--awb-caption-title-font-weight:var(--h2_typography-font-weight);--awb-caption-title-font-style:var(--h2_typography-font-style);--awb-caption-title-size:var(--h2_typography-font-size);--awb-caption-title-transform:var(--h2_typography-text-transform);--awb-caption-title-line-height:var(--h2_typography-line-height);--awb-caption-title-letter-spacing:var(--h2_typography-letter-spacing);\"><span class=\" fusion-imageframe imageframe-none imageframe-2 hover-type-none\"><img decoding=\"async\" width=\"600\" height=\"409\" alt=\"Luister naar de verhalen in de verhalenjassen\" title=\"kapstok-1LR\" src=\"https:\/\/nationaalonderduikmuseum.nl\/wp-content\/uploads\/2023\/12\/kapstok-1LR-600x409.jpg\" class=\"img-responsive wp-image-1912\" srcset=\"https:\/\/nationaalonderduikmuseum.nl\/wp-content\/uploads\/2023\/12\/kapstok-1LR-200x136.jpg 200w, https:\/\/nationaalonderduikmuseum.nl\/wp-content\/uploads\/2023\/12\/kapstok-1LR-400x273.jpg 400w, https:\/\/nationaalonderduikmuseum.nl\/wp-content\/uploads\/2023\/12\/kapstok-1LR-600x409.jpg 600w, https:\/\/nationaalonderduikmuseum.nl\/wp-content\/uploads\/2023\/12\/kapstok-1LR.jpg 800w\" sizes=\"(max-width: 800px) 100vw, 600px\" \/><\/span><\/div><\/div><\/div><\/div><\/div>\n","protected":false},"excerpt":{"rendered":"","protected":false},"author":1,"featured_media":0,"parent":2184,"menu_order":1,"comment_status":"closed","ping_status":"closed","template":"","meta":{"footnotes":""},"class_list":["post-2192","page","type-page","status-publish","hentry"],"aioseo_notices":[],"_links":{"self":[{"href":"https:\/\/nationaalonderduikmuseum.nl\/de\/wp-json\/wp\/v2\/pages\/2192","targetHints":{"allow":["GET"]}}],"collection":[{"href":"https:\/\/nationaalonderduikmuseum.nl\/de\/wp-json\/wp\/v2\/pages"}],"about":[{"href":"https:\/\/nationaalonderduikmuseum.nl\/de\/wp-json\/wp\/v2\/types\/page"}],"author":[{"embeddable":true,"href":"https:\/\/nationaalonderduikmuseum.nl\/de\/wp-json\/wp\/v2\/users\/1"}],"replies":[{"embeddable":true,"href":"https:\/\/nationaalonderduikmuseum.nl\/de\/wp-json\/wp\/v2\/comments?post=2192"}],"version-history":[{"count":8,"href":"https:\/\/nationaalonderduikmuseum.nl\/de\/wp-json\/wp\/v2\/pages\/2192\/revisions"}],"predecessor-version":[{"id":5227,"href":"https:\/\/nationaalonderduikmuseum.nl\/de\/wp-json\/wp\/v2\/pages\/2192\/revisions\/5227"}],"up":[{"embeddable":true,"href":"https:\/\/nationaalonderduikmuseum.nl\/de\/wp-json\/wp\/v2\/pages\/2184"}],"wp:attachment":[{"href":"https:\/\/nationaalonderduikmuseum.nl\/de\/wp-json\/wp\/v2\/media?parent=2192"}],"curies":[{"name":"wp","href":"https:\/\/api.w.org\/{rel}","templated":true}]}}