{"id":2184,"date":"2022-08-05T13:17:42","date_gmt":"2022-08-05T13:17:42","guid":{"rendered":"https:\/\/nationaalonderduikmuseum.nl\/unterstuetzen-sie-uns\/"},"modified":"2026-04-01T19:49:05","modified_gmt":"2026-04-01T19:49:05","slug":"unterstuetzen-sie-uns","status":"publish","type":"page","link":"https:\/\/nationaalonderduikmuseum.nl\/de\/unterstuetzen-sie-uns\/","title":{"rendered":"Unterst\u00fctzen Sie uns"},"content":{"rendered":"<div class=\"fusion-fullwidth fullwidth-box fusion-builder-row-1 fusion-flex-container has-pattern-background has-mask-background nonhundred-percent-fullwidth non-hundred-percent-height-scrolling\" style=\"--awb-border-radius-top-left:0px;--awb-border-radius-top-right:0px;--awb-border-radius-bottom-right:0px;--awb-border-radius-bottom-left:0px;--awb-padding-top:70px;--awb-flex-wrap:wrap;\" ><div class=\"fusion-builder-row fusion-row fusion-flex-align-items-flex-start fusion-flex-content-wrap\" style=\"max-width:1456px;margin-left: calc(-4% \/ 2 );margin-right: calc(-4% \/ 2 );\"><div class=\"fusion-layout-column fusion_builder_column fusion-builder-column-0 fusion_builder_column_1_1 1_1 fusion-flex-column\" style=\"--awb-bg-size:cover;--awb-width-large:100%;--awb-margin-top-large:0px;--awb-spacing-right-large:1.92%;--awb-margin-bottom-large:20px;--awb-spacing-left-large:1.92%;--awb-width-medium:100%;--awb-order-medium:0;--awb-spacing-right-medium:1.92%;--awb-spacing-left-medium:1.92%;--awb-width-small:100%;--awb-order-small:0;--awb-spacing-right-small:1.92%;--awb-spacing-left-small:1.92%;\"><div class=\"fusion-column-wrapper fusion-column-has-shadow fusion-flex-justify-content-flex-start fusion-content-layout-column\"><\/div><\/div><div class=\"fusion-layout-column fusion_builder_column fusion-builder-column-1 fusion_builder_column_1_2 1_2 fusion-flex-column\" style=\"--awb-bg-size:cover;--awb-width-large:50%;--awb-margin-top-large:0px;--awb-spacing-right-large:3.84%;--awb-margin-bottom-large:20px;--awb-spacing-left-large:3.84%;--awb-width-medium:50%;--awb-order-medium:0;--awb-spacing-right-medium:3.84%;--awb-spacing-left-medium:3.84%;--awb-width-small:100%;--awb-order-small:0;--awb-spacing-right-small:1.92%;--awb-spacing-left-small:1.92%;\"><div class=\"fusion-column-wrapper fusion-column-has-shadow fusion-flex-justify-content-flex-start fusion-content-layout-column\"><div class=\"fusion-text fusion-text-1\"><h1>Unterst\u00fctzen Sie uns<\/h1>\n<h5>Liegt Ihnen das Nationaal Onderduikmuseum auch am Herzen?<\/h5>\n<p>Es gibt verschiedene M\u00f6glichkeiten, das Museum zu unterst\u00fctzen, z. B. finanziell durch eine Spende oder ein Verm\u00e4chtnis, als (gesch\u00e4ftlicher) Freund oder durch die Mitarbeit in unserem Team von ehrenamtlichen Mitarbeitern.<\/p>\n<p>Der Verein Nationaal Onderduikmuseum ist als gemeinn\u00fctzige K\u00f6rperschaft (Kultur-ANBI) anerkannt. Siehe Spenden und ANBI. Daher kann Ihre Spende bis zu 125 % von der niederl\u00e4ndischen Einkommens. Siehe Spenden und ANBI.<\/p>\n<p>Mit Ihrer Unterst\u00fctzung:<\/p>\n<ul>\n<li>halten wir die Geschichte des Untertauchens w\u00e4hrend des Zweiten Weltkrieges lebendig und schaffen Verbindungen zur Gegenwart<\/li>\n<li>organisieren wir Ausstellungen und andere Aktivit\u00e4ten<\/li>\n<li>bieten wir Bildungs- und Unterrichtsprogramme f\u00fcr Jugendliche, in denen wir die Bedeutung von Freiheit und Solidarit\u00e4t in unserer Gesellschaft hervorheben.<\/li>\n<li>verst\u00e4rken wir die euregionale Zusammenarbeit<\/li>\n<li>halten wir unsere Einrichtungen auf dem neuesten Stand<\/li>\n<\/ul>\n<p>Um weitere Informationen zu den verschiedenen Optionen zu erhalten, klicken Sie bitte Nachstehendes an:<\/p>\n<ul>\n<li><a rel=\"nofollow\" href=\"https:\/\/nationaalonderduikmuseum.nl\/de\/unterstuetzen-sie-uns\/spenden-und-anbi\/\">Spenden, Schenkungen und ANBI-Status<\/a><\/li>\n<li><a rel=\"nofollow\" href=\"https:\/\/nationaalonderduikmuseum.nl\/de\/unterstuetzen-sie-uns\/werden-sie-freund-des-museums\/\">Freund werden<\/a><\/li>\n<li><a rel=\"nofollow\" href=\"https:\/\/nationaalonderduikmuseum.nl\/de\/unterstuetzen-sie-uns\/werden-sie-ein-geschaeftsfreund\/\">Gesch\u00e4ftsfreund werden<\/a><\/li>\n<li><a rel=\"nofollow\" href=\"https:\/\/nationaalonderduikmuseum.nl\/steun-ons\/word-vrijwilliger\/\">Ehrenamtlicher Mitarbeiter werden<\/a><\/li>\n<\/ul>\n<\/div><\/div><\/div><div class=\"fusion-layout-column fusion_builder_column fusion-builder-column-2 fusion_builder_column_1_2 1_2 fusion-flex-column\" style=\"--awb-bg-size:cover;--awb-width-large:50%;--awb-margin-top-large:0px;--awb-spacing-right-large:3.84%;--awb-margin-bottom-large:20px;--awb-spacing-left-large:3.84%;--awb-width-medium:50%;--awb-order-medium:0;--awb-spacing-right-medium:3.84%;--awb-spacing-left-medium:3.84%;--awb-width-small:100%;--awb-order-small:0;--awb-spacing-right-small:1.92%;--awb-spacing-left-small:1.92%;\"><div class=\"fusion-column-wrapper fusion-column-has-shadow fusion-flex-justify-content-flex-start fusion-content-layout-column\"><div class=\"fusion-image-element \" style=\"--awb-caption-title-font-family:var(--h2_typography-font-family);--awb-caption-title-font-weight:var(--h2_typography-font-weight);--awb-caption-title-font-style:var(--h2_typography-font-style);--awb-caption-title-size:var(--h2_typography-font-size);--awb-caption-title-transform:var(--h2_typography-text-transform);--awb-caption-title-line-height:var(--h2_typography-line-height);--awb-caption-title-letter-spacing:var(--h2_typography-letter-spacing);\"><span class=\" fusion-imageframe imageframe-none imageframe-1 hover-type-none\"><img decoding=\"async\" width=\"600\" height=\"409\" alt=\"Elektriciteit opwekken met een fiets\" title=\"tussenkamer-2LR\" src=\"https:\/\/nationaalonderduikmuseum.nl\/wp-content\/uploads\/2023\/12\/tussenkamer-2LR-600x409.jpg\" class=\"img-responsive wp-image-1902\" srcset=\"https:\/\/nationaalonderduikmuseum.nl\/wp-content\/uploads\/2023\/12\/tussenkamer-2LR-200x136.jpg 200w, https:\/\/nationaalonderduikmuseum.nl\/wp-content\/uploads\/2023\/12\/tussenkamer-2LR-400x273.jpg 400w, https:\/\/nationaalonderduikmuseum.nl\/wp-content\/uploads\/2023\/12\/tussenkamer-2LR-600x409.jpg 600w, https:\/\/nationaalonderduikmuseum.nl\/wp-content\/uploads\/2023\/12\/tussenkamer-2LR.jpg 800w\" sizes=\"(max-width: 800px) 100vw, 600px\" \/><\/span><\/div><div class=\"fusion-image-element \" style=\"--awb-margin-top:10px;--awb-caption-title-font-family:var(--h2_typography-font-family);--awb-caption-title-font-weight:var(--h2_typography-font-weight);--awb-caption-title-font-style:var(--h2_typography-font-style);--awb-caption-title-size:var(--h2_typography-font-size);--awb-caption-title-transform:var(--h2_typography-text-transform);--awb-caption-title-line-height:var(--h2_typography-line-height);--awb-caption-title-letter-spacing:var(--h2_typography-letter-spacing);\"><span class=\" fusion-imageframe imageframe-none imageframe-2 hover-type-none\"><img decoding=\"async\" width=\"600\" height=\"409\" alt=\"Verbergplaats van radio\" title=\"radioluikje-2LR\" src=\"https:\/\/nationaalonderduikmuseum.nl\/wp-content\/uploads\/2023\/12\/radioluikje-2LR-600x409.jpg\" class=\"img-responsive wp-image-1905\" srcset=\"https:\/\/nationaalonderduikmuseum.nl\/wp-content\/uploads\/2023\/12\/radioluikje-2LR-200x136.jpg 200w, https:\/\/nationaalonderduikmuseum.nl\/wp-content\/uploads\/2023\/12\/radioluikje-2LR-400x273.jpg 400w, https:\/\/nationaalonderduikmuseum.nl\/wp-content\/uploads\/2023\/12\/radioluikje-2LR-600x409.jpg 600w, https:\/\/nationaalonderduikmuseum.nl\/wp-content\/uploads\/2023\/12\/radioluikje-2LR.jpg 800w\" sizes=\"(max-width: 800px) 100vw, 600px\" \/><\/span><\/div><\/div><\/div><\/div><\/div>\n","protected":false},"excerpt":{"rendered":"","protected":false},"author":1,"featured_media":0,"parent":0,"menu_order":40,"comment_status":"closed","ping_status":"closed","template":"","meta":{"footnotes":""},"class_list":["post-2184","page","type-page","status-publish","hentry"],"aioseo_notices":[],"_links":{"self":[{"href":"https:\/\/nationaalonderduikmuseum.nl\/de\/wp-json\/wp\/v2\/pages\/2184","targetHints":{"allow":["GET"]}}],"collection":[{"href":"https:\/\/nationaalonderduikmuseum.nl\/de\/wp-json\/wp\/v2\/pages"}],"about":[{"href":"https:\/\/nationaalonderduikmuseum.nl\/de\/wp-json\/wp\/v2\/types\/page"}],"author":[{"embeddable":true,"href":"https:\/\/nationaalonderduikmuseum.nl\/de\/wp-json\/wp\/v2\/users\/1"}],"replies":[{"embeddable":true,"href":"https:\/\/nationaalonderduikmuseum.nl\/de\/wp-json\/wp\/v2\/comments?post=2184"}],"version-history":[{"count":13,"href":"https:\/\/nationaalonderduikmuseum.nl\/de\/wp-json\/wp\/v2\/pages\/2184\/revisions"}],"predecessor-version":[{"id":6603,"href":"https:\/\/nationaalonderduikmuseum.nl\/de\/wp-json\/wp\/v2\/pages\/2184\/revisions\/6603"}],"wp:attachment":[{"href":"https:\/\/nationaalonderduikmuseum.nl\/de\/wp-json\/wp\/v2\/media?parent=2184"}],"curies":[{"name":"wp","href":"https:\/\/api.w.org\/{rel}","templated":true}]}}