{"id":2180,"date":"2022-08-05T13:16:03","date_gmt":"2022-08-05T13:16:03","guid":{"rendered":"https:\/\/nationaalonderduikmuseum.nl\/erreichbarkeit\/"},"modified":"2026-04-01T19:49:57","modified_gmt":"2026-04-01T19:49:57","slug":"erreichbarkeit","status":"publish","type":"page","link":"https:\/\/nationaalonderduikmuseum.nl\/de\/besuch-planen\/erreichbarkeit\/","title":{"rendered":"Erreichbarkeit"},"content":{"rendered":"<div class=\"fusion-fullwidth fullwidth-box fusion-builder-row-1 fusion-flex-container has-pattern-background has-mask-background nonhundred-percent-fullwidth non-hundred-percent-height-scrolling\" style=\"--awb-border-radius-top-left:0px;--awb-border-radius-top-right:0px;--awb-border-radius-bottom-right:0px;--awb-border-radius-bottom-left:0px;--awb-padding-top:70px;--awb-flex-wrap:wrap;\" ><div class=\"fusion-builder-row fusion-row fusion-flex-align-items-flex-start fusion-flex-content-wrap\" style=\"max-width:1456px;margin-left: calc(-4% \/ 2 );margin-right: calc(-4% \/ 2 );\"><div class=\"fusion-layout-column fusion_builder_column fusion-builder-column-0 fusion_builder_column_1_1 1_1 fusion-flex-column\" style=\"--awb-bg-size:cover;--awb-width-large:100%;--awb-margin-top-large:0px;--awb-spacing-right-large:1.92%;--awb-margin-bottom-large:20px;--awb-spacing-left-large:1.92%;--awb-width-medium:100%;--awb-order-medium:0;--awb-spacing-right-medium:1.92%;--awb-spacing-left-medium:1.92%;--awb-width-small:100%;--awb-order-small:0;--awb-spacing-right-small:1.92%;--awb-spacing-left-small:1.92%;\"><div class=\"fusion-column-wrapper fusion-column-has-shadow fusion-flex-justify-content-flex-start fusion-content-layout-column\"><div class=\"fusion-title title fusion-title-1 fusion-sep-none fusion-title-text fusion-title-size-one\" style=\"--awb-margin-top-small:8px;--awb-margin-right-small:0px;--awb-margin-bottom-small:16px;--awb-margin-left-small:0px;\"><h1 class=\"fusion-title-heading title-heading-left fusion-responsive-typography-calculated\" style=\"margin:0;--fontSize:64;line-height:1.25;\"><h1>Erreichbarkeit<\/h1><\/h1><\/div><\/div><\/div><div class=\"fusion-layout-column fusion_builder_column fusion-builder-column-1 fusion_builder_column_1_2 1_2 fusion-flex-column\" style=\"--awb-bg-size:cover;--awb-width-large:50%;--awb-margin-top-large:0px;--awb-spacing-right-large:3.84%;--awb-margin-bottom-large:20px;--awb-spacing-left-large:3.84%;--awb-width-medium:50%;--awb-order-medium:0;--awb-spacing-right-medium:3.84%;--awb-spacing-left-medium:3.84%;--awb-width-small:100%;--awb-order-small:0;--awb-spacing-right-small:1.92%;--awb-spacing-left-small:1.92%;\"><div class=\"fusion-column-wrapper fusion-column-has-shadow fusion-flex-justify-content-flex-start fusion-content-layout-column\"><div class=\"fusion-text fusion-text-1 fusion-text-no-margin\" style=\"--awb-margin-bottom:50px;\"><h4>Adresse<\/h4>\n<p>Markt 12-18<br \/>\n7121 CS Aalten<\/p>\n<\/div><div class=\"fusion-text fusion-text-2 fusion-text-no-margin\" style=\"--awb-margin-bottom:50px;\"><h4>Route<\/h4>\n<p>Aus allen Richtungen kommend, folgen Sie der Beschilderung:<br \/>\nAalten Centrum<br \/>\nP = Parkroute<br \/>\nSchilder: Nationaal Onderduikmuseum<\/p>\n<\/div><div class=\"fusion-text fusion-text-3 fusion-text-no-margin\" style=\"--awb-margin-bottom:50px;\"><h4>Parken<\/h4>\n<p>Im Zentrum stehen in Museumsn\u00e4he kostenlose Parkpl\u00e4tze zur Verf\u00fcgung. Dies ist eine blaue Zone, in der Sie 1,5 Stunden parken d\u00fcrfen. Hierf\u00fcr m\u00fcssen Sie eine Parkscheibe verwenden (diese ist bei Bedarf im Museum erh\u00e4ltlich). <\/p>\n<p>Vor dem Museum gibt es einen <strong>Behindertenparkplatz<\/strong>.<\/p>\n<p>Reisebusse haben die M\u00f6glichkeit, direkt vor dem Museum Fahrg\u00e4ste ein- und aussteigen zu lassen. Zum Parken nutzen Sie bitte den Langzeitparkplatz am Kinderbauernhof \u201eDe Ahof\u201c.<\/p>\n<\/div><div class=\"fusion-text fusion-text-4 fusion-text-no-margin\" style=\"--awb-margin-bottom:50px;\"><h4>Busparkplatz<\/h4>\n<p>Parkgel\u00e4nde neben dem Kinderbauernhof:<\/p>\n<p>Kinderboerderij \u2018De Ahof\u2019<br \/>\nPolstraat 9<br \/>\n7121 DH Aalten<\/p>\n<\/div><\/div><\/div><div class=\"fusion-layout-column fusion_builder_column fusion-builder-column-2 fusion_builder_column_1_2 1_2 fusion-flex-column\" style=\"--awb-bg-size:cover;--awb-width-large:50%;--awb-margin-top-large:0px;--awb-spacing-right-large:3.84%;--awb-margin-bottom-large:20px;--awb-spacing-left-large:3.84%;--awb-width-medium:50%;--awb-order-medium:0;--awb-spacing-right-medium:3.84%;--awb-spacing-left-medium:3.84%;--awb-width-small:100%;--awb-order-small:0;--awb-spacing-right-small:1.92%;--awb-spacing-left-small:1.92%;\"><div class=\"fusion-column-wrapper fusion-column-has-shadow fusion-flex-justify-content-flex-start fusion-content-layout-column\"><div class=\"fusion-text fusion-text-5 fusion-text-no-margin\" style=\"--awb-margin-bottom:50px;\"><h4>Bus und Bahn<\/h4>\n<p>Planen Sie Ihre Reise zum Nationaal Onderduikmuseum \u00fcber die Reiseauskunft f\u00fcr \u00f6ffentliche Verkehrsmittel (<a href=\"https:\/\/9292.nl\/\" target=\"_blank\" rel=\"noreferrer noopener\">Openbaar Vervoer Reisinformatie<\/a>) oder rufen Sie die Auskunftsstelle f\u00fcr \u00f6ffentliche Verkehrsmittel an unter Tel. 0031 &#8211; 900 9292. <\/p>\n<h5>Aus Deutschland<\/h5>\n<p>Planen Sie Ihre Route zum Nationaal Onderduikmuseum \u00fcber die <a href=\"https:\/\/int.bahn.de\/nl\" target=\"_blank\" rel=\"noopener\">Deutsche Bahn AG<\/a> \u2013   <a href=\"https:\/\/www.nsinternational.com\/nl\" target=\"_blank\" rel=\"noopener\">NS International<\/a><\/p>\n<\/div><div class=\"fusion-text fusion-text-6 fusion-text-no-margin\" style=\"--awb-margin-bottom:50px;\"><h4>Vom Bahnhof Aalten<\/h4>\n<p>5 bis 10 Minuten Fu\u00dfweg.<\/p>\n<\/div><iframe class=\"bereikbaarheid-iframe\" src=\"https:\/\/www.google.com\/maps\/embed?pb=!1m18!1m12!1m3!1d2460.341290685043!2d6.579479916340295!3d51.92772808770306!2m3!1f0!2f0!3f0!3m2!1i1024!2i768!4f13.1!3m3!1m2!1s0x47b8794dd5ce10bb:0x60460f660d96d8cb!2sMarkt%2012-16,%207121%20CS%20Aalten!5e0!3m2!1snl!2snl!4v1660562668502!5m2!1snl!2snl\" width=\"600\" height=\"450\" style=\"border:0;\" allowfullscreen=\"\" loading=\"lazy\" referrerpolicy=\"no-referrer-when-downgrade\"><\/iframe><\/div><\/div><\/div><\/div>\n","protected":false},"excerpt":{"rendered":"","protected":false},"author":1,"featured_media":0,"parent":5038,"menu_order":34,"comment_status":"closed","ping_status":"closed","template":"","meta":{"footnotes":""},"class_list":["post-2180","page","type-page","status-publish","hentry"],"aioseo_notices":[],"_links":{"self":[{"href":"https:\/\/nationaalonderduikmuseum.nl\/de\/wp-json\/wp\/v2\/pages\/2180","targetHints":{"allow":["GET"]}}],"collection":[{"href":"https:\/\/nationaalonderduikmuseum.nl\/de\/wp-json\/wp\/v2\/pages"}],"about":[{"href":"https:\/\/nationaalonderduikmuseum.nl\/de\/wp-json\/wp\/v2\/types\/page"}],"author":[{"embeddable":true,"href":"https:\/\/nationaalonderduikmuseum.nl\/de\/wp-json\/wp\/v2\/users\/1"}],"replies":[{"embeddable":true,"href":"https:\/\/nationaalonderduikmuseum.nl\/de\/wp-json\/wp\/v2\/comments?post=2180"}],"version-history":[{"count":12,"href":"https:\/\/nationaalonderduikmuseum.nl\/de\/wp-json\/wp\/v2\/pages\/2180\/revisions"}],"predecessor-version":[{"id":5587,"href":"https:\/\/nationaalonderduikmuseum.nl\/de\/wp-json\/wp\/v2\/pages\/2180\/revisions\/5587"}],"up":[{"embeddable":true,"href":"https:\/\/nationaalonderduikmuseum.nl\/de\/wp-json\/wp\/v2\/pages\/5038"}],"wp:attachment":[{"href":"https:\/\/nationaalonderduikmuseum.nl\/de\/wp-json\/wp\/v2\/media?parent=2180"}],"curies":[{"name":"wp","href":"https:\/\/api.w.org\/{rel}","templated":true}]}}