{"id":2140,"date":"2022-08-05T09:47:37","date_gmt":"2022-08-05T09:47:37","guid":{"rendered":"https:\/\/nationaalonderduikmuseum.nl\/weiterfuehrende-schulen\/"},"modified":"2026-04-01T19:49:00","modified_gmt":"2026-04-01T19:49:00","slug":"weiterfuehrende-schulen","status":"publish","type":"page","link":"https:\/\/nationaalonderduikmuseum.nl\/de\/bildung\/weiterfuehrende-schulen\/","title":{"rendered":"Weiterf\u00fchrende Schulen"},"content":{"rendered":"<p><div class=\"fusion-fullwidth fullwidth-box fusion-builder-row-1 fusion-flex-container has-pattern-background has-mask-background nonhundred-percent-fullwidth non-hundred-percent-height-scrolling\" style=\"--awb-border-radius-top-left:0px;--awb-border-radius-top-right:0px;--awb-border-radius-bottom-right:0px;--awb-border-radius-bottom-left:0px;--awb-padding-top:50px;--awb-padding-bottom:50px;--awb-flex-wrap:wrap;\" ><div class=\"fusion-builder-row fusion-row fusion-flex-align-items-flex-start fusion-flex-content-wrap\" style=\"max-width:1456px;margin-left: calc(-4% \/ 2 );margin-right: calc(-4% \/ 2 );\"><div class=\"fusion-layout-column fusion_builder_column fusion-builder-column-0 fusion_builder_column_1_1 1_1 fusion-flex-column\" style=\"--awb-bg-size:cover;--awb-width-large:100%;--awb-margin-top-large:0px;--awb-spacing-right-large:1.92%;--awb-margin-bottom-large:20px;--awb-spacing-left-large:1.92%;--awb-width-medium:100%;--awb-order-medium:0;--awb-spacing-right-medium:1.92%;--awb-spacing-left-medium:1.92%;--awb-width-small:100%;--awb-order-small:0;--awb-spacing-right-small:1.92%;--awb-spacing-left-small:1.92%;\"><div class=\"fusion-column-wrapper fusion-column-has-shadow fusion-flex-justify-content-flex-start fusion-content-layout-column\"><div class=\"fusion-title title fusion-title-1 fusion-sep-none fusion-title-text fusion-title-size-one\" style=\"--awb-margin-top-small:8px;--awb-margin-right-small:0px;--awb-margin-bottom-small:16px;--awb-margin-left-small:0px;\"><h1 class=\"fusion-title-heading title-heading-left fusion-responsive-typography-calculated\" style=\"margin:0;--fontSize:64;line-height:1.25;\">Weiterf\u00fchrende Schulen<\/h1><\/div><\/div><\/div><div class=\"fusion-layout-column fusion_builder_column fusion-builder-column-1 fusion_builder_column_1_2 1_2 fusion-flex-column\" style=\"--awb-bg-size:cover;--awb-width-large:50%;--awb-margin-top-large:0px;--awb-spacing-right-large:3.84%;--awb-margin-bottom-large:20px;--awb-spacing-left-large:3.84%;--awb-width-medium:50%;--awb-order-medium:0;--awb-spacing-right-medium:3.84%;--awb-spacing-left-medium:3.84%;--awb-width-small:100%;--awb-order-small:0;--awb-spacing-right-small:1.92%;--awb-spacing-left-small:1.92%;\"><div class=\"fusion-column-wrapper fusion-column-has-shadow fusion-flex-justify-content-flex-start fusion-content-layout-column\"><div class=\"fusion-text fusion-text-1\"><p><em>Besuchen Sie mit Ihrer Klasse das Nationaal Onderduikmuseum und lernen Sie die Geschichten von Markt 12 kennen!<\/em><\/p>\n<p>Von der Orientierungsstufe bis zum Abschlussjahr bietet das Nationaal Onderduikmuseum verschiedene Bildungsprogramme an. Erleben Sie am Originalschauplatz die Geschichten der Bewohner von Markt 12 w\u00e4hrend des Zweiten Weltkriegs. <\/p>\n<p>Die Bildungsprogramme \u00fcber das <a href=\"https:\/\/nationaalonderduikmuseum.nl\/de\/geschichten\/das-untertauchen-in-den-niederlanden\/\">Untertauchen<\/a>, die Freiheit und den Widerstand sind interaktiv gestaltet.<\/p>\n<p>Das Nationaal Onderduikmuseum bietet vier Bildungsprogramme f\u00fcr die Sekundarstufe an, die wir auf das Niveau und das Alter der Sch\u00fcler abstimmen. Die Programme f\u00fchren die Sch\u00fcler in die Themen &#8222;Untertauchen&#8220;, &#8222;Widerstand&#8220; und &#8222;Freiheit&#8220; ein.<\/p>\n<p>Alle Programme gibt es in niederl\u00e4ndischer und deutscher Sprache. In Absprache mit dem Lehrpersonal stellen wir ein ma\u00dfgeschneidertes Programm zusammen.<\/p>\n<\/div><\/div><\/div><div class=\"fusion-layout-column fusion_builder_column fusion-builder-column-2 fusion_builder_column_1_2 1_2 fusion-flex-column\" style=\"--awb-bg-size:cover;--awb-width-large:50%;--awb-margin-top-large:0px;--awb-spacing-right-large:3.84%;--awb-margin-bottom-large:20px;--awb-spacing-left-large:3.84%;--awb-width-medium:50%;--awb-order-medium:0;--awb-spacing-right-medium:3.84%;--awb-spacing-left-medium:3.84%;--awb-width-small:100%;--awb-order-small:0;--awb-spacing-right-small:1.92%;--awb-spacing-left-small:1.92%;\"><div class=\"fusion-column-wrapper fusion-column-has-shadow fusion-flex-justify-content-flex-start fusion-content-layout-column\"><div class=\"fusion-image-element \" style=\"--awb-caption-title-font-family:var(--h2_typography-font-family);--awb-caption-title-font-weight:var(--h2_typography-font-weight);--awb-caption-title-font-style:var(--h2_typography-font-style);--awb-caption-title-size:var(--h2_typography-font-size);--awb-caption-title-transform:var(--h2_typography-text-transform);--awb-caption-title-line-height:var(--h2_typography-line-height);--awb-caption-title-letter-spacing:var(--h2_typography-letter-spacing);\"><span class=\" fusion-imageframe imageframe-none imageframe-1 hover-type-none\"><img decoding=\"async\" width=\"400\" height=\"587\" title=\"kabelwachtLR\" src=\"https:\/\/nationaalonderduikmuseum.nl\/wp-content\/uploads\/2023\/12\/kabelwachtLR-400x587.jpg\" alt class=\"img-responsive wp-image-1874\" srcset=\"https:\/\/nationaalonderduikmuseum.nl\/wp-content\/uploads\/2023\/12\/kabelwachtLR-200x294.jpg 200w, https:\/\/nationaalonderduikmuseum.nl\/wp-content\/uploads\/2023\/12\/kabelwachtLR-400x587.jpg 400w, https:\/\/nationaalonderduikmuseum.nl\/wp-content\/uploads\/2023\/12\/kabelwachtLR.jpg 545w\" sizes=\"(max-width: 800px) 100vw, 400px\" \/><\/span><\/div><\/div><\/div><\/div><\/div><div class=\"fusion-fullwidth fullwidth-box fusion-builder-row-2 fusion-flex-container has-pattern-background has-mask-background nonhundred-percent-fullwidth non-hundred-percent-height-scrolling\" style=\"--awb-border-radius-top-left:0px;--awb-border-radius-top-right:0px;--awb-border-radius-bottom-right:0px;--awb-border-radius-bottom-left:0px;--awb-padding-top:0px;--awb-padding-bottom:20px;--awb-flex-wrap:wrap;\" ><div class=\"fusion-builder-row fusion-row fusion-flex-align-items-stretch fusion-flex-justify-content-center fusion-flex-content-wrap\" style=\"max-width:calc( 1400px + 32px );margin-left: calc(-32px \/ 2 );margin-right: calc(-32px \/ 2 );\"><div class=\"fusion-layout-column fusion_builder_column fusion-builder-column-3 fusion_builder_column_1_1 1_1 fusion-flex-column\" style=\"--awb-bg-size:cover;--awb-width-large:100%;--awb-margin-top-large:0px;--awb-spacing-right-large:16px;--awb-margin-bottom-large:20px;--awb-spacing-left-large:16px;--awb-width-medium:100%;--awb-order-medium:0;--awb-spacing-right-medium:16px;--awb-spacing-left-medium:16px;--awb-width-small:100%;--awb-order-small:0;--awb-spacing-right-small:16px;--awb-spacing-left-small:16px;\"><div class=\"fusion-column-wrapper fusion-column-has-shadow fusion-flex-justify-content-flex-start fusion-content-layout-column\"><div class=\"fusion-title title fusion-title-2 fusion-sep-none fusion-title-center fusion-title-text fusion-title-size-two\" style=\"--awb-margin-bottom:64px;--awb-margin-top-small:8px;--awb-margin-right-small:0px;--awb-margin-bottom-small:16px;--awb-margin-left-small:0px;\"><h2 class=\"fusion-title-heading title-heading-center fusion-responsive-typography-calculated\" style=\"margin:0;--fontSize:48;line-height:var(--awb-typography1-line-height);\">Programme f\u00fcr die Unterstufe<\/h2><\/div><\/div><\/div><div class=\"fusion-layout-column fusion_builder_column fusion-builder-column-4 fusion_builder_column_1_2 1_2 fusion-flex-column nom-borders\" style=\"--awb-bg-size:cover;--awb-width-large:50%;--awb-margin-top-large:0px;--awb-spacing-right-large:16px;--awb-margin-bottom-large:32px;--awb-spacing-left-large:16px;--awb-width-medium:50%;--awb-order-medium:0;--awb-spacing-right-medium:16px;--awb-spacing-left-medium:16px;--awb-width-small:100%;--awb-order-small:0;--awb-spacing-right-small:16px;--awb-spacing-left-small:16px;\"><div class=\"fusion-column-wrapper fusion-column-has-shadow fusion-flex-justify-content-flex-start fusion-content-layout-column\"><div class=\"fusion-title title fusion-title-3 fusion-sep-none fusion-title-text fusion-title-size-four\" style=\"--awb-margin-top-small:8px;--awb-margin-right-small:0px;--awb-margin-bottom-small:16px;--awb-margin-left-small:0px;--awb-font-size:24px;\"><h4 class=\"fusion-title-heading title-heading-left fusion-responsive-typography-calculated\" style=\"margin:0;font-size:1em;--fontSize:24;line-height:var(--awb-typography1-line-height);\">Die Suche<\/h4><\/div><div class=\"fusion-text fusion-text-2\"><p>Mithilfe der Schnitzeljagd lernen die Sch\u00fcler die Themen Untertauchen, Freiheit und Widerstand kennen. Dieses Programm wird von einem Museumsdozenten betreut.<\/p>\n<p>Sozialform \/ Methode:<br \/>\nNach einer interaktiven Einf\u00fchrung gehen die Sch\u00fcler in Kleingruppen selbstst\u00e4ndig auf Erkundungstour im Museum. Gemeinsamer Abschluss des Besuchs.<\/p>\n<p><strong>Dauer:<\/strong> ca. 1,5 Stunden<\/p>\n<p>Kernziele \/ Bildungsstandards in der Niederlande:<br \/>\nNiederl\u00e4ndisch 4 (Sprachkompetenz)<br \/>\nMensch &amp; Gesellschaft 37 und 40 (Gesellschaftslehre \/ Sozialkunde)<br \/>\nAnschluss an das Canon-Themenfenster \u201eDer Zweite Weltkrieg\u201c<\/p>\n<\/div><\/div><\/div><div class=\"fusion-layout-column fusion_builder_column fusion-builder-column-5 fusion_builder_column_1_2 1_2 fusion-flex-column nom-borders\" style=\"--awb-bg-size:cover;--awb-width-large:50%;--awb-margin-top-large:0px;--awb-spacing-right-large:16px;--awb-margin-bottom-large:32px;--awb-spacing-left-large:16px;--awb-width-medium:50%;--awb-order-medium:0;--awb-spacing-right-medium:16px;--awb-spacing-left-medium:16px;--awb-width-small:100%;--awb-order-small:0;--awb-spacing-right-small:16px;--awb-spacing-left-small:16px;\"><div class=\"fusion-column-wrapper fusion-column-has-shadow fusion-flex-justify-content-flex-start fusion-content-layout-column\"><div class=\"fusion-title title fusion-title-4 fusion-sep-none fusion-title-text fusion-title-size-four\" style=\"--awb-margin-top-small:8px;--awb-margin-right-small:0px;--awb-margin-bottom-small:16px;--awb-margin-left-small:0px;--awb-font-size:24px;\"><h4 class=\"fusion-title-heading title-heading-left fusion-responsive-typography-calculated\" style=\"margin:0;font-size:1em;--fontSize:24;line-height:var(--awb-typography1-line-height);\">Ja?! Nein?! Vielleicht?!<\/h4><\/div><div class=\"fusion-text fusion-text-3\"><p>Anhand von Fragen werden die Sch\u00fcler mit Entscheidungen konfrontiert, die die Menschen w\u00e4hrend der Besatzungszeit treffen mussten. Hierbei wird ein Bezug zur Gegenwart hergestellt.  Dieses Programm wird von einem Museumsdozenten betreut.<\/p>\n<p>Sozialform \/ Methode:<br \/>\nNach einer interaktiven Einf\u00fchrung gehen die Sch\u00fcler in Kleingruppen selbstst\u00e4ndig auf Erkundungstour im Museum. Gemeinsamer Abschluss des Besuchs.<\/p>\n<p><strong>Dauer:<\/strong> ca. 1,5 Stunden<\/p>\n<p>Kernziele \/ Bildungsstandards in der Niederlande:<br \/>\nNiederl\u00e4ndisch 4 (Sprachkompetenz)<br \/>\nMensch &amp; Gesellschaft 37 und 40 (Gesellschaftslehre \/ Sozialkunde)<br \/>\nAnschluss an das Canon-Themenfenster \u201eDer Zweite Weltkrieg\u201c<\/p>\n<p>*Nur NL<\/p>\n<\/div><\/div><\/div><div class=\"fusion-layout-column fusion_builder_column fusion-builder-column-6 fusion_builder_column_1_2 1_2 fusion-flex-column nom-borders\" style=\"--awb-bg-size:cover;--awb-width-large:50%;--awb-margin-top-large:0px;--awb-spacing-right-large:16px;--awb-margin-bottom-large:32px;--awb-spacing-left-large:16px;--awb-width-medium:50%;--awb-order-medium:0;--awb-spacing-right-medium:16px;--awb-spacing-left-medium:16px;--awb-width-small:100%;--awb-order-small:0;--awb-spacing-right-small:16px;--awb-spacing-left-small:16px;\"><div class=\"fusion-column-wrapper fusion-column-has-shadow fusion-flex-justify-content-flex-start fusion-content-layout-column\"><div class=\"fusion-title title fusion-title-5 fusion-sep-none fusion-title-text fusion-title-size-four\" style=\"--awb-margin-top-small:8px;--awb-margin-right-small:0px;--awb-margin-bottom-small:16px;--awb-margin-left-small:0px;--awb-font-size:24px;\"><h4 class=\"fusion-title-heading title-heading-left fusion-responsive-typography-calculated\" style=\"margin:0;font-size:1em;--fontSize:24;line-height:var(--awb-typography1-line-height);\">Entscheidungen treffen; damals und heute<\/h4><\/div><div class=\"fusion-text fusion-text-4\"><p>Entscheidungen treffen; damals und heute Was ziehe ich an? Welche Ausbildung m\u00f6chte ich machen? Soll ich mir einen Nebenjob suchen? Im Krieg sind die Umst\u00e4nde schwieriger, Entscheidungen, die man trifft, k\u00f6nnen lebensgef\u00e4hrlich sein. Arbeite ich f\u00fcr den Feind oder schlie\u00dfe ich mich dem Widerstand an? Unterzeichne ich die Loyalit\u00e4tserkl\u00e4rung und darf ich weiterstudieren oder tauche ich unter? Die Sch\u00fcler untersuchen in Gruppen, welche Menschen im Krieg bestimmte Entscheidungen getroffen haben und welche Folgen diese hatten. Diese Entscheidungen werden auf die Gegenwart \u00fcbertragen.        Dieses Programm wird von einem Museumsdozenten betreut.<\/p>\n<p>Sozialform \/ Methode:<br \/>\nNach einer interaktiven Einf\u00fchrung gehen die Sch\u00fcler in Kleingruppen selbstst\u00e4ndig auf Erkundungstour im Museum. <\/p>\n<p><strong>Dauer:<\/strong> ca. 1,5 Stunden<\/p>\n<p>Kernziele \/ Bildungsstandards in der Niederlande:<br \/>\nNiederl\u00e4ndisch 4 (Sprachkompetenz)<br \/>\nMensch &amp; Gesellschaft 37 und 40 (Gesellschaftslehre \/ Sozialkunde)<br \/>\nAnschluss an das Canon-Themenfenster \u201eDer Zweite Weltkrieg\u201c<\/p>\n<\/div><\/div><\/div><div class=\"fusion-layout-column fusion_builder_column fusion-builder-column-7 fusion_builder_column_1_2 1_2 fusion-flex-column nom-borders\" style=\"--awb-bg-size:cover;--awb-width-large:50%;--awb-margin-top-large:0px;--awb-spacing-right-large:16px;--awb-margin-bottom-large:32px;--awb-spacing-left-large:16px;--awb-width-medium:50%;--awb-order-medium:0;--awb-spacing-right-medium:16px;--awb-spacing-left-medium:16px;--awb-width-small:100%;--awb-order-small:0;--awb-spacing-right-small:16px;--awb-spacing-left-small:16px;\" data-scroll-devices=\"small-visibility,medium-visibility,large-visibility\"><div class=\"fusion-column-wrapper fusion-column-has-shadow fusion-flex-justify-content-flex-start fusion-content-layout-column\"><\/div><\/div><\/div><\/div><div class=\"fusion-fullwidth fullwidth-box fusion-builder-row-3 fusion-flex-container has-pattern-background has-mask-background nonhundred-percent-fullwidth non-hundred-percent-height-scrolling\" style=\"--awb-border-radius-top-left:0px;--awb-border-radius-top-right:0px;--awb-border-radius-bottom-right:0px;--awb-border-radius-bottom-left:0px;--awb-padding-top:0px;--awb-padding-bottom:0px;--awb-flex-wrap:wrap;\" ><div class=\"fusion-builder-row fusion-row fusion-flex-align-items-stretch fusion-flex-justify-content-center fusion-flex-content-wrap\" style=\"max-width:calc( 1400px + 32px );margin-left: calc(-32px \/ 2 );margin-right: calc(-32px \/ 2 );\"><div class=\"fusion-layout-column fusion_builder_column fusion-builder-column-8 fusion_builder_column_1_1 1_1 fusion-flex-column\" style=\"--awb-bg-size:cover;--awb-width-large:100%;--awb-margin-top-large:0px;--awb-spacing-right-large:16px;--awb-margin-bottom-large:20px;--awb-spacing-left-large:16px;--awb-width-medium:100%;--awb-order-medium:0;--awb-spacing-right-medium:16px;--awb-spacing-left-medium:16px;--awb-width-small:100%;--awb-order-small:0;--awb-spacing-right-small:16px;--awb-spacing-left-small:16px;\"><div class=\"fusion-column-wrapper fusion-column-has-shadow fusion-flex-justify-content-flex-start fusion-content-layout-column\"><div class=\"fusion-title title fusion-title-6 fusion-sep-none fusion-title-center fusion-title-text fusion-title-size-two\" style=\"--awb-margin-bottom:64px;--awb-margin-top-small:8px;--awb-margin-right-small:0px;--awb-margin-bottom-small:16px;--awb-margin-left-small:0px;\"><h2 class=\"fusion-title-heading title-heading-center fusion-responsive-typography-calculated\" style=\"margin:0;--fontSize:48;line-height:var(--awb-typography1-line-height);\">Programme f\u00fcr die Mittel- und Oberstufe<\/h2><\/div><\/div><\/div><div class=\"fusion-layout-column fusion_builder_column fusion-builder-column-9 fusion_builder_column_1_2 1_2 fusion-flex-column nom-borders\" style=\"--awb-bg-size:cover;--awb-width-large:50%;--awb-margin-top-large:0px;--awb-spacing-right-large:16px;--awb-margin-bottom-large:32px;--awb-spacing-left-large:16px;--awb-width-medium:50%;--awb-order-medium:0;--awb-spacing-right-medium:16px;--awb-spacing-left-medium:16px;--awb-width-small:100%;--awb-order-small:0;--awb-spacing-right-small:16px;--awb-spacing-left-small:16px;\"><div class=\"fusion-column-wrapper fusion-column-has-shadow fusion-flex-justify-content-flex-start fusion-content-layout-column\"><div class=\"fusion-title title fusion-title-7 fusion-sep-none fusion-title-text fusion-title-size-four\" style=\"--awb-margin-top-small:8px;--awb-margin-right-small:0px;--awb-margin-bottom-small:16px;--awb-margin-left-small:0px;--awb-font-size:24px;\"><h4 class=\"fusion-title-heading title-heading-left fusion-responsive-typography-calculated\" style=\"margin:0;font-size:1em;--fontSize:24;line-height:var(--awb-typography1-line-height);\">Entscheidungen treffen; damals und heute<\/h4><\/div><div class=\"fusion-text fusion-text-5\"><p>Entscheidungen treffen; damals und heute Was ziehe ich an? Welche Ausbildung m\u00f6chte ich machen? Soll ich mir einen Nebenjob suchen? Im Krieg sind die Umst\u00e4nde schwieriger, Entscheidungen, die man trifft, k\u00f6nnen lebensgef\u00e4hrlich sein. Arbeite ich f\u00fcr den Feind oder schlie\u00dfe ich mich dem Widerstand an? Unterzeichne ich die Loyalit\u00e4tserkl\u00e4rung und darf ich weiterstudieren oder tauche ich unter? Die Sch\u00fcler untersuchen in Gruppen, welche Menschen im Krieg bestimmte Entscheidungen getroffen haben und welche Folgen diese hatten. Diese Entscheidungen werden auf die Gegenwart \u00fcbertragen.        Dieses Programm wird von einem Museumsdozenten betreut.<\/p>\n<p>Sozialform \/ Methode:<br \/>\nNach einer interaktiven Einf\u00fchrung gehen die Sch\u00fcler in Kleingruppen selbstst\u00e4ndig auf Erkundungstour im Museum. Gemeinsamer Abschluss des Besuchs.<\/p>\n<p><strong>Dauer:<\/strong> ca. 1,5 Stunden<\/p>\n<p>Kernziele \/ Bildungsstandards in der Niederlande:<br \/>\nNiederl\u00e4ndisch 4 (Sprachkompetenz)<br \/>\nMensch &amp; Gesellschaft 37 und 40 (Gesellschaftslehre \/ Sozialkunde)<br \/>\nAnschluss an das Canon-Themenfenster \u201eDer Zweite Weltkrieg\u201c<\/p>\n<\/div><\/div><\/div><\/div><\/div><div class=\"fusion-fullwidth fullwidth-box fusion-builder-row-4 fusion-flex-container has-pattern-background has-mask-background nonhundred-percent-fullwidth non-hundred-percent-height-scrolling\" style=\"--awb-border-radius-top-left:0px;--awb-border-radius-top-right:0px;--awb-border-radius-bottom-right:0px;--awb-border-radius-bottom-left:0px;--awb-padding-top:0px;--awb-padding-bottom:0px;--awb-flex-wrap:wrap;\" ><div class=\"fusion-builder-row fusion-row fusion-flex-align-items-flex-start fusion-flex-justify-content-center fusion-flex-content-wrap\" style=\"max-width:1456px;margin-left: calc(-4% \/ 2 );margin-right: calc(-4% \/ 2 );\"><div class=\"fusion-layout-column fusion_builder_column fusion-builder-column-10 fusion_builder_column_1_1 1_1 fusion-flex-column fusion-flex-align-self-center\" style=\"--awb-bg-size:cover;--awb-width-large:100%;--awb-margin-top-large:0px;--awb-spacing-right-large:1.92%;--awb-margin-bottom-large:20px;--awb-spacing-left-large:1.92%;--awb-width-medium:100%;--awb-order-medium:0;--awb-spacing-right-medium:1.92%;--awb-spacing-left-medium:1.92%;--awb-width-small:100%;--awb-order-small:0;--awb-spacing-right-small:1.92%;--awb-spacing-left-small:1.92%;\"><div class=\"fusion-column-wrapper fusion-column-has-shadow fusion-flex-justify-content-flex-start fusion-content-layout-column\"><div class=\"fusion-text fusion-text-6 fusion-text-no-margin\" style=\"--awb-margin-top:0px;--awb-margin-bottom:0px;\"><p>F\u00fcr weitere Informationen und Buchungen senden Sie bitte eine E-Mail an: <a href=\"mailto:boekingen@onderduikmuseum.nl\">boekingen@onderduikmuseum.nl<\/a><\/p>\n<p>Oder reservieren Sie direkt \u00fcber das Buchungsformular:<\/p>\n<\/div><div style=\"text-align:center;\"><a class=\"fusion-button button-flat fusion-button-default-size button-custom fusion-button-default button-1 fusion-button-default-span fusion-button-default-type\" style=\"--button_accent_color:var(--awb-color8);--button_border_color:rgba(255,255,255,0);--button_accent_hover_color:var(--awb-color1);--button_border_hover_color:rgba(255,255,255,0);--button_gradient_top_color:var(--awb-color4);--button_gradient_bottom_color:var(--awb-color4);--button_gradient_top_color_hover:var(--awb-color8);--button_gradient_bottom_color_hover:var(--awb-color8);--button_margin-top:0px;--button_margin-bottom:0px;\" target=\"_self\" href=\"https:\/\/nationaalonderduikmuseum.nl\/de\/bildung\/weiterfuehrende-schulen\/buchungsformular-weiterfuehrende-schulen\/\"><span class=\"fusion-button-text awb-button__text awb-button__text--default\">Buchungsformular Sekundarstufe<\/span><\/a><\/div><\/div><\/div><\/div><\/div><\/p>\n","protected":false},"excerpt":{"rendered":"","protected":false},"author":1,"featured_media":0,"parent":2126,"menu_order":2,"comment_status":"closed","ping_status":"closed","template":"","meta":{"footnotes":""},"class_list":["post-2140","page","type-page","status-publish","hentry"],"aioseo_notices":[],"_links":{"self":[{"href":"https:\/\/nationaalonderduikmuseum.nl\/de\/wp-json\/wp\/v2\/pages\/2140","targetHints":{"allow":["GET"]}}],"collection":[{"href":"https:\/\/nationaalonderduikmuseum.nl\/de\/wp-json\/wp\/v2\/pages"}],"about":[{"href":"https:\/\/nationaalonderduikmuseum.nl\/de\/wp-json\/wp\/v2\/types\/page"}],"author":[{"embeddable":true,"href":"https:\/\/nationaalonderduikmuseum.nl\/de\/wp-json\/wp\/v2\/users\/1"}],"replies":[{"embeddable":true,"href":"https:\/\/nationaalonderduikmuseum.nl\/de\/wp-json\/wp\/v2\/comments?post=2140"}],"version-history":[{"count":23,"href":"https:\/\/nationaalonderduikmuseum.nl\/de\/wp-json\/wp\/v2\/pages\/2140\/revisions"}],"predecessor-version":[{"id":6599,"href":"https:\/\/nationaalonderduikmuseum.nl\/de\/wp-json\/wp\/v2\/pages\/2140\/revisions\/6599"}],"up":[{"embeddable":true,"href":"https:\/\/nationaalonderduikmuseum.nl\/de\/wp-json\/wp\/v2\/pages\/2126"}],"wp:attachment":[{"href":"https:\/\/nationaalonderduikmuseum.nl\/de\/wp-json\/wp\/v2\/media?parent=2140"}],"curies":[{"name":"wp","href":"https:\/\/api.w.org\/{rel}","templated":true}]}}