{"id":2136,"date":"2022-08-05T09:47:23","date_gmt":"2022-08-05T09:47:23","guid":{"rendered":"https:\/\/nationaalonderduikmuseum.nl\/schulprogramme-fuer-die-unterstufe\/"},"modified":"2026-03-31T05:32:34","modified_gmt":"2026-03-31T05:32:34","slug":"schulprogramme-fuer-die-unterstufe","status":"publish","type":"page","link":"https:\/\/nationaalonderduikmuseum.nl\/de\/bildung\/schulprogramme-fuer-die-unterstufe\/","title":{"rendered":"Grundschulen"},"content":{"rendered":"<p><div class=\"fusion-fullwidth fullwidth-box fusion-builder-row-1 fusion-flex-container has-pattern-background has-mask-background nonhundred-percent-fullwidth non-hundred-percent-height-scrolling\" style=\"--awb-border-radius-top-left:0px;--awb-border-radius-top-right:0px;--awb-border-radius-bottom-right:0px;--awb-border-radius-bottom-left:0px;--awb-padding-top:50px;--awb-padding-bottom:50px;--awb-flex-wrap:wrap;\" ><div class=\"fusion-builder-row fusion-row fusion-flex-align-items-flex-start fusion-flex-content-wrap\" style=\"max-width:1456px;margin-left: calc(-4% \/ 2 );margin-right: calc(-4% \/ 2 );\"><div class=\"fusion-layout-column fusion_builder_column fusion-builder-column-0 fusion_builder_column_1_1 1_1 fusion-flex-column\" style=\"--awb-bg-size:cover;--awb-width-large:100%;--awb-margin-top-large:0px;--awb-spacing-right-large:1.92%;--awb-margin-bottom-large:20px;--awb-spacing-left-large:1.92%;--awb-width-medium:100%;--awb-order-medium:0;--awb-spacing-right-medium:1.92%;--awb-spacing-left-medium:1.92%;--awb-width-small:100%;--awb-order-small:0;--awb-spacing-right-small:1.92%;--awb-spacing-left-small:1.92%;\"><div class=\"fusion-column-wrapper fusion-column-has-shadow fusion-flex-justify-content-flex-start fusion-content-layout-column\"><div class=\"fusion-title title fusion-title-1 fusion-sep-none fusion-title-text fusion-title-size-one\" style=\"--awb-margin-top-small:8px;--awb-margin-right-small:0px;--awb-margin-bottom-small:16px;--awb-margin-left-small:0px;\"><h1 class=\"fusion-title-heading title-heading-left fusion-responsive-typography-calculated\" style=\"margin:0;--fontSize:64;line-height:1.25;\">Grundschulen<\/h1><\/div><\/div><\/div><div class=\"fusion-layout-column fusion_builder_column fusion-builder-column-1 fusion_builder_column_1_2 1_2 fusion-flex-column\" style=\"--awb-bg-size:cover;--awb-width-large:50%;--awb-margin-top-large:0px;--awb-spacing-right-large:3.84%;--awb-margin-bottom-large:20px;--awb-spacing-left-large:3.84%;--awb-width-medium:50%;--awb-order-medium:0;--awb-spacing-right-medium:3.84%;--awb-spacing-left-medium:3.84%;--awb-width-small:100%;--awb-order-small:0;--awb-spacing-right-small:1.92%;--awb-spacing-left-small:1.92%;\"><div class=\"fusion-column-wrapper fusion-column-has-shadow fusion-flex-justify-content-flex-start fusion-content-layout-column\"><div class=\"fusion-text fusion-text-1\"><p>Komm mit deiner Klasse ins Nationaal Onderduikmuseum und erlebe Geschichte in Markt 12!<\/p>\n<p>Das Nationaal Onderduikmuseumbietet drei Bildungsprogramme f\u00fcr Grundschulen an. Die Programme f\u00fchren die Sch\u00fcler in die Themen &#8222;<a href=\"https:\/\/nationaalonderduikmuseum.nl\/de\/geschichten\/das-untertauchen-in-den-niederlanden\/\">Untertauchen<\/a>&#8222;, &#8222;Widerstand&#8220; und &#8222;Freiheit&#8220; ein.<\/p>\n<p>Alle Programme gibt es in niederl\u00e4ndischer und deutscher Sprache.<\/p>\n<p>In Absprache mit dem Lehrpersonal stellen wir ein ma\u00dfgeschneidertes Programm zusammen.<\/p>\n<\/div><\/div><\/div><div class=\"fusion-layout-column fusion_builder_column fusion-builder-column-2 fusion_builder_column_1_2 1_2 fusion-flex-column\" style=\"--awb-bg-size:cover;--awb-width-large:50%;--awb-margin-top-large:0px;--awb-spacing-right-large:3.84%;--awb-margin-bottom-large:20px;--awb-spacing-left-large:3.84%;--awb-width-medium:50%;--awb-order-medium:0;--awb-spacing-right-medium:3.84%;--awb-spacing-left-medium:3.84%;--awb-width-small:100%;--awb-order-small:0;--awb-spacing-right-small:1.92%;--awb-spacing-left-small:1.92%;\"><div class=\"fusion-column-wrapper fusion-column-has-shadow fusion-flex-justify-content-flex-start fusion-content-layout-column\"><div class=\"fusion-image-element \" style=\"--awb-caption-title-font-family:var(--h2_typography-font-family);--awb-caption-title-font-weight:var(--h2_typography-font-weight);--awb-caption-title-font-style:var(--h2_typography-font-style);--awb-caption-title-size:var(--h2_typography-font-size);--awb-caption-title-transform:var(--h2_typography-text-transform);--awb-caption-title-line-height:var(--h2_typography-line-height);--awb-caption-title-letter-spacing:var(--h2_typography-letter-spacing);\"><span class=\" fusion-imageframe imageframe-none imageframe-1 hover-type-none\"><img decoding=\"async\" width=\"600\" height=\"409\" alt=\"Propaganda in Kriegszeiten\" title=\"Propaganda in Kriegszeiten\" src=\"https:\/\/nationaalonderduikmuseum.nl\/wp-content\/uploads\/2023\/12\/posterwandLR-600x409.jpg\" class=\"img-responsive wp-image-1869\" srcset=\"https:\/\/nationaalonderduikmuseum.nl\/wp-content\/uploads\/2023\/12\/posterwandLR-200x136.jpg 200w, https:\/\/nationaalonderduikmuseum.nl\/wp-content\/uploads\/2023\/12\/posterwandLR-400x273.jpg 400w, https:\/\/nationaalonderduikmuseum.nl\/wp-content\/uploads\/2023\/12\/posterwandLR-600x409.jpg 600w, https:\/\/nationaalonderduikmuseum.nl\/wp-content\/uploads\/2023\/12\/posterwandLR.jpg 800w\" sizes=\"(max-width: 800px) 100vw, 600px\" \/><\/span><\/div><\/div><\/div><\/div><\/div><div class=\"fusion-fullwidth fullwidth-box fusion-builder-row-2 fusion-flex-container has-pattern-background has-mask-background nonhundred-percent-fullwidth non-hundred-percent-height-scrolling\" style=\"--awb-border-radius-top-left:0px;--awb-border-radius-top-right:0px;--awb-border-radius-bottom-right:0px;--awb-border-radius-bottom-left:0px;--awb-padding-top:0px;--awb-padding-bottom:0px;--awb-flex-wrap:wrap;\" ><div class=\"fusion-builder-row fusion-row fusion-flex-align-items-stretch fusion-flex-justify-content-center fusion-flex-content-wrap\" style=\"max-width:calc( 1400px + 32px );margin-left: calc(-32px \/ 2 );margin-right: calc(-32px \/ 2 );\"><div class=\"fusion-layout-column fusion_builder_column fusion-builder-column-3 fusion_builder_column_1_1 1_1 fusion-flex-column\" style=\"--awb-bg-size:cover;--awb-width-large:100%;--awb-margin-top-large:0px;--awb-spacing-right-large:16px;--awb-margin-bottom-large:20px;--awb-spacing-left-large:16px;--awb-width-medium:100%;--awb-order-medium:0;--awb-spacing-right-medium:16px;--awb-spacing-left-medium:16px;--awb-width-small:100%;--awb-order-small:0;--awb-spacing-right-small:16px;--awb-spacing-left-small:16px;\"><div class=\"fusion-column-wrapper fusion-column-has-shadow fusion-flex-justify-content-flex-start fusion-content-layout-column\"><div class=\"fusion-title title fusion-title-2 fusion-sep-none fusion-title-center fusion-title-text fusion-title-size-two\" style=\"--awb-margin-top-small:8px;--awb-margin-right-small:0px;--awb-margin-bottom-small:16px;--awb-margin-left-small:0px;\"><h2 class=\"fusion-title-heading title-heading-center fusion-responsive-typography-calculated\" style=\"margin:0;--fontSize:48;line-height:var(--awb-typography1-line-height);\">Programme<\/h2><\/div><\/div><\/div><div class=\"fusion-layout-column fusion_builder_column fusion-builder-column-4 fusion_builder_column_1_2 1_2 fusion-flex-column nom-borders\" style=\"--awb-bg-size:cover;--awb-width-large:50%;--awb-margin-top-large:0px;--awb-spacing-right-large:16px;--awb-margin-bottom-large:32px;--awb-spacing-left-large:16px;--awb-width-medium:50%;--awb-order-medium:0;--awb-spacing-right-medium:16px;--awb-spacing-left-medium:16px;--awb-width-small:100%;--awb-order-small:0;--awb-spacing-right-small:16px;--awb-spacing-left-small:16px;\"><div class=\"fusion-column-wrapper fusion-column-has-shadow fusion-flex-justify-content-flex-start fusion-content-layout-column\"><div class=\"fusion-text fusion-text-2\"><h4>Der Kleine Suche<br \/>\n(ab ca. 10 Jahren)<\/h4>\n<p>Mit Hilfe einer Schnitzeljagd erkunden die Sch\u00fcler\/innen in Kleingruppen das Museum.<\/p>\n<p>Dieses Programm wird von einem Museumsdozenten betreut.<\/p>\n<p>Sozialform \/ Methode:<br \/>\nNach einer interaktiven Einf\u00fchrung gehen die Sch\u00fcler in Kleingruppen selbstst\u00e4ndig auf Erkundungstour im Museum. Gemeinsamer Abschluss des Besuchs.<\/p>\n<p><strong>Dauer:<\/strong> ca. 1,5 Stunden<\/p>\n<p><strong>Kernziele \/ Bildungsstandards in der Niederlande:<\/strong><br \/>\nNiederl\u00e4ndisch 4 (Sprachkompetenz)<br \/>\nMensch &amp; Gesellschaft 51, 52, 53 (Gesellschaftslehre \/ Sozialkunde)<br \/>\nAnschluss an das Canon-Themenfenster \u201eDer Zweite Weltkrieg\u201c<\/p>\n<\/div><\/div><\/div><div class=\"fusion-layout-column fusion_builder_column fusion-builder-column-5 fusion_builder_column_1_2 1_2 fusion-flex-column nom-borders\" style=\"--awb-bg-size:cover;--awb-width-large:50%;--awb-margin-top-large:0px;--awb-spacing-right-large:16px;--awb-margin-bottom-large:32px;--awb-spacing-left-large:16px;--awb-width-medium:50%;--awb-order-medium:0;--awb-spacing-right-medium:16px;--awb-spacing-left-medium:16px;--awb-width-small:100%;--awb-order-small:0;--awb-spacing-right-small:16px;--awb-spacing-left-small:16px;\"><div class=\"fusion-column-wrapper fusion-column-has-shadow fusion-flex-justify-content-flex-start fusion-content-layout-column\"><div class=\"fusion-text fusion-text-3\"><h4>Der Suche<br \/>\n(ab ca. 11-12 Jahren)<\/h4>\n<p>Die Sch\u00fcler lernen die Themen des Museums mit Hilfe der Schnitzeljagd kennen.<\/p>\n<p>Dieses Programm wird von einem Museumsdozenten betreut.<\/p>\n<p>Sozialform \/ Methode:<br \/>\nNach einer interaktiven Einf\u00fchrung gehen die Sch\u00fcler in Kleingruppen selbstst\u00e4ndig auf Erkundungstour im Museum. Gemeinsamer Abschluss des Besuchs.<\/p>\n<p><strong>Dauer:<\/strong> ca. 1,5 Stunden<\/p>\n<p><strong>Kerndoelen:<\/strong><br \/>\nNederlands 4<br \/>\nOri\u00ebntatie op jezelf en de wereld 51, 52, 53<br \/>\nSluit aan op canonvenster \u2018De Tweede Wereldoorlog\u2019<\/p>\n<\/div><\/div><\/div><div class=\"fusion-layout-column fusion_builder_column fusion-builder-column-6 fusion_builder_column_1_2 1_2 fusion-flex-column nom-borders\" style=\"--awb-bg-size:cover;--awb-width-large:50%;--awb-margin-top-large:0px;--awb-spacing-right-large:16px;--awb-margin-bottom-large:20px;--awb-spacing-left-large:16px;--awb-width-medium:50%;--awb-order-medium:0;--awb-spacing-right-medium:16px;--awb-spacing-left-medium:16px;--awb-width-small:100%;--awb-order-small:0;--awb-spacing-right-small:16px;--awb-spacing-left-small:16px;\"><div class=\"fusion-column-wrapper fusion-column-has-shadow fusion-flex-justify-content-flex-start fusion-content-layout-column\"><div class=\"fusion-text fusion-text-4\"><h4>Ja?! Nein?! Vielleicht?!   (ca. 12 Jahren)<\/h4>\n<p>Anhand von Fragen werden die Sch\u00fcler mit Entscheidungen konfrontiert, die die Menschen w\u00e4hrend der Besatzungszeit treffen mussten. Hierbei wird ein Bezug zur Gegenwart hergestellt. <\/p>\n<p>Dieses Programm wird von einem Museumsdozenten betreut.<\/p>\n<p>Sozialform \/ Methode:<br \/>\nNach einer interaktiven Einf\u00fchrung gehen die Sch\u00fcler in Kleingruppen selbstst\u00e4ndig auf Erkundungstour im Museum. Gemeinsamer Abschluss des Besuchs.<\/p>\n<p><strong>Dauer:<\/strong> ca. 1,5 Stunden<\/p>\n<p><strong>Kernziele \/ Bildungsstandards in der Niederlande:<\/strong><br \/>\nNiederl\u00e4ndisch 4 (Sprachkompetenz)<br \/>\nMensch &amp; Gesellschaft 51, 52, 53 (Gesellschaftslehre \/ Sozialkunde)<br \/>\nAnschluss an das Canon-Themenfenster \u201eDer Zweite Weltkrieg\u201c<\/p>\n<p>*Nur NL<\/p>\n<\/div><\/div><\/div><\/div><\/div><div class=\"fusion-fullwidth fullwidth-box fusion-builder-row-3 fusion-flex-container has-pattern-background has-mask-background nonhundred-percent-fullwidth non-hundred-percent-height-scrolling\" style=\"--awb-border-radius-top-left:0px;--awb-border-radius-top-right:0px;--awb-border-radius-bottom-right:0px;--awb-border-radius-bottom-left:0px;--awb-padding-top:0px;--awb-padding-bottom:0px;--awb-flex-wrap:wrap;\" ><div class=\"fusion-builder-row fusion-row fusion-flex-align-items-flex-start fusion-flex-justify-content-center fusion-flex-content-wrap\" style=\"max-width:1456px;margin-left: calc(-4% \/ 2 );margin-right: calc(-4% \/ 2 );\"><div class=\"fusion-layout-column fusion_builder_column fusion-builder-column-7 fusion_builder_column_1_1 1_1 fusion-flex-column\" style=\"--awb-bg-size:cover;--awb-width-large:100%;--awb-margin-top-large:0px;--awb-spacing-right-large:1.92%;--awb-margin-bottom-large:20px;--awb-spacing-left-large:1.92%;--awb-width-medium:100%;--awb-order-medium:0;--awb-spacing-right-medium:1.92%;--awb-spacing-left-medium:1.92%;--awb-width-small:100%;--awb-order-small:0;--awb-spacing-right-small:1.92%;--awb-spacing-left-small:1.92%;\"><div class=\"fusion-column-wrapper fusion-column-has-shadow fusion-flex-justify-content-flex-start fusion-content-layout-column\"><div class=\"fusion-text fusion-text-5 fusion-text-no-margin\" style=\"--awb-content-alignment:center;--awb-margin-bottom:0px;\"><div class=\"fusion-row\">\n<section id=\"content\">\n<div id=\"post-80\" class=\"post-80 page type-page status-publish hentry\">\n<div class=\"post-content\">\n<div class=\"fusion-fullwidth fullwidth-box fusion-builder-row-1 fusion-flex-container has-pattern-background has-mask-background nonhundred-percent-fullwidth non-hundred-percent-height-scrolling\">\n<div class=\"fusion-builder-row fusion-row fusion-flex-align-items-flex-start\">\n<div class=\"fusion-layout-column fusion_builder_column fusion-builder-column-0 fusion_builder_column_1_1 1_1 fusion-flex-column\">\n<div class=\"fusion-column-wrapper fusion-column-has-shadow fusion-flex-justify-content-flex-start fusion-content-layout-column\">\n<div class=\"fusion-text fusion-text-1\">\n<p style=\"text-align: center;\">M\u00f6chten Sie weitere Informationen oder sich anmelden, senden Sie uns bitte eine E-Mail an: <a href=\"mailto:boekingen@onderduikmuseum.nl\">boekingen@onderduikmuseum.nl<\/a><\/p>\n<p style=\"text-align: center;\">Oder buchen Sie direkt \u00fcber das Buchungsformular:<\/p>\n<\/div>\n<\/div>\n<\/div>\n<\/div>\n<\/div>\n<\/div>\n<\/div>\n<\/section>\n<\/div>\n<\/div><div style=\"text-align:center;\"><a class=\"fusion-button button-flat fusion-button-default-size button-custom fusion-button-default button-1 fusion-button-default-span fusion-button-default-type\" style=\"--button_accent_color:var(--awb-color8);--button_border_color:rgba(255,255,255,0);--button_accent_hover_color:var(--awb-color1);--button_border_hover_color:rgba(255,255,255,0);--button_gradient_top_color:var(--awb-color4);--button_gradient_bottom_color:var(--awb-color4);--button_gradient_top_color_hover:var(--awb-color8);--button_gradient_bottom_color_hover:var(--awb-color8);\" target=\"_self\" href=\"https:\/\/nationaalonderduikmuseum.nl\/educatie\/primair-onderwijs\/boekingsformulier-primair-onderwijs\/\"><span class=\"fusion-button-text awb-button__text awb-button__text--default\">Buchungsformular Unterstufe<\/span><\/a><\/div><\/div><\/div><\/div><\/div><\/p>\n","protected":false},"excerpt":{"rendered":"","protected":false},"author":1,"featured_media":0,"parent":2126,"menu_order":1,"comment_status":"closed","ping_status":"closed","template":"","meta":{"footnotes":""},"class_list":["post-2136","page","type-page","status-publish","hentry"],"aioseo_notices":[],"_links":{"self":[{"href":"https:\/\/nationaalonderduikmuseum.nl\/de\/wp-json\/wp\/v2\/pages\/2136","targetHints":{"allow":["GET"]}}],"collection":[{"href":"https:\/\/nationaalonderduikmuseum.nl\/de\/wp-json\/wp\/v2\/pages"}],"about":[{"href":"https:\/\/nationaalonderduikmuseum.nl\/de\/wp-json\/wp\/v2\/types\/page"}],"author":[{"embeddable":true,"href":"https:\/\/nationaalonderduikmuseum.nl\/de\/wp-json\/wp\/v2\/users\/1"}],"replies":[{"embeddable":true,"href":"https:\/\/nationaalonderduikmuseum.nl\/de\/wp-json\/wp\/v2\/comments?post=2136"}],"version-history":[{"count":7,"href":"https:\/\/nationaalonderduikmuseum.nl\/de\/wp-json\/wp\/v2\/pages\/2136\/revisions"}],"predecessor-version":[{"id":5907,"href":"https:\/\/nationaalonderduikmuseum.nl\/de\/wp-json\/wp\/v2\/pages\/2136\/revisions\/5907"}],"up":[{"embeddable":true,"href":"https:\/\/nationaalonderduikmuseum.nl\/de\/wp-json\/wp\/v2\/pages\/2126"}],"wp:attachment":[{"href":"https:\/\/nationaalonderduikmuseum.nl\/de\/wp-json\/wp\/v2\/media?parent=2136"}],"curies":[{"name":"wp","href":"https:\/\/api.w.org\/{rel}","templated":true}]}}