{"id":2126,"date":"2023-12-04T14:27:43","date_gmt":"2023-12-04T14:27:43","guid":{"rendered":"https:\/\/nationaalonderduikmuseum.nl\/bildung\/"},"modified":"2026-04-01T19:48:38","modified_gmt":"2026-04-01T19:48:38","slug":"bildung","status":"publish","type":"page","link":"https:\/\/nationaalonderduikmuseum.nl\/de\/bildung\/","title":{"rendered":"Bildung"},"content":{"rendered":"<div class=\"fusion-fullwidth fullwidth-box fusion-builder-row-1 fusion-flex-container has-pattern-background has-mask-background nonhundred-percent-fullwidth non-hundred-percent-height-scrolling\" style=\"--awb-border-radius-top-left:0px;--awb-border-radius-top-right:0px;--awb-border-radius-bottom-right:0px;--awb-border-radius-bottom-left:0px;--awb-padding-top:50px;--awb-flex-wrap:wrap;\" ><div class=\"fusion-builder-row fusion-row fusion-flex-align-items-flex-start fusion-flex-content-wrap\" style=\"max-width:1456px;margin-left: calc(-4% \/ 2 );margin-right: calc(-4% \/ 2 );\"><div class=\"fusion-layout-column fusion_builder_column fusion-builder-column-0 fusion_builder_column_1_1 1_1 fusion-flex-column\" style=\"--awb-bg-size:cover;--awb-width-large:100%;--awb-margin-top-large:0px;--awb-spacing-right-large:1.92%;--awb-margin-bottom-large:20px;--awb-spacing-left-large:1.92%;--awb-width-medium:100%;--awb-order-medium:0;--awb-spacing-right-medium:1.92%;--awb-spacing-left-medium:1.92%;--awb-width-small:100%;--awb-order-small:0;--awb-spacing-right-small:1.92%;--awb-spacing-left-small:1.92%;\"><div class=\"fusion-column-wrapper fusion-column-has-shadow fusion-flex-justify-content-flex-start fusion-content-layout-column\"><div class=\"fusion-title title fusion-title-1 fusion-sep-none fusion-title-text fusion-title-size-one\" style=\"--awb-margin-top-small:8px;--awb-margin-right-small:0px;--awb-margin-bottom-small:16px;--awb-margin-left-small:0px;\"><h1 class=\"fusion-title-heading title-heading-left fusion-responsive-typography-calculated\" style=\"margin:0;--fontSize:64;line-height:1.25;\"><h1>Bildung<\/h1><\/h1><\/div><\/div><\/div><div class=\"fusion-layout-column fusion_builder_column fusion-builder-column-1 fusion_builder_column_2_3 2_3 fusion-flex-column\" style=\"--awb-bg-size:cover;--awb-width-large:66.666666666667%;--awb-margin-top-large:0px;--awb-spacing-right-large:2.88%;--awb-margin-bottom-large:20px;--awb-spacing-left-large:2.88%;--awb-width-medium:66.666666666667%;--awb-order-medium:0;--awb-spacing-right-medium:2.88%;--awb-spacing-left-medium:2.88%;--awb-width-small:100%;--awb-order-small:0;--awb-spacing-right-small:1.92%;--awb-spacing-left-small:1.92%;\"><div class=\"fusion-column-wrapper fusion-column-has-shadow fusion-flex-justify-content-flex-start fusion-content-layout-column\"><div class=\"fusion-text fusion-text-1\"><p>Das Nationaal Onderduikmuseum vereint verschiedene wahre Kriegsgeschichten unter einem Dach. Doch es geht um mehr: Der historische Aspekt wird auf die Gegenwart und die Zukunft \u00fcbertragen. Das Museum zeigt, dass jede Situation Menschen dazu auffordert, Entscheidungen zu treffen \u2013 unabh\u00e4ngig von ihrer Herkunft oder ihrem Glauben. Ob Niederl\u00e4nder oder Deutsche, Muslime, Christen oder Juden; in Kriegszeiten werden Bev\u00f6lkerungsgruppen ihrer Entscheidungsfreiheit beraubt. F\u00fcr andere scheinen die Entscheidungen manchmal sehr schwarz-wei\u00df zu sein, doch das Gegenteil ist der Fall. Auch heute wird unser Leben durch Entscheidungen gepr\u00e4gt, die unser Leben oder das anderer bestimmen k\u00f6nnen.     <\/p>\n<p>In unserem Bildungsprogramm arbeiten wir mit der interaktiven didaktischen Methode von Kolb. Wir stellen eine Verbindung zu den Menschenrechten her und organisieren unterst\u00fctzende Projekte und tempor\u00e4re Ausstellungen in niederl\u00e4ndischer und deutscher Sprache. Wir haben einen euroregionalen und jugendorientierten Ansatz und arbeiten, wann immer m\u00f6glich, mit anderen Institutionen auf beiden Seiten der Grenze zusammen.  <\/p>\n<p>Das Nationaal Onderduikmuseum bietet Schulen ein interessantes Lehrprogramm an, bei dem das kritische Denken der Sch\u00fcler angeregt wird. Die angebotenen Programme richten sich sowohl an <a rel=\"nofollow\" href=\"https:\/\/nationaalonderduikmuseum.nl\/de\/bildung\/schulprogramme-fuer-die-unterstufe\/\">Primarstufen<\/a>, <a rel=\"nofollow\" href=\"https:\/\/nationaalonderduikmuseum.nl\/de\/bildung\/weiterfuehrende-schulen\/\">Sekundarstufen<\/a>, <a rel=\"nofollow\" href=\"https:\/\/nationaalonderduikmuseum.nl\/de\/bildung\/hochschulausbildung\/\">Hochschulen<\/a> sowie <a rel=\"nofollow\" href=\"https:\/\/nationaalonderduikmuseum.nl\/de\/bildung\/sonderschul-und-berufsausbildung\/\">Sonder- und Praxisschulen<\/a>. Die Programme machen die Sch\u00fcler und Studenten mit den Themen <a rel=\"nofollow\" href=\"https:\/\/nationaalonderduikmuseum.nl\/de\/geschichten\/das-untertauchen-in-den-niederlanden\/\">Untertauchen<\/a>, Widerstand und Freiheit vertraut. Die meisten Programme sind auf Niederl\u00e4ndisch und Deutsch verf\u00fcgbar.   <\/p>\n<h3><\/h3>\n<\/div><\/div><\/div><div class=\"fusion-layout-column fusion_builder_column fusion-builder-column-2 fusion_builder_column_1_3 1_3 fusion-flex-column\" style=\"--awb-bg-size:cover;--awb-width-large:33.333333333333%;--awb-margin-top-large:0px;--awb-spacing-right-large:5.76%;--awb-margin-bottom-large:20px;--awb-spacing-left-large:5.76%;--awb-width-medium:33.333333333333%;--awb-order-medium:0;--awb-spacing-right-medium:5.76%;--awb-spacing-left-medium:5.76%;--awb-width-small:100%;--awb-order-small:0;--awb-spacing-right-small:1.92%;--awb-spacing-left-small:1.92%;\"><div class=\"fusion-column-wrapper fusion-column-has-shadow fusion-flex-justify-content-flex-start fusion-content-layout-column\"><div class=\"fusion-image-element \" style=\"--awb-caption-title-font-family:var(--h2_typography-font-family);--awb-caption-title-font-weight:var(--h2_typography-font-weight);--awb-caption-title-font-style:var(--h2_typography-font-style);--awb-caption-title-size:var(--h2_typography-font-size);--awb-caption-title-transform:var(--h2_typography-text-transform);--awb-caption-title-line-height:var(--h2_typography-line-height);--awb-caption-title-letter-spacing:var(--h2_typography-letter-spacing);\"><span class=\" fusion-imageframe imageframe-none imageframe-1 hover-type-none\"><img decoding=\"async\" width=\"550\" height=\"413\" alt=\"Warnsborn school op fiets\" title=\"warnsborn-mei-2011Educatie\" src=\"https:\/\/nationaalonderduikmuseum.nl\/wp-content\/uploads\/2023\/12\/warnsborn-mei-2011Educatie.jpg\" class=\"img-responsive wp-image-1820\" srcset=\"https:\/\/nationaalonderduikmuseum.nl\/wp-content\/uploads\/2023\/12\/warnsborn-mei-2011Educatie-200x150.jpg 200w, https:\/\/nationaalonderduikmuseum.nl\/wp-content\/uploads\/2023\/12\/warnsborn-mei-2011Educatie-400x300.jpg 400w, https:\/\/nationaalonderduikmuseum.nl\/wp-content\/uploads\/2023\/12\/warnsborn-mei-2011Educatie.jpg 550w\" sizes=\"(max-width: 800px) 100vw, 550px\" \/><\/span><\/div><\/div><\/div><\/div><\/div>\n","protected":false},"excerpt":{"rendered":"","protected":false},"author":1,"featured_media":0,"parent":0,"menu_order":20,"comment_status":"closed","ping_status":"closed","template":"","meta":{"footnotes":""},"class_list":["post-2126","page","type-page","status-publish","hentry"],"aioseo_notices":[],"_links":{"self":[{"href":"https:\/\/nationaalonderduikmuseum.nl\/de\/wp-json\/wp\/v2\/pages\/2126","targetHints":{"allow":["GET"]}}],"collection":[{"href":"https:\/\/nationaalonderduikmuseum.nl\/de\/wp-json\/wp\/v2\/pages"}],"about":[{"href":"https:\/\/nationaalonderduikmuseum.nl\/de\/wp-json\/wp\/v2\/types\/page"}],"author":[{"embeddable":true,"href":"https:\/\/nationaalonderduikmuseum.nl\/de\/wp-json\/wp\/v2\/users\/1"}],"replies":[{"embeddable":true,"href":"https:\/\/nationaalonderduikmuseum.nl\/de\/wp-json\/wp\/v2\/comments?post=2126"}],"version-history":[{"count":25,"href":"https:\/\/nationaalonderduikmuseum.nl\/de\/wp-json\/wp\/v2\/pages\/2126\/revisions"}],"predecessor-version":[{"id":6574,"href":"https:\/\/nationaalonderduikmuseum.nl\/de\/wp-json\/wp\/v2\/pages\/2126\/revisions\/6574"}],"wp:attachment":[{"href":"https:\/\/nationaalonderduikmuseum.nl\/de\/wp-json\/wp\/v2\/media?parent=2126"}],"curies":[{"name":"wp","href":"https:\/\/api.w.org\/{rel}","templated":true}]}}