{"id":2117,"date":"2022-06-10T09:31:53","date_gmt":"2022-06-10T09:31:53","guid":{"rendered":"https:\/\/nationaalonderduikmuseum.nl\/home\/"},"modified":"2026-04-01T19:50:21","modified_gmt":"2026-04-01T19:50:21","slug":"home","status":"publish","type":"page","link":"https:\/\/nationaalonderduikmuseum.nl\/de\/","title":{"rendered":"Startseite"},"content":{"rendered":"<p><div class=\"fusion-fullwidth fullwidth-box fusion-builder-row-1 fusion-flex-container has-pattern-background has-mask-background nonhundred-percent-fullwidth non-hundred-percent-height-scrolling\" style=\"--awb-border-radius-top-left:0px;--awb-border-radius-top-right:0px;--awb-border-radius-bottom-right:0px;--awb-border-radius-bottom-left:0px;--awb-padding-top:55px;--awb-padding-right:0px;--awb-padding-bottom:10px;--awb-margin-top:0px;--awb-margin-bottom:0px;--awb-flex-wrap:wrap;\" ><div class=\"fusion-builder-row fusion-row fusion-flex-align-items-flex-start fusion-flex-content-wrap\" style=\"max-width:1456px;margin-left: calc(-4% \/ 2 );margin-right: calc(-4% \/ 2 );\"><div class=\"fusion-layout-column fusion_builder_column fusion-builder-column-0 fusion_builder_column_1_1 1_1 fusion-flex-column\" style=\"--awb-bg-size:cover;--awb-width-large:100%;--awb-margin-top-large:0px;--awb-spacing-right-large:1.92%;--awb-margin-bottom-large:20px;--awb-spacing-left-large:1.92%;--awb-width-medium:100%;--awb-order-medium:0;--awb-spacing-right-medium:1.92%;--awb-spacing-left-medium:1.92%;--awb-width-small:100%;--awb-order-small:0;--awb-spacing-right-small:1.92%;--awb-spacing-left-small:1.92%;\"><div class=\"fusion-column-wrapper fusion-column-has-shadow fusion-flex-justify-content-flex-start fusion-content-layout-column\"><div class=\"fusion-title title fusion-title-1 fusion-sep-none fusion-title-text fusion-title-size-one\" style=\"--awb-margin-top-small:8px;--awb-margin-right-small:0px;--awb-margin-bottom-small:16px;--awb-margin-left-small:0px;\"><h1 class=\"fusion-title-heading title-heading-left fusion-responsive-typography-calculated\" style=\"margin:0;--fontSize:64;line-height:1.25;\"><h1>Nationaal Onderduikmuseum<\/h1><\/h1><\/div><div class=\"fusion-text fusion-text-1\"><p>Das Nationaal Onderduikmuseum in Aalten erz\u00e4hlt die gro\u00dfe Geschichte des <a rel=\"nofollow\" href=\"https:\/\/nationaalonderduikmuseum.nl\/de\/geschichten\/das-untertauchen-in-den-niederlanden\/\">Untertauchens<\/a> und des Widerstands w\u00e4hrend des Zweiten Weltkriegs anhand \u201ekleiner\u201c pers\u00f6nlicher Geschichten. Durch den Fokus auf diese Erz\u00e4hlungen sowie die Entscheidungen und Dilemmata gew\u00f6hnlicher B\u00fcrger in der Grenzregion entsteht das Bild einer Gemeinschaft in gew\u00f6hnlichen und ungew\u00f6hnlichen Zeiten. Die Mission des Museums lautet:  <\/p>\n<p><strong><em>\u201eMit kleinen Geschichten die gro\u00dfe Geschichte erz\u00e4hlen und diese mit der Demokratie und Rechtsstaatlichkeit von heute verbinden.\u201c<\/em><\/strong><\/p>\n<p>Das Herzst\u00fcck des Museums ist ein authentisches Geb\u00e4ude, das w\u00e4hrend der Besatzungsjahre von der Familie Kempink und ihren zwei kleinen Kindern bewohnt wurde. Die Geschichte dieses Hauses ist einzigartig: W\u00e4hrend auf dem Dachboden acht Untertaucher versteckt waren, unterhielt der deutsche <i data-path-to-node=\"7\" data-index-in-node=\"269\">Ortskommandant<\/i> aufgrund der zentralen Lage sein B\u00fcro im Vorderzimmer desselben Hauses. Der Gew\u00f6lbekeller diente bei Bombardierungen als Schutzraum f\u00fcr die gesamte Nachbarschaft.  <\/p>\n<p data-path-to-node=\"8\">Begeben Sie sich auf die Suche nach den Erz\u00e4hlungen von Menschen, die den Krieg selbst erlebt haben, und verkn\u00fcpfen Sie diese mit der Aktualit\u00e4t. Erleben Sie hier die beklemmende Realit\u00e4t des Verstecks und entdecken Sie, wie schwierig es damals war, selbst einfachste Grundbed\u00fcrfnisse wie Strom zu erzeugen. F\u00fchlen Sie mit den Evakuierten aus Scheveningen mit, die ihre Heimat an der K\u00fcste wegen des Baus des Atlantikwalls verlassen mussten.  <\/p>\n<\/div><\/div><\/div><\/div><\/div><div class=\"fusion-fullwidth fullwidth-box fusion-builder-row-2 fusion-flex-container has-pattern-background has-mask-background nonhundred-percent-fullwidth non-hundred-percent-height-scrolling\" style=\"--awb-border-radius-top-left:0px;--awb-border-radius-top-right:0px;--awb-border-radius-bottom-right:0px;--awb-border-radius-bottom-left:0px;--awb-padding-top:60px;--awb-padding-bottom:0px;--awb-margin-top:0px;--awb-margin-bottom:0px;--awb-flex-wrap:wrap;\" ><div class=\"fusion-builder-row fusion-row fusion-flex-align-items-flex-start fusion-flex-content-wrap\" style=\"max-width:1456px;margin-left: calc(-4% \/ 2 );margin-right: calc(-4% \/ 2 );\"><div class=\"fusion-layout-column fusion_builder_column fusion-builder-column-1 fusion_builder_column_1_1 1_1 fusion-flex-column\" style=\"--awb-bg-size:cover;--awb-width-large:100%;--awb-margin-top-large:0px;--awb-spacing-right-large:1.92%;--awb-margin-bottom-large:20px;--awb-spacing-left-large:1.92%;--awb-width-medium:100%;--awb-order-medium:0;--awb-spacing-right-medium:1.92%;--awb-spacing-left-medium:1.92%;--awb-width-small:100%;--awb-order-small:0;--awb-spacing-right-small:1.92%;--awb-spacing-left-small:1.92%;\"><div class=\"fusion-column-wrapper fusion-column-has-shadow fusion-flex-justify-content-flex-start fusion-content-layout-column\"><div class=\"fusion-title title fusion-title-2 fusion-sep-none fusion-title-center fusion-title-text fusion-title-size-two\" style=\"--awb-margin-top:0px;--awb-margin-bottom:80px;--awb-margin-top-small:8px;--awb-margin-right-small:0px;--awb-margin-bottom-small:16px;--awb-margin-left-small:0px;--awb-font-size:48px;\"><h2 class=\"fusion-title-heading title-heading-center fusion-responsive-typography-calculated\" style=\"margin:0;font-size:1em;--fontSize:48;line-height:var(--awb-typography1-line-height);\"><a href=\"https:\/\/nationaalonderduikmuseum.nl\/zien-en-doen\/\">Sehen und Unternehmen<\/a><\/h2><\/div><div class=\"posts-wrapper\" id=\"zien-en-doen-wrapper\"><a href=\"https:\/\/nationaalonderduikmuseum.nl\/de\/entdecken\/dutch-national-battalion\/\" class=\"single-post overlay overlay-\"><img decoding=\"async\" src=\"https:\/\/nationaalonderduikmuseum.nl\/wp-content\/uploads\/2025\/03\/F00126BannerWB.jpg\"\/><div class=\"info\"><span class=\"title\">Dutch National Battalion<\/span><span class=\"category\">Wisseltentoonstelling<\/span><\/div><\/a><a href=\"https:\/\/nationaalonderduikmuseum.nl\/de\/entdecken\/das-gebaeude-markt-12\/\" class=\"single-post overlay overlay-blauw\"><img decoding=\"async\" src=\"https:\/\/nationaalonderduikmuseum.nl\/wp-content\/uploads\/2022\/08\/Ortskommandantur.jpg\"\/><div class=\"info\"><span class=\"title\">Das Geb\u00e4ude Markt 12<\/span><span class=\"category\">Vaste tentoonstelling<\/span><\/div><\/a><a href=\"https:\/\/nationaalonderduikmuseum.nl\/de\/entdecken\/geben-sie-den-namen-ein-gesicht-rademakersbroek\/\" class=\"single-post overlay overlay-blauw\"><img decoding=\"async\" src=\"https:\/\/nationaalonderduikmuseum.nl\/wp-content\/uploads\/2022\/08\/Geef-de-namen-een-gezicht-\u2013-Rademakersbroek.jpg\"\/><div class=\"info\"><span class=\"title\">Geben Sie den Namen ein Gesicht \u2013 Rademakersbroek<\/span><span class=\"category\">Vaste tentoonstelling<\/span><\/div><\/a><a href=\"https:\/\/nationaalonderduikmuseum.nl\/de\/entdecken\/1572-und-die-macht-gertruds\/\" class=\"single-post overlay overlay-blauw\"><img decoding=\"async\" src=\"https:\/\/nationaalonderduikmuseum.nl\/wp-content\/uploads\/2022\/08\/Gertrud-von-Millendonck.jpg\"\/><div class=\"info\"><span class=\"title\">1572 und die Macht Gertruds<\/span><span class=\"category\">Vaste tentoonstelling<\/span><\/div><\/a><\/div><\/div><\/div><\/div><\/div><div class=\"fusion-fullwidth fullwidth-box fusion-builder-row-3 fusion-flex-container has-pattern-background has-mask-background nonhundred-percent-fullwidth non-hundred-percent-height-scrolling\" style=\"--awb-border-radius-top-left:0px;--awb-border-radius-top-right:0px;--awb-border-radius-bottom-right:0px;--awb-border-radius-bottom-left:0px;--awb-background-color:var(--awb-color3);--awb-flex-wrap:wrap;\" ><div class=\"fusion-builder-row fusion-row fusion-flex-align-items-center fusion-flex-content-wrap\" style=\"max-width:1456px;margin-left: calc(-4% \/ 2 );margin-right: calc(-4% \/ 2 );\"><div class=\"fusion-layout-column fusion_builder_column fusion-builder-column-2 fusion_builder_column_1_1 1_1 fusion-flex-column\" style=\"--awb-bg-size:cover;--awb-width-large:100%;--awb-margin-top-large:0px;--awb-spacing-right-large:1.92%;--awb-margin-bottom-large:20px;--awb-spacing-left-large:1.92%;--awb-width-medium:100%;--awb-order-medium:0;--awb-spacing-right-medium:1.92%;--awb-spacing-left-medium:1.92%;--awb-width-small:100%;--awb-order-small:0;--awb-spacing-right-small:1.92%;--awb-spacing-left-small:1.92%;\"><div class=\"fusion-column-wrapper fusion-column-has-shadow fusion-flex-justify-content-flex-start fusion-content-layout-column\"><div class=\"fusion-title title fusion-title-3 fusion-sep-none fusion-title-center fusion-title-text fusion-title-size-two\" style=\"--awb-margin-top-small:8px;--awb-margin-right-small:0px;--awb-margin-bottom-small:16px;--awb-margin-left-small:0px;--awb-font-size:64px;\"><h2 class=\"fusion-title-heading title-heading-center fusion-responsive-typography-calculated\" style=\"margin:0;font-size:1em;--fontSize:64;line-height:var(--awb-typography1-line-height);\"><a href=\"\/uitgelicht\/\">Hervorgehoben<\/a><\/h2><\/div><div class=\"slider-wrapper\" id=\"uitgelicht-wrapper\"><div class=\"swiper\"><div class=\"swiper-wrapper\"><div class=\"swiper-slide single-post no-select\"><a href=\"https:\/\/nationaalonderduikmuseum.nl\/de\/im-fokus\/ausstellung-mailart-donata-bis-29-bis-maerz-2026\/\"><div class=\"img-overlay\"><img decoding=\"async\" src=\"https:\/\/nationaalonderduikmuseum.nl\/wp-content\/uploads\/2026\/01\/headerMailArtKlausCordes.jpg\" class=\"image\"\/><\/div><div class=\"content\"><h4>Ausstellung MailArt Donata | bis 29. bis M\u00e4rz 2026<\/h4><p>Mit seiner Serie 'Donata' zollt der K\u00fcnstler Klaus Cordes Donata Helmrich k\u00fcnstlerisch Tribut, die w\u00e4hrend des Zweiten Weltkriegs das Leben zahlloser verfolgter Juden rettete.<\/p><span class=\"tax\">Nieuws<\/span><\/div><\/a><\/div><div class=\"swiper-slide single-post no-select\"><a href=\"https:\/\/nationaalonderduikmuseum.nl\/de\/im-fokus\/ausstellung-dutch-national-battalion-bis-31-juli-2026\/\"><div class=\"img-overlay\"><img decoding=\"async\" src=\"https:\/\/nationaalonderduikmuseum.nl\/wp-content\/uploads\/2025\/04\/FlyerDNB2025bannerFB.jpg\" class=\"image\"\/><\/div><div class=\"content\"><h4>Ausstellung Dutch National Battalion | bis 31. Juli 2026<\/h4><p><b>Niederl\u00e4ndisches Nationalbataillon<\/b><i>Eine zivile Armee r\u00fcckt mit den Kanadiern voran<\/i><\/p><span class=\"tax\">Nieuws<\/span><\/div><\/a><\/div><div class=\"swiper-slide single-post no-select\"><a href=\"https:\/\/nationaalonderduikmuseum.nl\/de\/im-fokus\/in-memoriam-joop-levy\/\"><div class=\"img-overlay\"><img decoding=\"async\" src=\"https:\/\/nationaalonderduikmuseum.nl\/wp-content\/uploads\/2025\/12\/levy-met-ouders_small.jpg\" class=\"image\"\/><\/div><div class=\"content\"><h4>In Memoriam \u2013 Joop Levy<\/h4><p>In Memoriam | Joop Levy \u2020 23.12.2025<\/p><span class=\"tax\">Nieuws<\/span><\/div><\/a><\/div><div class=\"swiper-slide single-post no-select\"><a href=\"https:\/\/nationaalonderduikmuseum.nl\/de\/im-fokus\/raboclubsupport\/\"><div class=\"img-overlay\"><img decoding=\"async\" src=\"https:\/\/nationaalonderduikmuseum.nl\/wp-content\/uploads\/2025\/10\/RaboClubSupport2025-1.jpg\" class=\"image\"\/><\/div><div class=\"content\"><h4>RaboClubSupport<\/h4><p>Eine sch\u00f6ne Summe f\u00fcr das National Hiding Museum \u00fcber RaboClubSupport<\/p><span class=\"tax\">Nieuws<\/span><\/div><\/a><\/div><div class=\"swiper-slide single-post no-select\"><a href=\"https:\/\/nationaalonderduikmuseum.nl\/de\/im-fokus\/buchpraesentation-die-46-der-rademakersbroek-24-juni-2025\/\"><div class=\"img-overlay\"><img decoding=\"async\" src=\"https:\/\/nationaalonderduikmuseum.nl\/wp-content\/uploads\/2025\/06\/IMG_5798Slider.jpg\" class=\"image\"\/><\/div><div class=\"content\"><h4>Buchpr\u00e4sentation 'Die 46 der Rademakersbroek | 24. Juni 2025<\/h4><p>Die Buchpr\u00e4sentation 'Die 46 der Rademakersbroek' gibt den Namen ein Gesicht, Autorin Kirsten Zimmerman<\/p><span class=\"tax\">Nieuws<\/span><\/div><\/a><\/div><\/div><\/div><\/div><\/div><\/div><\/div><\/div><div class=\"fusion-fullwidth fullwidth-box fusion-builder-row-4 fusion-flex-container has-pattern-background has-mask-background nonhundred-percent-fullwidth non-hundred-percent-height-scrolling\" style=\"--awb-border-radius-top-left:0px;--awb-border-radius-top-right:0px;--awb-border-radius-bottom-right:0px;--awb-border-radius-bottom-left:0px;--awb-flex-wrap:wrap;\" ><div class=\"fusion-builder-row fusion-row fusion-flex-align-items-flex-start fusion-flex-content-wrap\" style=\"max-width:1456px;margin-left: calc(-4% \/ 2 );margin-right: calc(-4% \/ 2 );\"><div class=\"fusion-layout-column fusion_builder_column fusion-builder-column-3 fusion_builder_column_1_1 1_1 fusion-flex-column\" style=\"--awb-bg-size:cover;--awb-width-large:100%;--awb-margin-top-large:0px;--awb-spacing-right-large:1.92%;--awb-margin-bottom-large:20px;--awb-spacing-left-large:1.92%;--awb-width-medium:100%;--awb-order-medium:0;--awb-spacing-right-medium:1.92%;--awb-spacing-left-medium:1.92%;--awb-width-small:100%;--awb-order-small:0;--awb-spacing-right-small:1.92%;--awb-spacing-left-small:1.92%;\"><div class=\"fusion-column-wrapper fusion-column-has-shadow fusion-flex-justify-content-flex-start fusion-content-layout-column\"><div class=\"fusion-title title fusion-title-4 fusion-sep-none fusion-title-center fusion-title-text fusion-title-size-two\" style=\"--awb-margin-bottom:80px;--awb-margin-top-small:8px;--awb-margin-right-small:0px;--awb-margin-bottom-small:16px;--awb-margin-left-small:0px;\"><h2 class=\"fusion-title-heading title-heading-center fusion-responsive-typography-calculated\" style=\"margin:0;--fontSize:48;line-height:var(--awb-typography1-line-height);\">Erfahrungen<\/h2><\/div><div class=\"posts-wrapper\" id=\"ervaringen-wrapper\"><div class=\"single-post\"><span class=\"category\">Museum<\/span><div class=\"content\"><span class=\"text\">&#8216;Danke an die Leute aus der Sammlungsverwaltung&#8217;<\/span><span class=\"subtext\">Danke, dass Sie die Auszeichnungen von Onkel Jan herausgebracht haben. Wir haben es als gut und beeindruckend erlebt. <\/span><\/div><span class=\"name\">- Dinie Luijmes<\/span><\/div><div class=\"single-post\"><span class=\"category\">Tentoonstelling<\/span><div class=\"content\"><span class=\"text\">&#8216;Die Kinder fanden das lehrreich!&#8217;<\/span><span class=\"subtext\">Wir waren hier mit 100 Sch\u00fclern. Gute Anleitung von den Freiwilligen. <\/span><\/div><span class=\"name\">- Joep Schipper<\/span><\/div><div class=\"single-post\"><span class=\"category\">Escaperoom<\/span><div class=\"content\"><span class=\"text\">&#8216;Sehr spannend, sehr zu empfehlen!&#8217;<\/span><span class=\"subtext\">Cooler Escape Room und du brauchst alle deine Sinne.<\/span><\/div><span class=\"name\">- Floris Baars<\/span><\/div><div class=\"single-post\"><span class=\"category\">Speurtocht<\/span><div class=\"content\"><span class=\"text\">&#8216;Was f\u00fcr ein gro\u00dfartiges Museum!&#8217;<\/span><span class=\"subtext\">Unsere Kinder, 11 und 13 Jahre alt, mochten besonders die Schnitzeljagd.<\/span><\/div><span class=\"name\">- Patrick Sluiter<\/span><\/div><\/div><\/div><\/div><\/div><\/div><div class=\"fusion-fullwidth fullwidth-box fusion-builder-row-5 fusion-flex-container has-pattern-background has-mask-background nonhundred-percent-fullwidth non-hundred-percent-height-scrolling support-us-container\" style=\"--link_color: #9e9e9e;--awb-border-radius-top-left:0px;--awb-border-radius-top-right:0px;--awb-border-radius-bottom-right:0px;--awb-border-radius-bottom-left:0px;--awb-margin-top:0px;--awb-background-color:var(--awb-color5);--awb-flex-wrap:wrap;\" ><div class=\"fusion-builder-row fusion-row fusion-flex-align-items-flex-start fusion-flex-justify-content-center fusion-flex-content-wrap\" style=\"max-width:1456px;margin-left: calc(-4% \/ 2 );margin-right: calc(-4% \/ 2 );\"><div class=\"fusion-layout-column fusion_builder_column fusion-builder-column-4 fusion_builder_column_4_5 4_5 fusion-flex-column\" style=\"--awb-bg-size:cover;--awb-width-large:80%;--awb-margin-top-large:0px;--awb-spacing-right-large:2.4%;--awb-margin-bottom-large:20px;--awb-spacing-left-large:2.4%;--awb-width-medium:80%;--awb-order-medium:0;--awb-spacing-right-medium:2.4%;--awb-spacing-left-medium:2.4%;--awb-width-small:100%;--awb-order-small:0;--awb-spacing-right-small:1.92%;--awb-spacing-left-small:1.92%;\"><div class=\"fusion-column-wrapper fusion-column-has-shadow fusion-flex-justify-content-flex-start fusion-content-layout-column\"><div class=\"fusion-title title fusion-title-5 fusion-sep-none fusion-title-center fusion-title-text fusion-title-size-two\" style=\"--awb-text-color:var(--awb-color1);--awb-margin-top-small:8px;--awb-margin-right-small:0px;--awb-margin-bottom-small:16px;--awb-margin-left-small:0px;\"><h2 class=\"fusion-title-heading title-heading-center fusion-responsive-typography-calculated\" style=\"margin:0;--fontSize:48;line-height:var(--awb-typography1-line-height);\">Unterst\u00fctzen Sie uns<\/h2><\/div><div class=\"fusion-text fusion-text-2 awb-text-cols fusion-text-columns-2\" style=\"--awb-text-color:var(--awb-color1);--awb-columns:2;--awb-column-spacing:2em;--awb-column-min-width:100px;\"><p style=\"text-align: center;\"><strong><img decoding=\"async\" class=\"alignnone wp-image-3556\" src=\"https:\/\/nationaalonderduikmuseum.nl\/wp-content\/uploads\/2025\/03\/QR-codeNOMA2025.jpg\" alt=\"\" width=\"158\" height=\"158\" srcset=\"https:\/\/nationaalonderduikmuseum.nl\/wp-content\/uploads\/2025\/03\/QR-codeNOMA2025-66x66.jpg 66w, https:\/\/nationaalonderduikmuseum.nl\/wp-content\/uploads\/2025\/03\/QR-codeNOMA2025-150x150.jpg 150w, https:\/\/nationaalonderduikmuseum.nl\/wp-content\/uploads\/2025\/03\/QR-codeNOMA2025-200x200.jpg 200w, https:\/\/nationaalonderduikmuseum.nl\/wp-content\/uploads\/2025\/03\/QR-codeNOMA2025-300x300.jpg 300w, https:\/\/nationaalonderduikmuseum.nl\/wp-content\/uploads\/2025\/03\/QR-codeNOMA2025.jpg 400w\" sizes=\"(max-width: 158px) 100vw, 158px\" \/><\/strong><\/p>\n<p style=\"text-align: center;\"><strong>Es gibt verschiedene M\u00f6glichkeiten, das Museum zu unterst\u00fctzen, z. B. finanziell durch eine Spende oder ein Verm\u00e4chtnis, als (gesch\u00e4ftlicher) Freund oder durch die Mitarbeit in unserem Team von ehrenamtlichen Mitarbeitern. Schauen Sie sich die Seite <a rel=\"nofollow\" href=\"https:\/\/nationaalonderduikmuseum.nl\/de\/unterstuetzen-sie-uns\/\">&#8218;Steun ons&#8216;<\/a> f\u00fcr die M\u00f6glichkeiten.<br \/>\n<\/strong><\/p>\n<\/div><\/div><\/div><\/div><\/div><\/p>\n","protected":false},"excerpt":{"rendered":"","protected":false},"author":1,"featured_media":0,"parent":0,"menu_order":0,"comment_status":"closed","ping_status":"closed","template":"100-width.php","meta":{"footnotes":""},"class_list":["post-2117","page","type-page","status-publish","hentry"],"aioseo_notices":[],"_links":{"self":[{"href":"https:\/\/nationaalonderduikmuseum.nl\/de\/wp-json\/wp\/v2\/pages\/2117","targetHints":{"allow":["GET"]}}],"collection":[{"href":"https:\/\/nationaalonderduikmuseum.nl\/de\/wp-json\/wp\/v2\/pages"}],"about":[{"href":"https:\/\/nationaalonderduikmuseum.nl\/de\/wp-json\/wp\/v2\/types\/page"}],"author":[{"embeddable":true,"href":"https:\/\/nationaalonderduikmuseum.nl\/de\/wp-json\/wp\/v2\/users\/1"}],"replies":[{"embeddable":true,"href":"https:\/\/nationaalonderduikmuseum.nl\/de\/wp-json\/wp\/v2\/comments?post=2117"}],"version-history":[{"count":27,"href":"https:\/\/nationaalonderduikmuseum.nl\/de\/wp-json\/wp\/v2\/pages\/2117\/revisions"}],"predecessor-version":[{"id":5623,"href":"https:\/\/nationaalonderduikmuseum.nl\/de\/wp-json\/wp\/v2\/pages\/2117\/revisions\/5623"}],"wp:attachment":[{"href":"https:\/\/nationaalonderduikmuseum.nl\/de\/wp-json\/wp\/v2\/media?parent=2117"}],"curies":[{"name":"wp","href":"https:\/\/api.w.org\/{rel}","templated":true}]}}